{"id":8564,"date":"2019-09-12T09:05:55","date_gmt":"2019-09-12T11:05:55","guid":{"rendered":"https:\/\/www.tiendaled.cl\/?post_type=product&#038;p=8564"},"modified":"2026-01-16T13:55:54","modified_gmt":"2026-01-16T15:55:54","slug":"lampara-colgante-bambu-6-cuerdas-de-canamo","status":"publish","type":"product","link":"https:\/\/www.tiendaled.cl\/?product=lampara-colgante-bambu-6-cuerdas-de-canamo","title":{"rendered":"L\u00e1mpara Colgante Bambu 6 Cuerdas De C\u00e1\u00f1amo"},"content":{"rendered":"<p>L\u00c1MPARA COLGANTE BAMBU CON SEIS PORTAL\u00c1MPARAS FABRICADOS EN CUERDA DE C\u00c1\u00d1AMO.<\/p>\n<p>Cada una de sus cuerdas son movibles pudiendo crear diferentes tipos de estilos con ella.<br \/>\nHaz nudos, enr\u00f3llalas por el bambu o entre ellas.<br \/>\nSe pueden colocar ampolletas de diferentes estilos, creando una l\u00e1mpara dise\u00f1ada a su gusto.<br \/>\nLampara de hermoso dise\u00f1o ideal para Iluminar tu restaurante, tienda o sal\u00f3n con un estilo entre vintage e industrial.<br \/>\nCu\u00e9lgala del techo o desde una viga para darle un toque especial a tu espacio.<\/p>\n<p>Esta l\u00e1mpara es una de las \u00faltimas tendencias en iluminaci\u00f3n, un estilo retro y original con el que sorprender\u00e1s a todos tus invitados o clientes, ya que es perfecta tanto para casas como para restaurantes. Aporta un toque diferente y exclusivo.<\/p>\n<p>AMPOLLETAS NO INCLUIDAS.<\/p>\n","protected":false},"excerpt":{"rendered":"<p>L\u00c1MPARA COLGANTE BAMBU CON SEIS PORTAL\u00c1MPARAS FABRICADOS EN CUERDA DE C\u00c1\u00d1AMO. Cada una de sus cuerdas son movibles pudiendo crear diferentes tipos de estilos con ella. Haz nudos, enr\u00f3llalas por el bambu o entre ellas. Se pueden colocar ampolletas de diferentes estilos, creando una l\u00e1mpara dise\u00f1ada a su gusto. Lampara de hermoso dise\u00f1o ideal para [&#8230;]\n","protected":false},"featured_media":15130,"comment_status":"open","ping_status":"closed","template":"","meta":{"_joinchat":[]},"product_brand":[],"product_cat":[92,93,103,111,105],"product_tag":[134,122,147,148,124],"class_list":{"0":"post-8564","1":"product","2":"type-product","3":"status-publish","4":"has-post-thumbnail","6":"product_cat-productos-led","7":"product_cat-ampolletas-led","8":"product_cat-lamparas-y-apliques","9":"product_cat-lamparas-colgantes","10":"product_cat-lamparas-vintage","11":"product_tag-ampolleta-vintage","12":"product_tag-lampara-colgante","13":"product_tag-lampara-rustica","14":"product_tag-lampara-techo","15":"product_tag-lampara-vintage","17":"first","18":"outofstock","19":"sale","20":"shipping-taxable","21":"purchasable","22":"product-type-simple"},"_links":{"self":[{"href":"https:\/\/www.tiendaled.cl\/index.php?rest_route=\/wp\/v2\/product\/8564","targetHints":{"allow":["GET"]}}],"collection":[{"href":"https:\/\/www.tiendaled.cl\/index.php?rest_route=\/wp\/v2\/product"}],"about":[{"href":"https:\/\/www.tiendaled.cl\/index.php?rest_route=\/wp\/v2\/types\/product"}],"replies":[{"embeddable":true,"href":"https:\/\/www.tiendaled.cl\/index.php?rest_route=%2Fwp%2Fv2%2Fcomments&post=8564"}],"wp:featuredmedia":[{"embeddable":true,"href":"https:\/\/www.tiendaled.cl\/index.php?rest_route=\/wp\/v2\/media\/15130"}],"wp:attachment":[{"href":"https:\/\/www.tiendaled.cl\/index.php?rest_route=%2Fwp%2Fv2%2Fmedia&parent=8564"}],"wp:term":[{"taxonomy":"product_brand","embeddable":true,"href":"https:\/\/www.tiendaled.cl\/index.php?rest_route=%2Fwp%2Fv2%2Fproduct_brand&post=8564"},{"taxonomy":"product_cat","embeddable":true,"href":"https:\/\/www.tiendaled.cl\/index.php?rest_route=%2Fwp%2Fv2%2Fproduct_cat&post=8564"},{"taxonomy":"product_tag","embeddable":true,"href":"https:\/\/www.tiendaled.cl\/index.php?rest_route=%2Fwp%2Fv2%2Fproduct_tag&post=8564"}],"curies":[{"name":"wp","href":"https:\/\/api.w.org\/{rel}","templated":true}]}}