{"id":8555,"date":"2019-09-12T08:09:07","date_gmt":"2019-09-12T10:09:07","guid":{"rendered":"https:\/\/www.tiendaled.cl\/?post_type=product&#038;p=8555"},"modified":"2024-04-12T19:43:27","modified_gmt":"2024-04-12T21:43:27","slug":"lampara-rustica-techo-diseno-guitarra-6-ampolletas","status":"publish","type":"product","link":"https:\/\/www.tiendaled.cl\/?product=lampara-rustica-techo-diseno-guitarra-6-ampolletas","title":{"rendered":"Lampara Rustica Techo Dise\u00f1o Guitarra 6 Ampolletas"},"content":{"rendered":"<p>Lampara rustica de techo dise\u00f1o de guitarra 6 ampolletas<br \/>\nFabricada de hierro y madera con hermosos grabados<\/p>\n<p>Dimensiones 106 cent\u00edmetros de di\u00e1metro , Altura 35 cm, hilo de longitud 100 cent\u00edmetros<br \/>\nCuerpo de Luz con el hierro y el madera, el dise\u00f1o con forma de guitarra<br \/>\n6 soquetes tradicionales E27, para uso de ampolleras idealmente led vintage(incluidas de regalo)<br \/>\nVoltaje est\u00e1ndar es 110 V-220 V<br \/>\n5 \u2013 10 metros cuadrados de superficie \u00fatil<br \/>\nApto para Bar, restaurante, caf\u00e9, pasillos casa, balcones, quinchos, etc<\/p>\n","protected":false},"excerpt":{"rendered":"<p>Lampara rustica de techo dise\u00f1o de guitarra 6 ampolletas Fabricada de hierro y madera con hermosos grabados Dimensiones 106 cent\u00edmetros de di\u00e1metro , Altura 35 cm, hilo de longitud 100 cent\u00edmetros Cuerpo de Luz con el hierro y el madera, el dise\u00f1o con forma de guitarra 6 soquetes tradicionales E27, para uso de ampolleras idealmente [&#8230;]\n","protected":false},"featured_media":8556,"comment_status":"open","ping_status":"closed","template":"","meta":{"_joinchat":[]},"product_brand":[],"product_cat":[103,111,105],"product_tag":[120,122,147,148],"class_list":{"0":"post-8555","1":"product","2":"type-product","3":"status-publish","4":"has-post-thumbnail","6":"product_cat-lamparas-y-apliques","7":"product_cat-lamparas-colgantes","8":"product_cat-lamparas-vintage","9":"product_tag-lampara","10":"product_tag-lampara-colgante","11":"product_tag-lampara-rustica","12":"product_tag-lampara-techo","14":"first","15":"instock","16":"shipping-taxable","17":"purchasable","18":"product-type-simple"},"_links":{"self":[{"href":"https:\/\/www.tiendaled.cl\/index.php?rest_route=\/wp\/v2\/product\/8555","targetHints":{"allow":["GET"]}}],"collection":[{"href":"https:\/\/www.tiendaled.cl\/index.php?rest_route=\/wp\/v2\/product"}],"about":[{"href":"https:\/\/www.tiendaled.cl\/index.php?rest_route=\/wp\/v2\/types\/product"}],"replies":[{"embeddable":true,"href":"https:\/\/www.tiendaled.cl\/index.php?rest_route=%2Fwp%2Fv2%2Fcomments&post=8555"}],"wp:featuredmedia":[{"embeddable":true,"href":"https:\/\/www.tiendaled.cl\/index.php?rest_route=\/wp\/v2\/media\/8556"}],"wp:attachment":[{"href":"https:\/\/www.tiendaled.cl\/index.php?rest_route=%2Fwp%2Fv2%2Fmedia&parent=8555"}],"wp:term":[{"taxonomy":"product_brand","embeddable":true,"href":"https:\/\/www.tiendaled.cl\/index.php?rest_route=%2Fwp%2Fv2%2Fproduct_brand&post=8555"},{"taxonomy":"product_cat","embeddable":true,"href":"https:\/\/www.tiendaled.cl\/index.php?rest_route=%2Fwp%2Fv2%2Fproduct_cat&post=8555"},{"taxonomy":"product_tag","embeddable":true,"href":"https:\/\/www.tiendaled.cl\/index.php?rest_route=%2Fwp%2Fv2%2Fproduct_tag&post=8555"}],"curies":[{"name":"wp","href":"https:\/\/api.w.org\/{rel}","templated":true}]}}