{"id":8440,"date":"2019-09-10T07:24:43","date_gmt":"2019-09-10T09:24:43","guid":{"rendered":"https:\/\/www.tiendaled.cl\/?post_type=product&#038;p=8440"},"modified":"2026-03-17T18:35:31","modified_gmt":"2026-03-17T20:35:31","slug":"lampara-colgante-fierro-forma-de-diamante-25cm-x-25cm","status":"publish","type":"product","link":"https:\/\/www.tiendaled.cl\/?product=lampara-colgante-fierro-forma-de-diamante-25cm-x-25cm","title":{"rendered":"L\u00e1mpara colgante fierro forma de diamante 25cm x 25cm"},"content":{"rendered":"<ul>\n<li>L\u00e1mpara de techo con cable negro textil y pantalla de hierro con acabado en negro y forma diamante.<br \/>\nUna l\u00e1mpara de estilo industrial con un dise\u00f1o muy actual, el flor\u00f3n es circular en metal color negro.<br \/>\nCon este tipo de pantalla obtendremos una iluminaci\u00f3n general ideal para cualquier lugar de la casa y a su vez conseguiremos un toque elegante y actual.<br \/>\nUtiliza Ampolleta E27, 60w m\u00e1x.<br \/>\nMedidas estructura 25 x 25 Cm<br \/>\nCable 1,2Mt<br \/>\nColor soquete Negro<br \/>\nColor estructura Negro<br \/>\nFuente de luz Entrada E27<br \/>\nMaterial Metal<br \/>\nIncluye cable textil y canope para fijar a techo<\/li>\n<\/ul>\n","protected":false},"excerpt":{"rendered":"<p>L\u00e1mpara de techo con cable negro textil y pantalla de hierro con acabado en negro y forma diamante. Una l\u00e1mpara de estilo industrial con un dise\u00f1o muy actual, el flor\u00f3n es circular en metal color negro. Con este tipo de pantalla obtendremos una iluminaci\u00f3n general ideal para cualquier lugar de la casa y a su [&#8230;]\n","protected":false},"featured_media":3065,"comment_status":"open","ping_status":"closed","template":"","meta":{"_joinchat":[]},"product_brand":[],"product_cat":[111,105],"product_tag":[],"class_list":{"0":"post-8440","1":"product","2":"type-product","3":"status-publish","4":"has-post-thumbnail","6":"product_cat-lamparas-colgantes","7":"product_cat-lamparas-vintage","9":"first","10":"instock","11":"shipping-taxable","12":"purchasable","13":"product-type-simple"},"_links":{"self":[{"href":"https:\/\/www.tiendaled.cl\/index.php?rest_route=\/wp\/v2\/product\/8440","targetHints":{"allow":["GET"]}}],"collection":[{"href":"https:\/\/www.tiendaled.cl\/index.php?rest_route=\/wp\/v2\/product"}],"about":[{"href":"https:\/\/www.tiendaled.cl\/index.php?rest_route=\/wp\/v2\/types\/product"}],"replies":[{"embeddable":true,"href":"https:\/\/www.tiendaled.cl\/index.php?rest_route=%2Fwp%2Fv2%2Fcomments&post=8440"}],"wp:featuredmedia":[{"embeddable":true,"href":"https:\/\/www.tiendaled.cl\/index.php?rest_route=\/wp\/v2\/media\/3065"}],"wp:attachment":[{"href":"https:\/\/www.tiendaled.cl\/index.php?rest_route=%2Fwp%2Fv2%2Fmedia&parent=8440"}],"wp:term":[{"taxonomy":"product_brand","embeddable":true,"href":"https:\/\/www.tiendaled.cl\/index.php?rest_route=%2Fwp%2Fv2%2Fproduct_brand&post=8440"},{"taxonomy":"product_cat","embeddable":true,"href":"https:\/\/www.tiendaled.cl\/index.php?rest_route=%2Fwp%2Fv2%2Fproduct_cat&post=8440"},{"taxonomy":"product_tag","embeddable":true,"href":"https:\/\/www.tiendaled.cl\/index.php?rest_route=%2Fwp%2Fv2%2Fproduct_tag&post=8440"}],"curies":[{"name":"wp","href":"https:\/\/api.w.org\/{rel}","templated":true}]}}