{"id":80992,"date":"2026-03-19T12:03:01","date_gmt":"2026-03-19T14:03:01","guid":{"rendered":"https:\/\/www.tiendaled.cl\/?post_type=product&#038;p=80992"},"modified":"2026-03-25T17:57:26","modified_gmt":"2026-03-25T19:57:26","slug":"lampara-vintage-industrial-con-cadena-40cm-diametro-copia","status":"publish","type":"product","link":"https:\/\/www.tiendaled.cl\/?product=lampara-vintage-industrial-con-cadena-40cm-diametro-copia","title":{"rendered":"Lampara Vintage Industrial Con Cadena 40cm Diametro (copia)"},"content":{"rendered":"<p>L\u00e1mpara vintage tipo industrial para colgar<br \/>\nFabricada en hierro colado y lacada en negro mate.<br \/>\nDispone de un cable textil con una cadena de 80cm y un flor\u00f3n de 15cm.<br \/>\nDe dise\u00f1o Vintage, esta l\u00e1mpara de mediana-gran dimensi\u00f3n es apta para ampolletas E27.<br \/>\nLas medidas de la ampolleta para que no sobresalga debe ser de 11cm de largo y 9cm de ancho.<\/p>\n<p>NO INCLUYE AMPOLLETA<\/p>\n<p>Dimensiones: 40CMX112CM<\/p>\n<p>Garant\u00eda en todo nuestros productos<\/p>\n<p>Ideal para hosteler\u00eda, tanto bares como restaurantes, hoteles y casas de campo.<br \/>\nPara decoraci\u00f3n de interiores con estilo industrial y vintage, tanto en el hogar como en locales comerciales.<\/p>\n","protected":false},"excerpt":{"rendered":"<p>L\u00e1mpara vintage tipo industrial para colgar Fabricada en hierro colado y lacada en negro mate. Dispone de un cable textil con una cadena de 80cm y un flor\u00f3n de 15cm. De dise\u00f1o Vintage, esta l\u00e1mpara de mediana-gran dimensi\u00f3n es apta para ampolletas E27. Las medidas de la ampolleta para que no sobresalga debe ser de [&#8230;]\n","protected":false},"featured_media":29941,"comment_status":"open","ping_status":"closed","template":"","meta":{"_joinchat":[]},"product_brand":[],"product_cat":[192,103,111,105],"product_tag":[120,122,207,177],"class_list":{"0":"post-80992","1":"product","2":"type-product","3":"status-publish","4":"has-post-thumbnail","6":"product_cat-lamparas-techo","7":"product_cat-lamparas-y-apliques","8":"product_cat-lamparas-colgantes","9":"product_cat-lamparas-vintage","10":"product_tag-lampara","11":"product_tag-lampara-colgante","12":"product_tag-lampara-industrial","13":"product_tag-lampara-moderna","15":"first","16":"instock","17":"shipping-taxable","18":"purchasable","19":"product-type-simple"},"_links":{"self":[{"href":"https:\/\/www.tiendaled.cl\/index.php?rest_route=\/wp\/v2\/product\/80992","targetHints":{"allow":["GET"]}}],"collection":[{"href":"https:\/\/www.tiendaled.cl\/index.php?rest_route=\/wp\/v2\/product"}],"about":[{"href":"https:\/\/www.tiendaled.cl\/index.php?rest_route=\/wp\/v2\/types\/product"}],"replies":[{"embeddable":true,"href":"https:\/\/www.tiendaled.cl\/index.php?rest_route=%2Fwp%2Fv2%2Fcomments&post=80992"}],"wp:featuredmedia":[{"embeddable":true,"href":"https:\/\/www.tiendaled.cl\/index.php?rest_route=\/wp\/v2\/media\/29941"}],"wp:attachment":[{"href":"https:\/\/www.tiendaled.cl\/index.php?rest_route=%2Fwp%2Fv2%2Fmedia&parent=80992"}],"wp:term":[{"taxonomy":"product_brand","embeddable":true,"href":"https:\/\/www.tiendaled.cl\/index.php?rest_route=%2Fwp%2Fv2%2Fproduct_brand&post=80992"},{"taxonomy":"product_cat","embeddable":true,"href":"https:\/\/www.tiendaled.cl\/index.php?rest_route=%2Fwp%2Fv2%2Fproduct_cat&post=80992"},{"taxonomy":"product_tag","embeddable":true,"href":"https:\/\/www.tiendaled.cl\/index.php?rest_route=%2Fwp%2Fv2%2Fproduct_tag&post=80992"}],"curies":[{"name":"wp","href":"https:\/\/api.w.org\/{rel}","templated":true}]}}