{"id":80652,"date":"2025-11-26T11:56:32","date_gmt":"2025-11-26T13:56:32","guid":{"rendered":"https:\/\/www.tiendaled.cl\/?post_type=product&#038;p=80652"},"modified":"2025-11-26T12:15:44","modified_gmt":"2025-11-26T14:15:44","slug":"foco-led-panel-redondo-embutido-12w-luz-calida-y-fria","status":"publish","type":"product","link":"https:\/\/www.tiendaled.cl\/?product=foco-led-panel-redondo-embutido-12w-luz-calida-y-fria","title":{"rendered":"Foco Led Panel Redondo Embutido 12w Luz Calida Y Fria"},"content":{"rendered":"<p>Foco Panel que consta de iluminaci\u00f3n por medio de LED de alta potencia y bajo consumo de energ\u00eda<br \/>\nIncluye un peque\u00f1o transformador con el cual permite conectarlo directamente a los 220 volt de la red el\u00e9ctrica de tu hogar, es ideal para cielos falsos en cocinas, dormitorios, living, ba\u00f1os y toda clase de aplicaciones en las cuales lo quieras utilizar.<br \/>\nUn excelente, delicado y elegante reemplazo de la luz de techo tradicional.<br \/>\nAlta eficiencia, f\u00e1cil instalaci\u00f3n, bajo consumo de energ\u00eda, larga vida \u00fatil, estructura compacta, hermoso aspecto.<br \/>\nIdeales para ser instalados en oficinas, locales comerciales, hospitales entre otros.<br \/>\nAdem\u00e1s de ser de f\u00e1cil instalaci\u00f3n son finos, elegantes y de alta eficiencia energ\u00e9tica creando una<br \/>\niluminaci\u00f3n m\u00e1s moderna y decorativa.<\/p>\n<p>Diametro 17cm Exterior<br \/>\nDiametro 15cm Interior<br \/>\nFlujo Luminoso 900LM<br \/>\nChip Led 2835 San an<br \/>\nT\u00b0 de Color 6500K Y 3000K<br \/>\nCertificacion CE, RoHPS<br \/>\nProteccion IP40<br \/>\nCri 70<br \/>\nMaterial Base AL<br \/>\nFuente alimentacion AC85-265V<br \/>\nVida Util 25.000 h<br \/>\nAngulo de Haz 120\u00b0<br \/>\nFactor de Potencia 0,75<br \/>\nAhorro de energ\u00eda<br \/>\nPotenc\u00eda: 12W<br \/>\nGarantia 6 Meses<\/p>\n","protected":false},"excerpt":{"rendered":"<p>Alta eficiencia, f\u00e1cil instalaci\u00f3n, bajo consumo de energ\u00eda, larga vida \u00fatil, estructura compacta, hermoso aspecto.<br \/>\nIdeales para ser instalados en oficinas, locales comerciales, hospitales entre otros.<br \/>\nAdem\u00e1s de ser de f\u00e1cil instalaci\u00f3n son finos, elegantes y de alta eficiencia energ\u00e9tica creando una<br \/>\niluminaci\u00f3n m\u00e1s moderna y decorativa<\/p>\n","protected":false},"featured_media":80653,"comment_status":"open","ping_status":"closed","template":"","meta":{"_joinchat":[]},"product_brand":[],"product_cat":[92,94,96],"product_tag":[265,502,503,504,505,506,197,508,507],"class_list":{"0":"post-80652","1":"product","2":"type-product","3":"status-publish","4":"has-post-thumbnail","6":"product_cat-productos-led","7":"product_cat-plafones-led","8":"product_cat-paneles-led","9":"product_tag-foco-led","10":"product_tag-foco-led-12w","11":"product_tag-foco-led-cuadrado","12":"product_tag-foco-led-embutido","13":"product_tag-foco-led-embutido-cuadrado","14":"product_tag-foco-panel-led-embutido","15":"product_tag-panel-led","16":"product_tag-panel-led-12w","17":"product_tag-panel-led-cuadrado","19":"first","20":"instock","21":"shipping-taxable","22":"purchasable","23":"product-type-simple"},"_links":{"self":[{"href":"https:\/\/www.tiendaled.cl\/index.php?rest_route=\/wp\/v2\/product\/80652","targetHints":{"allow":["GET"]}}],"collection":[{"href":"https:\/\/www.tiendaled.cl\/index.php?rest_route=\/wp\/v2\/product"}],"about":[{"href":"https:\/\/www.tiendaled.cl\/index.php?rest_route=\/wp\/v2\/types\/product"}],"replies":[{"embeddable":true,"href":"https:\/\/www.tiendaled.cl\/index.php?rest_route=%2Fwp%2Fv2%2Fcomments&post=80652"}],"wp:featuredmedia":[{"embeddable":true,"href":"https:\/\/www.tiendaled.cl\/index.php?rest_route=\/wp\/v2\/media\/80653"}],"wp:attachment":[{"href":"https:\/\/www.tiendaled.cl\/index.php?rest_route=%2Fwp%2Fv2%2Fmedia&parent=80652"}],"wp:term":[{"taxonomy":"product_brand","embeddable":true,"href":"https:\/\/www.tiendaled.cl\/index.php?rest_route=%2Fwp%2Fv2%2Fproduct_brand&post=80652"},{"taxonomy":"product_cat","embeddable":true,"href":"https:\/\/www.tiendaled.cl\/index.php?rest_route=%2Fwp%2Fv2%2Fproduct_cat&post=80652"},{"taxonomy":"product_tag","embeddable":true,"href":"https:\/\/www.tiendaled.cl\/index.php?rest_route=%2Fwp%2Fv2%2Fproduct_tag&post=80652"}],"curies":[{"name":"wp","href":"https:\/\/api.w.org\/{rel}","templated":true}]}}