{"id":80519,"date":"2025-10-29T14:56:14","date_gmt":"2025-10-29T16:56:14","guid":{"rendered":"https:\/\/www.tiendaled.cl\/?post_type=product&#038;p=80519"},"modified":"2026-03-24T17:41:49","modified_gmt":"2026-03-24T19:41:49","slug":"ampolleta-led-vela-filamento-4w-e27-luz-calida","status":"publish","type":"product","link":"https:\/\/www.tiendaled.cl\/?product=ampolleta-led-vela-filamento-4w-e27-luz-calida","title":{"rendered":"Ampolleta Led Vela Filamento 4w E27 Luz Calida"},"content":{"rendered":"<p>Ampolleta Led Vela Filamento 4w E27 Luz Calida<\/p>\n<p>Ampolleta LED Vela para soquetes tradicionales E27<\/p>\n<p>Idealmente Dise\u00f1ada para lamparas<\/p>\n<p>Alta potencia lum\u00ednica, ahorro de hasta el 90% en su consumo de luz.<\/p>\n<p>Novedoso dise\u00f1o con ?Filamentos LED? que emulan a los decorativas y vintage bulbos Edison con filamento de tungsteno.<\/p>\n<p>Las ampolletas Led de bajo consumo, suponen una alternativa ecol\u00f3gica de gran calidad con amplias posibilidades de decoraci\u00f3n y ahorro energ\u00e9tico.<\/p>\n<p>Iluminaci\u00f3n LED de \u00faltima generaci\u00f3n<br \/>\n&#8211; Bajo consumo<br \/>\n&#8211; Se enciende al instante<br \/>\n&#8211; M\u00e1ximo ahorro de energ\u00eda<br \/>\n&#8211; Alta eficiencia<br \/>\n&#8211; M\u00e1xima duraci\u00f3n<br \/>\n&#8211; F\u00e1cil instalaci\u00f3n<br \/>\n&#8211; Sin sustancias nocivas ni contaminantes<\/p>\n<p>Especificaciones:<br \/>\n&#8211; Voltaje: 200? 240V AC<br \/>\n&#8211; Base: E27<br \/>\n&#8211; LEDs: 4 LED de Filamento<br \/>\n&#8211; Consumo: \u00b14W<br \/>\n&#8211; Color: C\u00e1lido (Aprox. 2.800\u00baK)<br \/>\n&#8211; Luminosidad: Aprox. 360 L\u00famenes. (Eq:\u00b140W incandescente)<br \/>\n&#8211; Angulo de Luz: 360\u00b0 efectivos.<br \/>\n&#8211; Duraci\u00f3n aprox: 20.000 horas<br \/>\n&#8211; Medidas: 95\u00d735mm<\/p>\n<p>Son ideales para usar en decoraci\u00f3n, hoteles, bodegas de vinos, cavas, ambientes r\u00fasticos, solas como l\u00e1mpara , etc<\/p>\n","protected":false},"excerpt":{"rendered":"<p>Ampolleta Led Vela Filamento 4w E27 Luz Calida Ampolleta LED Vela para soquetes tradicionales E27 Idealmente Dise\u00f1ada para lamparas Alta potencia lum\u00ednica, ahorro de hasta el 90% en su consumo de luz. Novedoso dise\u00f1o con ?Filamentos LED? que emulan a los decorativas y vintage bulbos Edison con filamento de tungsteno. Las ampolletas Led de bajo [&#8230;]\n","protected":false},"featured_media":80522,"comment_status":"open","ping_status":"closed","template":"","meta":{"_joinchat":[]},"product_brand":[],"product_cat":[233,184,92,93,118],"product_tag":[690,688,689,691],"class_list":{"0":"post-80519","1":"product","2":"type-product","3":"status-publish","4":"has-post-thumbnail","6":"product_cat-ampolletas-vintage","7":"product_cat-lampara-lagrimas","8":"product_cat-productos-led","9":"product_cat-ampolletas-led","10":"product_cat-proyecto-de-iluminacion","11":"product_tag-ampolleta-led-vela-filamento-e27","12":"product_tag-ampolleta-vela","13":"product_tag-ampolleta-vela-filamento","14":"product_tag-ampolleta-vintage-tipo-vela","16":"first","17":"instock","18":"shipping-taxable","19":"purchasable","20":"product-type-simple"},"_links":{"self":[{"href":"https:\/\/www.tiendaled.cl\/index.php?rest_route=\/wp\/v2\/product\/80519","targetHints":{"allow":["GET"]}}],"collection":[{"href":"https:\/\/www.tiendaled.cl\/index.php?rest_route=\/wp\/v2\/product"}],"about":[{"href":"https:\/\/www.tiendaled.cl\/index.php?rest_route=\/wp\/v2\/types\/product"}],"replies":[{"embeddable":true,"href":"https:\/\/www.tiendaled.cl\/index.php?rest_route=%2Fwp%2Fv2%2Fcomments&post=80519"}],"wp:featuredmedia":[{"embeddable":true,"href":"https:\/\/www.tiendaled.cl\/index.php?rest_route=\/wp\/v2\/media\/80522"}],"wp:attachment":[{"href":"https:\/\/www.tiendaled.cl\/index.php?rest_route=%2Fwp%2Fv2%2Fmedia&parent=80519"}],"wp:term":[{"taxonomy":"product_brand","embeddable":true,"href":"https:\/\/www.tiendaled.cl\/index.php?rest_route=%2Fwp%2Fv2%2Fproduct_brand&post=80519"},{"taxonomy":"product_cat","embeddable":true,"href":"https:\/\/www.tiendaled.cl\/index.php?rest_route=%2Fwp%2Fv2%2Fproduct_cat&post=80519"},{"taxonomy":"product_tag","embeddable":true,"href":"https:\/\/www.tiendaled.cl\/index.php?rest_route=%2Fwp%2Fv2%2Fproduct_tag&post=80519"}],"curies":[{"name":"wp","href":"https:\/\/api.w.org\/{rel}","templated":true}]}}