{"id":80406,"date":"2025-10-05T11:46:31","date_gmt":"2025-10-05T13:46:31","guid":{"rendered":"https:\/\/www.tiendaled.cl\/?post_type=product&#038;p=80406"},"modified":"2025-10-05T11:46:32","modified_gmt":"2025-10-05T13:46:32","slug":"lampara-madera-colgante-timon-rustica-4-jaulas","status":"publish","type":"product","link":"https:\/\/www.tiendaled.cl\/?product=lampara-madera-colgante-timon-rustica-4-jaulas","title":{"rendered":"Lampara Madera Colgante Timon Rustica 4 Jaulas"},"content":{"rendered":"<p>Esta l\u00e1mpara tiene un dise\u00f1o artesanal \u00fanico<br \/>\nFabricada en madera y hierro, con Jaulas de hierro recubiertas en ca\u00f1amo<br \/>\nElegante superficie baja en carbono, antioxidante, y duradera.<br \/>\nUna l\u00e1mpara est\u00e9ticamente agradable se ve art\u00edstica y vintage.<br \/>\nAgregue un sentido de historia a cualquier lugar de su casa<\/p>\n<p>Da la bienvenida a tus invitados y a\u00f1ade iluminaci\u00f3n para decorar con una variedad de estilos (retro, vintage, industrial, moderno, n\u00f3rdico)<\/p>\n<p>Idealmente para ser instalada en comedor, cocina, sala de estar, dormitorio, iluminaci\u00f3n de hotel, restaurante, pabellones de caf\u00e9, bares, clubes, salas de exposiciones, etc.<\/p>\n<p>Material hierro forjado + cuerpo de la l\u00e1mpara de madera, pintura en aerosol de alta temperatura, cuerpo de la l\u00e1mpara de hierro forjado antioxidante y anticorrosi\u00f3n, madera pura pulida a mano es fuerte y duradera<\/p>\n<p>Iluminaci\u00f3n colgante con dise\u00f1o \u00fanico y exquisito a\u00f1ade un toque r\u00fastico y elegante a tu casa.<br \/>\nIdeal para ser utilizada con ampolletas led vintage de filamento<br \/>\nSoquete tradicional E27<\/p>\n<p>NO INCLUYE AMPOLLETAS.<\/p>\n<p>Dimensiones<br \/>\nAltura 100cm<br \/>\nDiametro55cm<\/p>\n<p>Aplicable a la habitaci\u00f3n: sala de estar, comedor, dormitorio, cocina, comedor, ba\u00f1o, pasillos, bares, caf\u00e9s, almacenes, s\u00f3tanos y otras luces interiores.<\/p>\n","protected":false},"excerpt":{"rendered":"<p>Esta l\u00e1mpara tiene un dise\u00f1o artesanal \u00fanico Fabricada en madera y hierro, con Jaulas de hierro recubiertas en ca\u00f1amo Elegante superficie baja en carbono, antioxidante, y duradera. Una l\u00e1mpara est\u00e9ticamente agradable se ve art\u00edstica y vintage. Agregue un sentido de historia a cualquier lugar de su casa Da la bienvenida a tus invitados y a\u00f1ade [&#8230;]\n","protected":false},"featured_media":80411,"comment_status":"open","ping_status":"closed","template":"","meta":{"_joinchat":[]},"product_brand":[],"product_cat":[181,192,103,111,105],"product_tag":[120,173,122,196,202,147,377],"class_list":{"0":"post-80406","1":"product","2":"type-product","3":"status-publish","4":"has-post-thumbnail","6":"product_cat-lamparas-canamo","7":"product_cat-lamparas-techo","8":"product_cat-lamparas-y-apliques","9":"product_cat-lamparas-colgantes","10":"product_cat-lamparas-vintage","11":"product_tag-lampara","12":"product_tag-lampara-canamo","13":"product_tag-lampara-colgante","14":"product_tag-lampara-jaula","15":"product_tag-lampara-madera","16":"product_tag-lampara-rustica","17":"product_tag-lampara-timon","19":"first","20":"instock","21":"shipping-taxable","22":"purchasable","23":"product-type-simple"},"_links":{"self":[{"href":"https:\/\/www.tiendaled.cl\/index.php?rest_route=\/wp\/v2\/product\/80406","targetHints":{"allow":["GET"]}}],"collection":[{"href":"https:\/\/www.tiendaled.cl\/index.php?rest_route=\/wp\/v2\/product"}],"about":[{"href":"https:\/\/www.tiendaled.cl\/index.php?rest_route=\/wp\/v2\/types\/product"}],"replies":[{"embeddable":true,"href":"https:\/\/www.tiendaled.cl\/index.php?rest_route=%2Fwp%2Fv2%2Fcomments&post=80406"}],"wp:featuredmedia":[{"embeddable":true,"href":"https:\/\/www.tiendaled.cl\/index.php?rest_route=\/wp\/v2\/media\/80411"}],"wp:attachment":[{"href":"https:\/\/www.tiendaled.cl\/index.php?rest_route=%2Fwp%2Fv2%2Fmedia&parent=80406"}],"wp:term":[{"taxonomy":"product_brand","embeddable":true,"href":"https:\/\/www.tiendaled.cl\/index.php?rest_route=%2Fwp%2Fv2%2Fproduct_brand&post=80406"},{"taxonomy":"product_cat","embeddable":true,"href":"https:\/\/www.tiendaled.cl\/index.php?rest_route=%2Fwp%2Fv2%2Fproduct_cat&post=80406"},{"taxonomy":"product_tag","embeddable":true,"href":"https:\/\/www.tiendaled.cl\/index.php?rest_route=%2Fwp%2Fv2%2Fproduct_tag&post=80406"}],"curies":[{"name":"wp","href":"https:\/\/api.w.org\/{rel}","templated":true}]}}