{"id":80392,"date":"2025-09-25T18:38:17","date_gmt":"2025-09-25T20:38:17","guid":{"rendered":"https:\/\/www.tiendaled.cl\/?post_type=product&#038;p=80392"},"modified":"2026-03-07T23:55:24","modified_gmt":"2026-03-08T01:55:24","slug":"ampolleta-filamento-carbono-decorativa-40w-e27-luz-calida","status":"publish","type":"product","link":"https:\/\/www.tiendaled.cl\/?product=ampolleta-filamento-carbono-decorativa-40w-e27-luz-calida","title":{"rendered":"Ampolleta Filamento Carbono Decorativa 40w E27 Luz Calida"},"content":{"rendered":"<p>Ampolleta Filamento de Carbono 40 watts:<\/p>\n<p>Novedosa ampolleta estilo cl\u00e1sico que cuenta con un novedoso sistema de iluminaci\u00f3n cuyo dise\u00f1o asemeja a una l\u00e1mpara lo que brindan un distintivo toque decorativo.<br \/>\nIdeal para dar un toque retro a cualquier tipo de lampara permitiendo ver el filamento de la ampolleta al estilo de las primeras bombillas.<\/p>\n<p>Caracteristicas<br \/>\nAmpolleta Vintage 40w E27 Large con filamento en carbono y cristal transparente.<br \/>\nColor de luz c\u00e1lida (2700k)<br \/>\n160 Lumenes<br \/>\nDimensiones 65mm X 135MM<\/p>\n<p>Ampolleta de origen chino.<br \/>\nLas bombillas de FILAMENTO DE CARBONO, cambian el pasado con las tendencias decorativas de hoy.<\/p>\n<p>Aptas para cualquier instalaci\u00f3n,<\/p>\n","protected":false},"excerpt":{"rendered":"<p>Ampolleta Filamento de Carbono 40 watts: Novedosa ampolleta estilo cl\u00e1sico que cuenta con un novedoso sistema de iluminaci\u00f3n cuyo dise\u00f1o asemeja a una l\u00e1mpara lo que brindan un distintivo toque decorativo. Ideal para dar un toque retro a cualquier tipo de lampara permitiendo ver el filamento de la ampolleta al estilo de las primeras bombillas. [&#8230;]\n","protected":false},"featured_media":80395,"comment_status":"open","ping_status":"closed","template":"","meta":{"_joinchat":[]},"product_brand":[],"product_cat":[233,92],"product_tag":[],"class_list":{"0":"post-80392","1":"product","2":"type-product","3":"status-publish","4":"has-post-thumbnail","6":"product_cat-ampolletas-vintage","7":"product_cat-productos-led","9":"first","10":"outofstock","11":"shipping-taxable","12":"purchasable","13":"product-type-simple"},"_links":{"self":[{"href":"https:\/\/www.tiendaled.cl\/index.php?rest_route=\/wp\/v2\/product\/80392","targetHints":{"allow":["GET"]}}],"collection":[{"href":"https:\/\/www.tiendaled.cl\/index.php?rest_route=\/wp\/v2\/product"}],"about":[{"href":"https:\/\/www.tiendaled.cl\/index.php?rest_route=\/wp\/v2\/types\/product"}],"replies":[{"embeddable":true,"href":"https:\/\/www.tiendaled.cl\/index.php?rest_route=%2Fwp%2Fv2%2Fcomments&post=80392"}],"wp:featuredmedia":[{"embeddable":true,"href":"https:\/\/www.tiendaled.cl\/index.php?rest_route=\/wp\/v2\/media\/80395"}],"wp:attachment":[{"href":"https:\/\/www.tiendaled.cl\/index.php?rest_route=%2Fwp%2Fv2%2Fmedia&parent=80392"}],"wp:term":[{"taxonomy":"product_brand","embeddable":true,"href":"https:\/\/www.tiendaled.cl\/index.php?rest_route=%2Fwp%2Fv2%2Fproduct_brand&post=80392"},{"taxonomy":"product_cat","embeddable":true,"href":"https:\/\/www.tiendaled.cl\/index.php?rest_route=%2Fwp%2Fv2%2Fproduct_cat&post=80392"},{"taxonomy":"product_tag","embeddable":true,"href":"https:\/\/www.tiendaled.cl\/index.php?rest_route=%2Fwp%2Fv2%2Fproduct_tag&post=80392"}],"curies":[{"name":"wp","href":"https:\/\/api.w.org\/{rel}","templated":true}]}}