{"id":80067,"date":"2025-04-16T19:39:39","date_gmt":"2025-04-16T21:39:39","guid":{"rendered":"https:\/\/www.tiendaled.cl\/?post_type=product&#038;p=80067"},"modified":"2026-02-18T13:52:16","modified_gmt":"2026-02-18T15:52:16","slug":"lampara-colgante-triple-esfera-cristal-ambar-estilo-nordico","status":"publish","type":"product","link":"https:\/\/www.tiendaled.cl\/?product=lampara-colgante-triple-esfera-cristal-ambar-estilo-nordico","title":{"rendered":"Lampara Colgante Triple Esfera Cristal Ambar Estilo Nordico"},"content":{"rendered":"<p>La L\u00e1mpara Colgante de 3 Esferas de cristal color ambar, colgante antigua, con tres pantalla sde cristal te dar\u00e1 una sensaci\u00f3n industrial vintage, simple, cl\u00e1sica y tradicional.<\/p>\n<p>El cristal protege bien la bombilla y maximiza su luz, su color ambar entrega un color de luz unico a esos espacios donde la instale<\/p>\n<p>Iluminaci\u00f3n colgante perfecta para su cocina, cafeter\u00eda, comedor, dormitorio, bar u oficina, entrada, patios.<\/p>\n<p>Puede aumentar el ambiente cl\u00e1sico en cualquier espacio<br \/>\nLa sombra que entrega le llevar\u00e1 de vuelta al siglo XIX y a principios del XX.<br \/>\nIncluye tulipa, cord\u00f3n negro con tapa base de metal negro.<\/p>\n","protected":false},"excerpt":{"rendered":"<p>La L\u00e1mpara Colgante de 3 Esferas de cristal color ambar, colgante antigua, con tres pantalla sde cristal te dar\u00e1 una sensaci\u00f3n industrial vintage, simple, cl\u00e1sica y tradicional.<\/p>\n","protected":false},"featured_media":80068,"comment_status":"open","ping_status":"closed","template":"","meta":{"_joinchat":[]},"product_brand":[],"product_cat":[192,103,111,105],"product_tag":[122,491,176,492,123],"class_list":{"0":"post-80067","1":"product","2":"type-product","3":"status-publish","4":"has-post-thumbnail","6":"product_cat-lamparas-techo","7":"product_cat-lamparas-y-apliques","8":"product_cat-lamparas-colgantes","9":"product_cat-lamparas-vintage","10":"product_tag-lampara-colgante","11":"product_tag-lampara-esferas","12":"product_tag-lampara-nordica","13":"product_tag-lampara-tres-esferas","14":"product_tag-lampara-triple","16":"first","17":"outofstock","18":"shipping-taxable","19":"purchasable","20":"product-type-simple"},"_links":{"self":[{"href":"https:\/\/www.tiendaled.cl\/index.php?rest_route=\/wp\/v2\/product\/80067","targetHints":{"allow":["GET"]}}],"collection":[{"href":"https:\/\/www.tiendaled.cl\/index.php?rest_route=\/wp\/v2\/product"}],"about":[{"href":"https:\/\/www.tiendaled.cl\/index.php?rest_route=\/wp\/v2\/types\/product"}],"replies":[{"embeddable":true,"href":"https:\/\/www.tiendaled.cl\/index.php?rest_route=%2Fwp%2Fv2%2Fcomments&post=80067"}],"wp:featuredmedia":[{"embeddable":true,"href":"https:\/\/www.tiendaled.cl\/index.php?rest_route=\/wp\/v2\/media\/80068"}],"wp:attachment":[{"href":"https:\/\/www.tiendaled.cl\/index.php?rest_route=%2Fwp%2Fv2%2Fmedia&parent=80067"}],"wp:term":[{"taxonomy":"product_brand","embeddable":true,"href":"https:\/\/www.tiendaled.cl\/index.php?rest_route=%2Fwp%2Fv2%2Fproduct_brand&post=80067"},{"taxonomy":"product_cat","embeddable":true,"href":"https:\/\/www.tiendaled.cl\/index.php?rest_route=%2Fwp%2Fv2%2Fproduct_cat&post=80067"},{"taxonomy":"product_tag","embeddable":true,"href":"https:\/\/www.tiendaled.cl\/index.php?rest_route=%2Fwp%2Fv2%2Fproduct_tag&post=80067"}],"curies":[{"name":"wp","href":"https:\/\/api.w.org\/{rel}","templated":true}]}}