{"id":80062,"date":"2025-04-15T10:56:04","date_gmt":"2025-04-15T12:56:04","guid":{"rendered":"https:\/\/www.tiendaled.cl\/?post_type=product&#038;p=80062"},"modified":"2026-03-23T18:53:24","modified_gmt":"2026-03-23T20:53:24","slug":"foco-dimeable-led-panel-12w-embutido-luz-fria-y-calida","status":"publish","type":"product","link":"https:\/\/www.tiendaled.cl\/?product=foco-dimeable-led-panel-12w-embutido-luz-fria-y-calida","title":{"rendered":"Foco Dimeable Led Panel 12w Embutido Luz Fria y Calida"},"content":{"rendered":"<p>Foco Panel DIMEABLE 12w Embutido Luz Fria y Calida<\/p>\n<p>SE DEBE UTILIZAR CON DIMMER PARA LUCES LED.<br \/>\nNO FUNCIONA CON DIMMER PARA LUCES TRADICIONALES<\/p>\n<p>Consta de iluminaci\u00f3n por medio de LED de alta potencia<br \/>\nBajo consumo de energ\u00eda<br \/>\nIdeal para cielos falsos en cocinas, dormitorios, living, ba\u00f1os y toda clase de aplicaciones en las cuales lo quieras utilizar.<\/p>\n<p>Dimeable, lo que permite aumentar o disminuir la intesidad de la iluminacion<\/p>\n<p>Un excelente, delicado y elegante reemplazo de la luz de techo tradicional.<br \/>\nAlta eficiencia, f\u00e1cil instalaci\u00f3n, bajo consumo de energ\u00eda, larga vida \u00fatil, estructura compacta, hermoso aspecto.<\/p>\n<p>Di\u00e1metro 17cm<br \/>\nColor 6500K y 3200K<br \/>\nAhorro de energ\u00eda<br \/>\nEspesor 13mm<br \/>\nLarga durabilidad<br \/>\nVoltage 85-265V<br \/>\nPotenc\u00eda: 12W<\/p>\n","protected":false},"excerpt":{"rendered":"<p>Foco Panel DIMEABLE 12w Embutido Luz Fria y Calida SE DEBE UTILIZAR CON DIMMER PARA LUCES LED. NO FUNCIONA CON DIMMER PARA LUCES TRADICIONALES Consta de iluminaci\u00f3n por medio de LED de alta potencia Bajo consumo de energ\u00eda Ideal para cielos falsos en cocinas, dormitorios, living, ba\u00f1os y toda clase de aplicaciones en las cuales [&#8230;]\n","protected":false},"featured_media":80063,"comment_status":"open","ping_status":"closed","template":"","meta":{"_joinchat":[]},"product_brand":[],"product_cat":[92,94,96],"product_tag":[200,168,198,197,199],"class_list":{"0":"post-80062","1":"product","2":"type-product","3":"status-publish","4":"has-post-thumbnail","6":"product_cat-productos-led","7":"product_cat-plafones-led","8":"product_cat-paneles-led","9":"product_tag-dimaeble","10":"product_tag-dimmer","11":"product_tag-panel-embutido","12":"product_tag-panel-led","13":"product_tag-panel-redondo","15":"first","16":"instock","17":"shipping-taxable","18":"purchasable","19":"product-type-simple"},"_links":{"self":[{"href":"https:\/\/www.tiendaled.cl\/index.php?rest_route=\/wp\/v2\/product\/80062","targetHints":{"allow":["GET"]}}],"collection":[{"href":"https:\/\/www.tiendaled.cl\/index.php?rest_route=\/wp\/v2\/product"}],"about":[{"href":"https:\/\/www.tiendaled.cl\/index.php?rest_route=\/wp\/v2\/types\/product"}],"replies":[{"embeddable":true,"href":"https:\/\/www.tiendaled.cl\/index.php?rest_route=%2Fwp%2Fv2%2Fcomments&post=80062"}],"wp:featuredmedia":[{"embeddable":true,"href":"https:\/\/www.tiendaled.cl\/index.php?rest_route=\/wp\/v2\/media\/80063"}],"wp:attachment":[{"href":"https:\/\/www.tiendaled.cl\/index.php?rest_route=%2Fwp%2Fv2%2Fmedia&parent=80062"}],"wp:term":[{"taxonomy":"product_brand","embeddable":true,"href":"https:\/\/www.tiendaled.cl\/index.php?rest_route=%2Fwp%2Fv2%2Fproduct_brand&post=80062"},{"taxonomy":"product_cat","embeddable":true,"href":"https:\/\/www.tiendaled.cl\/index.php?rest_route=%2Fwp%2Fv2%2Fproduct_cat&post=80062"},{"taxonomy":"product_tag","embeddable":true,"href":"https:\/\/www.tiendaled.cl\/index.php?rest_route=%2Fwp%2Fv2%2Fproduct_tag&post=80062"}],"curies":[{"name":"wp","href":"https:\/\/api.w.org\/{rel}","templated":true}]}}