{"id":80050,"date":"2025-04-09T14:47:49","date_gmt":"2025-04-09T16:47:49","guid":{"rendered":"https:\/\/www.tiendaled.cl\/?post_type=product&#038;p=80050"},"modified":"2025-09-01T15:39:03","modified_gmt":"2025-09-01T17:39:03","slug":"aplique-muro-doble-foco-gu10-exterior-ip65","status":"publish","type":"product","link":"https:\/\/www.tiendaled.cl\/?product=aplique-muro-doble-foco-gu10-exterior-ip65","title":{"rendered":"Aplique Muro Doble Foco Gu10 Exterior Ip65"},"content":{"rendered":"<p>Aplique l\u00e1mpara Moderna para exterior<br \/>\nPara Instalaci\u00f3n A Pared dotada de Doble portal\u00e1mparas con soquete GU10<br \/>\nPara Ampolletas Dicroicas<br \/>\nGrado de protecci\u00f3n: IP65<br \/>\nEstructura de Aluminio<br \/>\nAlimentaci\u00f3n: 220 \u2013 240volt<br \/>\nSoporta 2 ampolletas 2 X 50w Max (ampolletas No incluidas)<br \/>\nDisponible en Negro<br \/>\nTama\u00f1o: altura 16 cm diametro 6,5cm<\/p>\n","protected":false},"excerpt":{"rendered":"<p>Aplique l\u00e1mpara Moderna para exterior Para Instalaci\u00f3n A Pared dotada de Doble portal\u00e1mparas con soquete GU10 Para Ampolletas Dicroicas Grado de protecci\u00f3n: IP65 Estructura de Aluminio Alimentaci\u00f3n: 220 \u2013 240volt Soporta 2 ampolletas 2 X 50w Max (ampolletas No incluidas) Disponible en Negro Tama\u00f1o: altura 16 cm diametro 6,5cm<\/p>\n","protected":false},"featured_media":80053,"comment_status":"open","ping_status":"closed","template":"","meta":{"_joinchat":[]},"product_brand":[],"product_cat":[103,106,108],"product_tag":[131,364,263,363,490,314],"class_list":{"0":"post-80050","1":"product","2":"type-product","3":"status-publish","4":"has-post-thumbnail","6":"product_cat-lamparas-y-apliques","7":"product_cat-apliques","8":"product_cat-lamparas-de-muro","9":"product_tag-aplique","10":"product_tag-aplique-exterior","11":"product_tag-aplique-gu10","12":"product_tag-aplique-pared","13":"product_tag-apliqye-bidireccional","14":"product_tag-lampara-pared","16":"first","17":"instock","18":"shipping-taxable","19":"purchasable","20":"product-type-simple"},"_links":{"self":[{"href":"https:\/\/www.tiendaled.cl\/index.php?rest_route=\/wp\/v2\/product\/80050","targetHints":{"allow":["GET"]}}],"collection":[{"href":"https:\/\/www.tiendaled.cl\/index.php?rest_route=\/wp\/v2\/product"}],"about":[{"href":"https:\/\/www.tiendaled.cl\/index.php?rest_route=\/wp\/v2\/types\/product"}],"replies":[{"embeddable":true,"href":"https:\/\/www.tiendaled.cl\/index.php?rest_route=%2Fwp%2Fv2%2Fcomments&post=80050"}],"wp:featuredmedia":[{"embeddable":true,"href":"https:\/\/www.tiendaled.cl\/index.php?rest_route=\/wp\/v2\/media\/80053"}],"wp:attachment":[{"href":"https:\/\/www.tiendaled.cl\/index.php?rest_route=%2Fwp%2Fv2%2Fmedia&parent=80050"}],"wp:term":[{"taxonomy":"product_brand","embeddable":true,"href":"https:\/\/www.tiendaled.cl\/index.php?rest_route=%2Fwp%2Fv2%2Fproduct_brand&post=80050"},{"taxonomy":"product_cat","embeddable":true,"href":"https:\/\/www.tiendaled.cl\/index.php?rest_route=%2Fwp%2Fv2%2Fproduct_cat&post=80050"},{"taxonomy":"product_tag","embeddable":true,"href":"https:\/\/www.tiendaled.cl\/index.php?rest_route=%2Fwp%2Fv2%2Fproduct_tag&post=80050"}],"curies":[{"name":"wp","href":"https:\/\/api.w.org\/{rel}","templated":true}]}}