{"id":79958,"date":"2025-02-12T01:51:09","date_gmt":"2025-02-12T03:51:09","guid":{"rendered":"https:\/\/www.tiendaled.cl\/?post_type=product&#038;p=79958"},"modified":"2026-01-16T21:39:33","modified_gmt":"2026-01-16T23:39:33","slug":"ampolleta-led-vintage-6w-dimeable-luz-calida-2700k","status":"publish","type":"product","link":"https:\/\/www.tiendaled.cl\/?product=ampolleta-led-vintage-6w-dimeable-luz-calida-2700k","title":{"rendered":"Ampolleta Led Vintage 6w Dimeable Luz Calida 2700k\u00b0"},"content":{"rendered":"<p>Ampolleta LED Filamento Vintage Dimeable 6W E27<br \/>\nEstas Ampolletas Vintage de Filamento Dimmable de 6W de potencia recrean un ambiente aut\u00e9ntico y acogedor que nos transportan a \u00e9pocas pasadas, su estilo en forma de pera. crea ambientes c\u00e1lidos con estilo retro tanto en negocios como en salones, restaurantes.<\/p>\n<p>Ampolleta LED que proporciona un gran ahorro energ\u00e9tico al sustituirla por una bombilla hal\u00f3gena tradicional, ya que con un consumo de 6W obtenemos un flujo luminoso de 560 l\u00famenes , consiguiendo de esta forma un ahorro del 80% en nuestra cuentade la luz.<br \/>\nAl ser dimeable, podr\u00e1s ajustar la intensidad de la luz mediante un regulador\/atenuador (dimmer).<\/p>\n","protected":false},"excerpt":{"rendered":"<p>Ampolleta LED Filamento Vintage Dimeable 6W E27<br \/>\nEstas Ampolletas Vintage de Filamento Dimmable de 6W de potencia recrean un ambiente aut\u00e9ntico y acogedor que nos transportan a \u00e9pocas pasadas, su estilo en forma de pera. crea ambientes c\u00e1lidos con estilo retro tanto en negocios como en salones, restaurantes.<\/p>\n","protected":false},"featured_media":79960,"comment_status":"open","ping_status":"closed","template":"","meta":{"_joinchat":[]},"product_brand":[],"product_cat":[233,92,93],"product_tag":[187,312,486,134,485,484],"class_list":{"0":"post-79958","1":"product","2":"type-product","3":"status-publish","4":"has-post-thumbnail","6":"product_cat-ampolletas-vintage","7":"product_cat-productos-led","8":"product_cat-ampolletas-led","9":"product_tag-ampolleta-dimeable","10":"product_tag-ampolleta-filamento","11":"product_tag-ampolleta-filamentos-dimeable","12":"product_tag-ampolleta-vintage","13":"product_tag-ampolleta-vintage-dimeable","14":"product_tag-led-vintage-led-dimeable","16":"first","17":"instock","18":"shipping-taxable","19":"purchasable","20":"product-type-simple"},"_links":{"self":[{"href":"https:\/\/www.tiendaled.cl\/index.php?rest_route=\/wp\/v2\/product\/79958","targetHints":{"allow":["GET"]}}],"collection":[{"href":"https:\/\/www.tiendaled.cl\/index.php?rest_route=\/wp\/v2\/product"}],"about":[{"href":"https:\/\/www.tiendaled.cl\/index.php?rest_route=\/wp\/v2\/types\/product"}],"replies":[{"embeddable":true,"href":"https:\/\/www.tiendaled.cl\/index.php?rest_route=%2Fwp%2Fv2%2Fcomments&post=79958"}],"wp:featuredmedia":[{"embeddable":true,"href":"https:\/\/www.tiendaled.cl\/index.php?rest_route=\/wp\/v2\/media\/79960"}],"wp:attachment":[{"href":"https:\/\/www.tiendaled.cl\/index.php?rest_route=%2Fwp%2Fv2%2Fmedia&parent=79958"}],"wp:term":[{"taxonomy":"product_brand","embeddable":true,"href":"https:\/\/www.tiendaled.cl\/index.php?rest_route=%2Fwp%2Fv2%2Fproduct_brand&post=79958"},{"taxonomy":"product_cat","embeddable":true,"href":"https:\/\/www.tiendaled.cl\/index.php?rest_route=%2Fwp%2Fv2%2Fproduct_cat&post=79958"},{"taxonomy":"product_tag","embeddable":true,"href":"https:\/\/www.tiendaled.cl\/index.php?rest_route=%2Fwp%2Fv2%2Fproduct_tag&post=79958"}],"curies":[{"name":"wp","href":"https:\/\/api.w.org\/{rel}","templated":true}]}}