{"id":79873,"date":"2025-01-06T22:11:19","date_gmt":"2025-01-07T00:11:19","guid":{"rendered":"https:\/\/www.tiendaled.cl\/?post_type=product&#038;p=79873"},"modified":"2025-01-06T22:11:19","modified_gmt":"2025-01-07T00:11:19","slug":"lampara-colgante-rustica-sombrero-de-paja-y-canamo-e27","status":"publish","type":"product","link":"https:\/\/www.tiendaled.cl\/?product=lampara-colgante-rustica-sombrero-de-paja-y-canamo-e27","title":{"rendered":"Lampara Colgante Rustica Sombrero De Paja y Ca\u00f1amo E27"},"content":{"rendered":"<p>L\u00e1mpara colgante con un dise\u00f1o r\u00fastico.<br \/>\nDise\u00f1o de sombrero de paja , fabricada en bambu tejido y Ca\u00f1amo<br \/>\nEl soporte principal est\u00e1 hecho de una cuerda gruesa que forma un nudo decorativo, y la pantalla tiene un estilo tejido similar a un sombrero o cesta de fibras naturales.<br \/>\nLa ampolleta queda expuesta bajo la lampara, lo que le da un aspecto artesanal y bohemio, ideal para ambientes c\u00e1lidos y acogedores.<br \/>\nDiametro de 40cm<br \/>\nAltura de 20cm<br \/>\nCordon Ca\u00f1amo de 1m<\/p>\n","protected":false},"excerpt":{"rendered":"<p>L\u00e1mpara colgante con un dise\u00f1o r\u00fastico.<br \/>\nDise\u00f1o de sombrero de paja , fabricada en bambu tejido y Ca\u00f1amo<br \/>\nEl soporte principal est\u00e1 hecho de una cuerda gruesa que forma un nudo decorativo, y la pantalla tiene un estilo tejido similar a un sombrero o cesta de fibras naturales.<\/p>\n","protected":false},"featured_media":79874,"comment_status":"open","ping_status":"closed","template":"","meta":{"_joinchat":[]},"product_brand":[],"product_cat":[181,103,111],"product_tag":[],"class_list":{"0":"post-79873","1":"product","2":"type-product","3":"status-publish","4":"has-post-thumbnail","6":"product_cat-lamparas-canamo","7":"product_cat-lamparas-y-apliques","8":"product_cat-lamparas-colgantes","10":"first","11":"instock","12":"shipping-taxable","13":"purchasable","14":"product-type-simple"},"_links":{"self":[{"href":"https:\/\/www.tiendaled.cl\/index.php?rest_route=\/wp\/v2\/product\/79873","targetHints":{"allow":["GET"]}}],"collection":[{"href":"https:\/\/www.tiendaled.cl\/index.php?rest_route=\/wp\/v2\/product"}],"about":[{"href":"https:\/\/www.tiendaled.cl\/index.php?rest_route=\/wp\/v2\/types\/product"}],"replies":[{"embeddable":true,"href":"https:\/\/www.tiendaled.cl\/index.php?rest_route=%2Fwp%2Fv2%2Fcomments&post=79873"}],"wp:featuredmedia":[{"embeddable":true,"href":"https:\/\/www.tiendaled.cl\/index.php?rest_route=\/wp\/v2\/media\/79874"}],"wp:attachment":[{"href":"https:\/\/www.tiendaled.cl\/index.php?rest_route=%2Fwp%2Fv2%2Fmedia&parent=79873"}],"wp:term":[{"taxonomy":"product_brand","embeddable":true,"href":"https:\/\/www.tiendaled.cl\/index.php?rest_route=%2Fwp%2Fv2%2Fproduct_brand&post=79873"},{"taxonomy":"product_cat","embeddable":true,"href":"https:\/\/www.tiendaled.cl\/index.php?rest_route=%2Fwp%2Fv2%2Fproduct_cat&post=79873"},{"taxonomy":"product_tag","embeddable":true,"href":"https:\/\/www.tiendaled.cl\/index.php?rest_route=%2Fwp%2Fv2%2Fproduct_tag&post=79873"}],"curies":[{"name":"wp","href":"https:\/\/api.w.org\/{rel}","templated":true}]}}