{"id":79872,"date":"2025-01-06T23:29:16","date_gmt":"2025-01-07T01:29:16","guid":{"rendered":"https:\/\/www.tiendaled.cl\/?post_type=product&#038;p=79872"},"modified":"2025-01-06T23:29:16","modified_gmt":"2025-01-07T01:29:16","slug":"lampara-led-candelabro-60w-3-niveles-luz-fria-y-calida","status":"publish","type":"product","link":"https:\/\/www.tiendaled.cl\/?product=lampara-led-candelabro-60w-3-niveles-luz-fria-y-calida","title":{"rendered":"Lampara Led Candelabro 60w 3 Niveles Luz Fria Y Calida"},"content":{"rendered":"<p>Hermosa Lampara Candelabro de 3 niveles, con led incorporados<br \/>\nEstilo Contempor\u00e1neo\/Moderno. Las l\u00edneas limpias y las formas geom\u00e9tricas de las piezas de cristal sugieren una est\u00e9tica contempor\u00e1nea.<\/p>\n<p>Fabricada en prismas de vidrio y un marco de metal de color dorado.<br \/>\nPresenta m\u00faltiples capas de rect\u00e1ngulos, 3 niveles en total proporcionando iluminaci\u00f3n general a una habitaci\u00f3n, creando una luz suave y difusa.<br \/>\nLos prismas de vidrio ayudan a refractar y dispersar la luz, creando un efecto brillante.<\/p>\n<p>Este modelo de lampara a menudo sirven como punto focal en una habitaci\u00f3n.<br \/>\nSu elegante dise\u00f1o puede mejorar la decoraci\u00f3n y el estilo general de un espacio.<br \/>\nEs una pieza declarativa unica y exclusiva<\/p>\n<p>Idealmente adecuada para comedores, salas de estar, entradas u otras \u00e1reas donde se desee un ambiente m\u00e1s formal o lujoso.<br \/>\nEl tama\u00f1o y el estilo tambi\u00e9n ser\u00edan un factor a la hora de elegir d\u00f3nde colocarla en una habitaci\u00f3n.<\/p>\n<p>Incorpora luces led de 60W pottencia, no requiere ampolletas, permitiendo que usted pueda elegir segun la ocacion luz calida , luz neutra o luz fria<br \/>\nSu dimensiones son de 30cm de diametro<br \/>\nUn alto de 40cm<br \/>\nY su cadena mide 50cm<br \/>\nPuede ser instalada de manera colgante o pegada al techo<\/p>\n","protected":false},"excerpt":{"rendered":"<p>Fabricada en prismas de vidrio y un marco de metal de color dorado.<br \/>\nPresenta m\u00faltiples capas de rect\u00e1ngulos, 3 niveles en total proporcionando iluminaci\u00f3n general a una habitaci\u00f3n, creando una luz suave y difusa.<br \/>\nLos prismas de vidrio ayudan a refractar y dispersar la luz, creando un efecto brillante.<\/p>\n","protected":false},"featured_media":79884,"comment_status":"open","ping_status":"closed","template":"","meta":{"_joinchat":[]},"product_brand":[],"product_cat":[184,192,103,111],"product_tag":[481,172,360,160],"class_list":{"0":"post-79872","1":"product","2":"type-product","3":"status-publish","4":"has-post-thumbnail","6":"product_cat-lampara-lagrimas","7":"product_cat-lamparas-techo","8":"product_cat-lamparas-y-apliques","9":"product_cat-lamparas-colgantes","10":"product_tag-candelabro-de-cristal","11":"product_tag-lampara-candelabro","12":"product_tag-lampara-cristales","13":"product_tag-lampara-lagrima","15":"first","16":"instock","17":"shipping-taxable","18":"purchasable","19":"product-type-simple"},"_links":{"self":[{"href":"https:\/\/www.tiendaled.cl\/index.php?rest_route=\/wp\/v2\/product\/79872","targetHints":{"allow":["GET"]}}],"collection":[{"href":"https:\/\/www.tiendaled.cl\/index.php?rest_route=\/wp\/v2\/product"}],"about":[{"href":"https:\/\/www.tiendaled.cl\/index.php?rest_route=\/wp\/v2\/types\/product"}],"replies":[{"embeddable":true,"href":"https:\/\/www.tiendaled.cl\/index.php?rest_route=%2Fwp%2Fv2%2Fcomments&post=79872"}],"wp:featuredmedia":[{"embeddable":true,"href":"https:\/\/www.tiendaled.cl\/index.php?rest_route=\/wp\/v2\/media\/79884"}],"wp:attachment":[{"href":"https:\/\/www.tiendaled.cl\/index.php?rest_route=%2Fwp%2Fv2%2Fmedia&parent=79872"}],"wp:term":[{"taxonomy":"product_brand","embeddable":true,"href":"https:\/\/www.tiendaled.cl\/index.php?rest_route=%2Fwp%2Fv2%2Fproduct_brand&post=79872"},{"taxonomy":"product_cat","embeddable":true,"href":"https:\/\/www.tiendaled.cl\/index.php?rest_route=%2Fwp%2Fv2%2Fproduct_cat&post=79872"},{"taxonomy":"product_tag","embeddable":true,"href":"https:\/\/www.tiendaled.cl\/index.php?rest_route=%2Fwp%2Fv2%2Fproduct_tag&post=79872"}],"curies":[{"name":"wp","href":"https:\/\/api.w.org\/{rel}","templated":true}]}}