{"id":79790,"date":"2024-11-21T17:00:00","date_gmt":"2024-11-21T19:00:00","guid":{"rendered":"https:\/\/www.tiendaled.cl\/?post_type=product&#038;p=79790"},"modified":"2024-11-21T19:53:43","modified_gmt":"2024-11-21T21:53:43","slug":"proyector-laser-navidad-para-exterior-6-figuras-decorativas","status":"publish","type":"product","link":"https:\/\/www.tiendaled.cl\/?product=proyector-laser-navidad-para-exterior-6-figuras-decorativas","title":{"rendered":"Proyector Laser Navidad Para Exterior 6 Figuras Decorativas"},"content":{"rendered":"<p>Proyector Laser Decorativo Navidad 6 en 1 IP65 RGB<br \/>\nPara Exterior<br \/>\nResistente al agua<br \/>\nCapacidad de proyectar luces en un \u00e1rea de 10 x 10 metros.<br \/>\nEste proyector l\u00e1ser cuenta con la tecnolog\u00eda RGB<br \/>\nDise\u00f1ado para resistir condiciones clim\u00e1ticas adversas gracias a su protecci\u00f3n IP65. Perfecto para crear un ambiente festivo y m\u00e1gico durante la temporada festiva.<br \/>\nRefleja 6 figuras de variados colores.<\/p>\n<p>Laser Clase 3R<\/p>\n","protected":false},"excerpt":{"rendered":"<p>Proyector Laser Decorativo Navidad 6 en 1 IP65 RGB Para Exterior Resistente al agua Capacidad de proyectar luces en un \u00e1rea de 10 x 10 metros. Este proyector l\u00e1ser cuenta con la tecnolog\u00eda RGB Dise\u00f1ado para resistir condiciones clim\u00e1ticas adversas gracias a su protecci\u00f3n IP65. Perfecto para crear un ambiente festivo y m\u00e1gico durante la [&#8230;]\n","protected":false},"featured_media":79799,"comment_status":"open","ping_status":"closed","template":"","meta":{"_joinchat":[]},"product_brand":[],"product_cat":[92,98,101,117],"product_tag":[477,475,474,476],"class_list":{"0":"post-79790","1":"product","2":"type-product","3":"status-publish","4":"has-post-thumbnail","6":"product_cat-productos-led","7":"product_cat-proyectores-led","8":"product_cat-luminaria-led","9":"product_cat-accesorios","10":"product_tag-deconavidad","11":"product_tag-luces-navidad","12":"product_tag-luz-navidad","13":"product_tag-proyector-navidad","15":"first","16":"instock","17":"shipping-taxable","18":"purchasable","19":"product-type-simple"},"_links":{"self":[{"href":"https:\/\/www.tiendaled.cl\/index.php?rest_route=\/wp\/v2\/product\/79790","targetHints":{"allow":["GET"]}}],"collection":[{"href":"https:\/\/www.tiendaled.cl\/index.php?rest_route=\/wp\/v2\/product"}],"about":[{"href":"https:\/\/www.tiendaled.cl\/index.php?rest_route=\/wp\/v2\/types\/product"}],"replies":[{"embeddable":true,"href":"https:\/\/www.tiendaled.cl\/index.php?rest_route=%2Fwp%2Fv2%2Fcomments&post=79790"}],"wp:featuredmedia":[{"embeddable":true,"href":"https:\/\/www.tiendaled.cl\/index.php?rest_route=\/wp\/v2\/media\/79799"}],"wp:attachment":[{"href":"https:\/\/www.tiendaled.cl\/index.php?rest_route=%2Fwp%2Fv2%2Fmedia&parent=79790"}],"wp:term":[{"taxonomy":"product_brand","embeddable":true,"href":"https:\/\/www.tiendaled.cl\/index.php?rest_route=%2Fwp%2Fv2%2Fproduct_brand&post=79790"},{"taxonomy":"product_cat","embeddable":true,"href":"https:\/\/www.tiendaled.cl\/index.php?rest_route=%2Fwp%2Fv2%2Fproduct_cat&post=79790"},{"taxonomy":"product_tag","embeddable":true,"href":"https:\/\/www.tiendaled.cl\/index.php?rest_route=%2Fwp%2Fv2%2Fproduct_tag&post=79790"}],"curies":[{"name":"wp","href":"https:\/\/api.w.org\/{rel}","templated":true}]}}