{"id":79747,"date":"2024-11-04T09:59:46","date_gmt":"2024-11-04T11:59:46","guid":{"rendered":"https:\/\/www.tiendaled.cl\/?post_type=product&#038;p=79747"},"modified":"2026-04-27T16:23:52","modified_gmt":"2026-04-27T18:23:52","slug":"lampara-colgante-estilo-candelabro-de-canamo-8-ampolletas-e14-copia","status":"publish","type":"product","link":"https:\/\/www.tiendaled.cl\/?product=lampara-colgante-estilo-candelabro-de-canamo-8-ampolletas-e14-copia","title":{"rendered":"Lampara Colgante Estilo Candelabro de Ca\u00f1amo 6 Ampolletas E14"},"content":{"rendered":"<p>Hermosa Lampara Colgante Estilo Candelabro Forrada en Ca\u00f1amo de 6 Ampolletas E14.<\/p>\n<p>L\u00e1mpara de techo de estilo de vintage, material de Metal + Cuerda<br \/>\nUtiliza 6 ampolletas de base E14 maximo 40W cada una. (incluidas )<br \/>\nDimensiones de la l\u00e1mpara: 80 cm de longitud, altura 80 cm, cable ajustable al techo de 50cm<br \/>\nIdeal para usar en tiendas, bares , caf\u00e9s , cocina c\u00e1lida y \u00e1rea de tu casa que quieras dar un toque<\/p>\n<p>Incluye de regalo 6 ampolletas led vintage de filamento de 4w Soquete E14<\/p>\n","protected":false},"excerpt":{"rendered":"<p>Hermosa Lampara Colgante Estilo Candelabro Forrada en Ca\u00f1amo de 6 Ampolletas E14. L\u00e1mpara de techo de estilo de vintage, material de Metal + Cuerda Utiliza 6 ampolletas de base E14 maximo 40W cada una. (incluidas ) Dimensiones de la l\u00e1mpara: 80 cm de longitud, altura 80 cm, cable ajustable al techo de 50cm Ideal para [&#8230;]\n","protected":false},"featured_media":79751,"comment_status":"open","ping_status":"closed","template":"","meta":{"_joinchat":[]},"product_brand":[],"product_cat":[103,111],"product_tag":[173,172,147,148],"class_list":{"0":"post-79747","1":"product","2":"type-product","3":"status-publish","4":"has-post-thumbnail","6":"product_cat-lamparas-y-apliques","7":"product_cat-lamparas-colgantes","8":"product_tag-lampara-canamo","9":"product_tag-lampara-candelabro","10":"product_tag-lampara-rustica","11":"product_tag-lampara-techo","13":"first","14":"instock","15":"shipping-taxable","16":"purchasable","17":"product-type-simple"},"_links":{"self":[{"href":"https:\/\/www.tiendaled.cl\/index.php?rest_route=\/wp\/v2\/product\/79747","targetHints":{"allow":["GET"]}}],"collection":[{"href":"https:\/\/www.tiendaled.cl\/index.php?rest_route=\/wp\/v2\/product"}],"about":[{"href":"https:\/\/www.tiendaled.cl\/index.php?rest_route=\/wp\/v2\/types\/product"}],"replies":[{"embeddable":true,"href":"https:\/\/www.tiendaled.cl\/index.php?rest_route=%2Fwp%2Fv2%2Fcomments&post=79747"}],"wp:featuredmedia":[{"embeddable":true,"href":"https:\/\/www.tiendaled.cl\/index.php?rest_route=\/wp\/v2\/media\/79751"}],"wp:attachment":[{"href":"https:\/\/www.tiendaled.cl\/index.php?rest_route=%2Fwp%2Fv2%2Fmedia&parent=79747"}],"wp:term":[{"taxonomy":"product_brand","embeddable":true,"href":"https:\/\/www.tiendaled.cl\/index.php?rest_route=%2Fwp%2Fv2%2Fproduct_brand&post=79747"},{"taxonomy":"product_cat","embeddable":true,"href":"https:\/\/www.tiendaled.cl\/index.php?rest_route=%2Fwp%2Fv2%2Fproduct_cat&post=79747"},{"taxonomy":"product_tag","embeddable":true,"href":"https:\/\/www.tiendaled.cl\/index.php?rest_route=%2Fwp%2Fv2%2Fproduct_tag&post=79747"}],"curies":[{"name":"wp","href":"https:\/\/api.w.org\/{rel}","templated":true}]}}