{"id":79717,"date":"2024-10-28T13:22:04","date_gmt":"2024-10-28T15:22:04","guid":{"rendered":"https:\/\/www.tiendaled.cl\/?post_type=product&#038;p=79717"},"modified":"2026-03-11T10:30:29","modified_gmt":"2026-03-11T12:30:29","slug":"mata-moscas-zancudos-mosquitos-trampa-electrica-30w","status":"publish","type":"product","link":"https:\/\/www.tiendaled.cl\/?product=mata-moscas-zancudos-mosquitos-trampa-electrica-30w","title":{"rendered":"Mata Moscas Zancudos Mosquitos Trampa Electrica 30w"},"content":{"rendered":"<p>Mata Zancudos Moscas Mosquitos Trampa Electrica 30w<\/p>\n<p>. Su sistema de luz ultravioleta (30W) atrae los insectos a su rejilla y los elimina eficazmente de manera silenciosa y ecol\u00f3gica.<br \/>\n. Eficaz m\u00e9todo para uso en interior, para eliminar insectos.<br \/>\n. Cubre un \u00e1rea de 100m2, ideal para la cocina, habitaciones, el sal\u00f3n, terrazas cubiertas, etc.<br \/>\n. Sistema econ\u00f3mico y duradero.<br \/>\n. Bandeja atrapa mosquitos extra\u00edble y lavable.<br \/>\n. Dos m\u00e9todos de uso: colgado o sobre una superficie.<\/p>\n<p>Soluci\u00f3n ideal para usar en establecimientos como, panader\u00edas, cocinas industriales, hoteles, hospitales, oficina, hogar, cocina y sitios donde es necesario eliminar insectos que constantemente rodean los alimentos. Combate las plagas voladoras de una manera silenciosa y ecol\u00f3gica, las atrae con su luz ultravioleta y las electrocuta al instante.<\/p>\n<p>Alimentaci\u00f3n: 220 vots.<br \/>\nPotencia: 30w<br \/>\nInterruptor on\/off<br \/>\nRango cobertura aprox: 80 mt2<br \/>\nDimensiones 495 x 98 x 300mm<\/p>\n","protected":false},"excerpt":{"rendered":"<p>Mata Zancudos Moscas Mosquitos Trampa Electrica 30w . Su sistema de luz ultravioleta (30W) atrae los insectos a su rejilla y los elimina eficazmente de manera silenciosa y ecol\u00f3gica. . Eficaz m\u00e9todo para uso en interior, para eliminar insectos. . Cubre un \u00e1rea de 100m2, ideal para la cocina, habitaciones, el sal\u00f3n, terrazas cubiertas, etc. [&#8230;]\n","protected":false},"featured_media":79718,"comment_status":"open","ping_status":"closed","template":"","meta":{"_joinchat":[]},"product_brand":[],"product_cat":[92,117],"product_tag":[469,468,470,472,471,467],"class_list":{"0":"post-79717","1":"product","2":"type-product","3":"status-publish","4":"has-post-thumbnail","6":"product_cat-productos-led","7":"product_cat-accesorios","8":"product_tag-atrapamoscas","9":"product_tag-lampara-atrapa-moscas","10":"product_tag-luz-atrapa-mosquitos","11":"product_tag-mata-mosquitos","12":"product_tag-mata-zancudos","13":"product_tag-matamoscas","15":"first","16":"outofstock","17":"shipping-taxable","18":"purchasable","19":"product-type-simple"},"_links":{"self":[{"href":"https:\/\/www.tiendaled.cl\/index.php?rest_route=\/wp\/v2\/product\/79717","targetHints":{"allow":["GET"]}}],"collection":[{"href":"https:\/\/www.tiendaled.cl\/index.php?rest_route=\/wp\/v2\/product"}],"about":[{"href":"https:\/\/www.tiendaled.cl\/index.php?rest_route=\/wp\/v2\/types\/product"}],"replies":[{"embeddable":true,"href":"https:\/\/www.tiendaled.cl\/index.php?rest_route=%2Fwp%2Fv2%2Fcomments&post=79717"}],"wp:featuredmedia":[{"embeddable":true,"href":"https:\/\/www.tiendaled.cl\/index.php?rest_route=\/wp\/v2\/media\/79718"}],"wp:attachment":[{"href":"https:\/\/www.tiendaled.cl\/index.php?rest_route=%2Fwp%2Fv2%2Fmedia&parent=79717"}],"wp:term":[{"taxonomy":"product_brand","embeddable":true,"href":"https:\/\/www.tiendaled.cl\/index.php?rest_route=%2Fwp%2Fv2%2Fproduct_brand&post=79717"},{"taxonomy":"product_cat","embeddable":true,"href":"https:\/\/www.tiendaled.cl\/index.php?rest_route=%2Fwp%2Fv2%2Fproduct_cat&post=79717"},{"taxonomy":"product_tag","embeddable":true,"href":"https:\/\/www.tiendaled.cl\/index.php?rest_route=%2Fwp%2Fv2%2Fproduct_tag&post=79717"}],"curies":[{"name":"wp","href":"https:\/\/api.w.org\/{rel}","templated":true}]}}