{"id":79615,"date":"2024-09-08T23:19:42","date_gmt":"2024-09-09T01:19:42","guid":{"rendered":"https:\/\/www.tiendaled.cl\/?post_type=product&#038;p=79615"},"modified":"2026-02-18T12:33:54","modified_gmt":"2026-02-18T14:33:54","slug":"lampara-techo-moderna-6-brazos-dorada-modelo-sputnik","status":"publish","type":"product","link":"https:\/\/www.tiendaled.cl\/?product=lampara-techo-moderna-6-brazos-dorada-modelo-sputnik","title":{"rendered":"Lampara Techo Moderna 6 Brazos Dorada Modelo Sputnik"},"content":{"rendered":"<p>Cree una atm\u00f3sfera rom\u00e1ntica y elegante<br \/>\nIluminaci\u00f3n c\u00e1lida y confortable<\/p>\n<p>Ideal para se instalada en la sala de estar, Living Comedor, el estudio, la oficina, o cualquier lugar de la casa que necesite un dise\u00f1o moderno<br \/>\nEsta fascinante lampara es adecuada para muchas decoraciones, especialmente para aquello espacios que necesitan mucha iluminacion.<\/p>\n<p>F\u00e1cil de instalar<br \/>\nFabricada en material resistente<\/p>\n<p>Material del cuerpo ligero: hierro<br \/>\nMaterial de sombra: vidrio<br \/>\nProceso: lijado por pulverizaci\u00f3n.<br \/>\nTipo de soquete : E27 para ampolletas tradicionales ( NO INLUIDAS )<br \/>\nCantidad de fuentes de luz: 6<br \/>\n\u00c1rea de irradiaci\u00f3n: 15m2-30m2.<br \/>\nVoltaje: 220V<\/p>\n<p>45cm de alto<br \/>\n75cm de ancho<\/p>\n","protected":false},"excerpt":{"rendered":"<p>Cree una atm\u00f3sfera rom\u00e1ntica y elegante Iluminaci\u00f3n c\u00e1lida y confortable Ideal para se instalada en la sala de estar, Living Comedor, el estudio, la oficina, o cualquier lugar de la casa que necesite un dise\u00f1o moderno Esta fascinante lampara es adecuada para muchas decoraciones, especialmente para aquello espacios que necesitan mucha iluminacion. F\u00e1cil de instalar [&#8230;]\n","protected":false},"featured_media":79621,"comment_status":"open","ping_status":"closed","template":"","meta":{"_joinchat":[]},"product_brand":[],"product_cat":[192,103,111],"product_tag":[120,126,177,252],"class_list":{"0":"post-79615","1":"product","2":"type-product","3":"status-publish","4":"has-post-thumbnail","6":"product_cat-lamparas-techo","7":"product_cat-lamparas-y-apliques","8":"product_cat-lamparas-colgantes","9":"product_tag-lampara","10":"product_tag-lampara-dorada","11":"product_tag-lampara-moderna","12":"product_tag-lampara-sputnik","14":"first","15":"instock","16":"shipping-taxable","17":"purchasable","18":"product-type-simple"},"_links":{"self":[{"href":"https:\/\/www.tiendaled.cl\/index.php?rest_route=\/wp\/v2\/product\/79615","targetHints":{"allow":["GET"]}}],"collection":[{"href":"https:\/\/www.tiendaled.cl\/index.php?rest_route=\/wp\/v2\/product"}],"about":[{"href":"https:\/\/www.tiendaled.cl\/index.php?rest_route=\/wp\/v2\/types\/product"}],"replies":[{"embeddable":true,"href":"https:\/\/www.tiendaled.cl\/index.php?rest_route=%2Fwp%2Fv2%2Fcomments&post=79615"}],"wp:featuredmedia":[{"embeddable":true,"href":"https:\/\/www.tiendaled.cl\/index.php?rest_route=\/wp\/v2\/media\/79621"}],"wp:attachment":[{"href":"https:\/\/www.tiendaled.cl\/index.php?rest_route=%2Fwp%2Fv2%2Fmedia&parent=79615"}],"wp:term":[{"taxonomy":"product_brand","embeddable":true,"href":"https:\/\/www.tiendaled.cl\/index.php?rest_route=%2Fwp%2Fv2%2Fproduct_brand&post=79615"},{"taxonomy":"product_cat","embeddable":true,"href":"https:\/\/www.tiendaled.cl\/index.php?rest_route=%2Fwp%2Fv2%2Fproduct_cat&post=79615"},{"taxonomy":"product_tag","embeddable":true,"href":"https:\/\/www.tiendaled.cl\/index.php?rest_route=%2Fwp%2Fv2%2Fproduct_tag&post=79615"}],"curies":[{"name":"wp","href":"https:\/\/api.w.org\/{rel}","templated":true}]}}