{"id":79545,"date":"2024-08-04T19:02:14","date_gmt":"2024-08-04T21:02:14","guid":{"rendered":"https:\/\/www.tiendaled.cl\/?post_type=product&#038;p=79545"},"modified":"2024-08-04T19:02:15","modified_gmt":"2024-08-04T21:02:15","slug":"estacion-de-energia-portatil-1000w-con-panel-solar","status":"publish","type":"product","link":"https:\/\/www.tiendaled.cl\/?product=estacion-de-energia-portatil-1000w-con-panel-solar","title":{"rendered":"Estaci\u00f3n de Energ\u00eda Port\u00e1til 1000W con panel Solar"},"content":{"rendered":"<div class=\"page\" title=\"Page 1\">\n<div class=\"section\">\n<div class=\"layoutArea\">\n<div class=\"column\">\n<div class=\"page\" title=\"Page 1\">\n<div class=\"section\">\n<div class=\"layoutArea\">\n<div class=\"column\">\n<p>La estaci\u00f3n de energ\u00eda port\u00e1til de 1000W con bater\u00eda de fosfato de hierro y litio (LiFePO4) y un voltaje de 12.8V es un dispositivo que proporciona una fuente de energ\u00eda confiable y duradera.<\/p>\n<p>Estos dispositivos son ideales para acampar, emergencias, cortes de luz\u00a0 y tambien para uso en exteriores.<\/p>\n<p>La bater\u00eda LiFePO4 ofrece ventajas como una mayor vida \u00fatil, seguridad mejorada y estabilidad t\u00e9rmica en comparaci\u00f3n con otras qu\u00edmicas de bater\u00edas.<\/p>\n<\/div>\n<\/div>\n<\/div>\n<\/div>\n<p>Adecuada para una variedad de escenarios de emergencia: acampar al aire libre, iluminacio\u0301n de emergencia por falla de energi\u0301a en el hogar, oficina al aire libre, construccio\u0301n al aire libre, proteccio\u0301n contra incendios, fuente de alimentacio\u0301n de respaldo, prevencio\u0301n y alivio de desastres, fuente de alimentacio\u0301n, fotografi\u0301a de campo, carga digital , etc.<\/p>\n<\/div>\n<\/div>\n<\/div>\n<\/div>\n<p>&nbsp;<\/p>\n<ul>\n<li>ENERGI\u0301A ELE\u0301CTRICA EN CUALQUIER MOMENTO Y LUGAR<br \/>\nOPCIO\u0301N DE USO PARA CUALQUIER DISPOSITIVO ELECTRICO<\/li>\n<li>LINTERNA LED ALTOS LUMENS PARA SITUACIONES DE EMERGENCIA<\/li>\n<li>CAPACIDAD DE CARGA SOLAR VI\u0301A PUERTO DE PANEL SOLAR 150W ( NO INCLUYE PANEL SOLAR)<br \/>\nME\u0301TODO DE CARGA ELE\u0301CTRICO EN ENCHUFE Y POR CARGADOR DE VEHICULO<\/li>\n<li>DISEN\u0303O ERGONO\u0301MICO 3 PUERTOS USB 5V PANTALLA DE 1.5\u2033<\/li>\n<li>NIVEL DE PORCENTAJE DE CARGA EN PANTALLA<\/li>\n<li>INDICADOR CUANTAS HORAS DE USO LE QUEDAN A LA ESTACI\u00d3N<\/li>\n<\/ul>\n<p>Capacidad bater\u00eda de fosfato de hierro y litio 12.8V 70AH\/896WH<\/p>\n<p>Potencia Salida AC 1000W<\/p>\n<p>Output Waverform Onda SInosuidal pura<\/p>\n<p>Opcion 1 Salida AC 220V &#8211; 3 Enchufes<\/p>\n<p>Salida Opcion 2 DC12V 10A<\/p>\n<p>Salida Opcion 3 3xUSB 5V-9V-12V &#8211; para 3 puertos USB<\/p>\n<p>3 Modos de Carga<\/p>\n<p>AC220V conectado electricidad 7 a 8 Horas<\/p>\n<p>Panel Solar 150W-200W 25V 6 a 11 Horas<\/p>\n<p>Cargador de Auto DC12V 10A<\/p>\n<p>Medidas 300x220x260mm<\/p>\n<p>&nbsp;<\/p>\n","protected":false},"excerpt":{"rendered":"<p>La estaci\u00f3n de energ\u00eda port\u00e1til de 1000W con bater\u00eda de fosfato de hierro y litio (LiFePO4) y un voltaje de 12.8V es un dispositivo que proporciona una fuente de energ\u00eda confiable y duradera. Estos dispositivos son ideales para acampar, emergencias, cortes de luz\u00a0 y tambien para uso en exteriores. La bater\u00eda LiFePO4 ofrece ventajas como [&#8230;]\n","protected":false},"featured_media":79549,"comment_status":"open","ping_status":"closed","template":"","meta":{"_joinchat":[]},"product_brand":[],"product_cat":[146,92,112,117,118],"product_tag":[463,326,462,325,465,464],"class_list":{"0":"post-79545","1":"product","2":"type-product","3":"status-publish","4":"has-post-thumbnail","6":"product_cat-luces-de-emergencia","7":"product_cat-productos-led","8":"product_cat-iluminacion-solar","9":"product_cat-accesorios","10":"product_cat-proyecto-de-iluminacion","11":"product_tag-banco-de-energia","12":"product_tag-bateria-de-respaldo","13":"product_tag-bateria-protatil","14":"product_tag-generado-solar","15":"product_tag-generador-electrico","16":"product_tag-luz-de-emergencia","18":"first","19":"instock","20":"shipping-taxable","21":"purchasable","22":"product-type-simple"},"_links":{"self":[{"href":"https:\/\/www.tiendaled.cl\/index.php?rest_route=\/wp\/v2\/product\/79545","targetHints":{"allow":["GET"]}}],"collection":[{"href":"https:\/\/www.tiendaled.cl\/index.php?rest_route=\/wp\/v2\/product"}],"about":[{"href":"https:\/\/www.tiendaled.cl\/index.php?rest_route=\/wp\/v2\/types\/product"}],"replies":[{"embeddable":true,"href":"https:\/\/www.tiendaled.cl\/index.php?rest_route=%2Fwp%2Fv2%2Fcomments&post=79545"}],"wp:featuredmedia":[{"embeddable":true,"href":"https:\/\/www.tiendaled.cl\/index.php?rest_route=\/wp\/v2\/media\/79549"}],"wp:attachment":[{"href":"https:\/\/www.tiendaled.cl\/index.php?rest_route=%2Fwp%2Fv2%2Fmedia&parent=79545"}],"wp:term":[{"taxonomy":"product_brand","embeddable":true,"href":"https:\/\/www.tiendaled.cl\/index.php?rest_route=%2Fwp%2Fv2%2Fproduct_brand&post=79545"},{"taxonomy":"product_cat","embeddable":true,"href":"https:\/\/www.tiendaled.cl\/index.php?rest_route=%2Fwp%2Fv2%2Fproduct_cat&post=79545"},{"taxonomy":"product_tag","embeddable":true,"href":"https:\/\/www.tiendaled.cl\/index.php?rest_route=%2Fwp%2Fv2%2Fproduct_tag&post=79545"}],"curies":[{"name":"wp","href":"https:\/\/api.w.org\/{rel}","templated":true}]}}