{"id":79481,"date":"2024-07-18T03:26:14","date_gmt":"2024-07-18T05:26:14","guid":{"rendered":"https:\/\/www.tiendaled.cl\/?post_type=product&#038;p=79481"},"modified":"2024-07-18T03:26:14","modified_gmt":"2024-07-18T05:26:14","slug":"foco-led-panel-9w-dimeable-embutido-luz-fria-6500k","status":"publish","type":"product","link":"https:\/\/www.tiendaled.cl\/?product=foco-led-panel-9w-dimeable-embutido-luz-fria-6500k","title":{"rendered":"Foco Led Panel 9w Dimeable Embutido Luz Fria 6500k"},"content":{"rendered":"<p>El foco LED dimmable de 9W con luz FRIA de 6500K es ideal para crear ambientes agradables.<br \/>\nSu temperatura de color proporciona una iluminaci\u00f3n brillante y blanca, similar a la luz del dia<br \/>\nLa potencia de 9W equivale a una luminosidad similar a una bombilla incandescente de aproximadamente 60W.<br \/>\nLa temperatura de color de 6500K se considera luz FRIA, de mucha claridad<br \/>\nAdem\u00e1s, al ser dimmable, permite ajustar la intensidad de la luz seg\u00fan tus necesidades, lo que lo hace vers\u00e1til para diferentes situaciones.<br \/>\nAseg\u00farate de que tu regulador de luz sea compatible para un funcionamiento \u00f3ptimo.<br \/>\nBusca nuestro dimmer para luces led en nuestros otros productos<\/p>\n<p>Con su dise\u00f1o embutido, este foco es ideal para techos y paredes, brindando una iluminaci\u00f3n uniforme y de calidad.<br \/>\nGracias a su durabilidad y resistencia, este foco LED Panel no tiene fecha de vencimiento, lo que garantiza una larga vida \u00fatil y un rendimiento \u00f3ptimo a lo largo del tiempo.<\/p>\n<p>Con el Foco Led Panel 9w Dimeable de TIENDALED, podr\u00e1s disfrutar de una iluminaci\u00f3n eficiente y de calidad en cualquier ambiente. Su instalaci\u00f3n sencilla y su dise\u00f1o moderno lo convierten en la elecci\u00f3n ideal para renovar la iluminaci\u00f3n de tus espacios de manera pr\u00e1ctica y elegante. Aprovecha esta oportunidad para mejorar la iluminaci\u00f3n de tu hogar con un producto de alta calidad y rendimiento.<\/p>\n<p>Perfecto para salones, dormitorios y cocinas, donde se requiere una luz brillante y blanca.<br \/>\nIdeal para oficinas y estudios, ya que la luz neutra ayuda a mantener la concentraci\u00f3n.<br \/>\nAl ser dimmable, se puede ajustar la intensidad para crear diferentes atm\u00f3sferas seg\u00fan la ocasi\u00f3n.<br \/>\nMuy usado en tiendas para destacar productos sin distorsionar los colores.<\/p>\n","protected":false},"excerpt":{"rendered":"<p>El foco LED dimmable de 9W con luz FRIA de 6500K es ideal para crear ambientes agradables. Su temperatura de color proporciona una iluminaci\u00f3n brillante y blanca, similar a la luz del dia La potencia de 9W equivale a una luminosidad similar a una bombilla incandescente de aproximadamente 60W. La temperatura de color de 6500K [&#8230;]\n","protected":false},"featured_media":79482,"comment_status":"open","ping_status":"closed","template":"","meta":{"_joinchat":[]},"product_brand":[],"product_cat":[92,93,101,118],"product_tag":[448,265,449,450,451],"class_list":{"0":"post-79481","1":"product","2":"type-product","3":"status-publish","4":"has-post-thumbnail","6":"product_cat-productos-led","7":"product_cat-ampolletas-led","8":"product_cat-luminaria-led","9":"product_cat-proyecto-de-iluminacion","10":"product_tag-foco-9w","11":"product_tag-foco-led","12":"product_tag-foco-led-dimeable","13":"product_tag-led-dimeable","14":"product_tag-luz-dimeable","16":"first","17":"instock","18":"shipping-taxable","19":"purchasable","20":"product-type-simple"},"_links":{"self":[{"href":"https:\/\/www.tiendaled.cl\/index.php?rest_route=\/wp\/v2\/product\/79481","targetHints":{"allow":["GET"]}}],"collection":[{"href":"https:\/\/www.tiendaled.cl\/index.php?rest_route=\/wp\/v2\/product"}],"about":[{"href":"https:\/\/www.tiendaled.cl\/index.php?rest_route=\/wp\/v2\/types\/product"}],"replies":[{"embeddable":true,"href":"https:\/\/www.tiendaled.cl\/index.php?rest_route=%2Fwp%2Fv2%2Fcomments&post=79481"}],"wp:featuredmedia":[{"embeddable":true,"href":"https:\/\/www.tiendaled.cl\/index.php?rest_route=\/wp\/v2\/media\/79482"}],"wp:attachment":[{"href":"https:\/\/www.tiendaled.cl\/index.php?rest_route=%2Fwp%2Fv2%2Fmedia&parent=79481"}],"wp:term":[{"taxonomy":"product_brand","embeddable":true,"href":"https:\/\/www.tiendaled.cl\/index.php?rest_route=%2Fwp%2Fv2%2Fproduct_brand&post=79481"},{"taxonomy":"product_cat","embeddable":true,"href":"https:\/\/www.tiendaled.cl\/index.php?rest_route=%2Fwp%2Fv2%2Fproduct_cat&post=79481"},{"taxonomy":"product_tag","embeddable":true,"href":"https:\/\/www.tiendaled.cl\/index.php?rest_route=%2Fwp%2Fv2%2Fproduct_tag&post=79481"}],"curies":[{"name":"wp","href":"https:\/\/api.w.org\/{rel}","templated":true}]}}