{"id":79458,"date":"2024-07-14T22:59:56","date_gmt":"2024-07-15T00:59:56","guid":{"rendered":"https:\/\/www.tiendaled.cl\/?post_type=product&#038;p=79458"},"modified":"2024-07-21T01:04:46","modified_gmt":"2024-07-21T03:04:46","slug":"lampara-techo-colgante-sienna-copia","status":"publish","type":"product","link":"https:\/\/www.tiendaled.cl\/?product=lampara-techo-colgante-sienna-copia","title":{"rendered":"L\u00e1mpara techo colgante Sienna  Blanca"},"content":{"rendered":"<ul>\n<li>L\u00e1mpara N\u00f3rdica de nombre Sienna.<\/li>\n<li>Su dise\u00f1o desborda simpleza por donde la mires, pero a la vez una elegancia y belleza absoluta.<\/li>\n<li>Su interior dorado conjunta a la perfecci\u00f3n con el blanco que recubre su exterior.<\/li>\n<li>Gracias a esta combinaci\u00f3n de colores es perfecta para cualquier tipo de estancia.<\/li>\n<li>Basada en el modelo <a href=\"http:\/\/www.tomdixon.net\/eu\/beat-wide-black-pendant.html\">Beat Wide<\/a>del dise\u00f1ador Tom Dixon<\/li>\n<li>Alto 1900mm<\/li>\n<li>Grosor y ancho PCB 360mm<\/li>\n<li>Soquete Tradicional E27<\/li>\n<li>Potencia (Watt) M\u00e1x. 40W<\/li>\n<li>Material Aluminio<\/li>\n<li>Color exterior Negro \/ Dorado<\/li>\n<\/ul>\n","protected":false},"excerpt":{"rendered":"<p>L\u00e1mpara N\u00f3rdica de nombre Sienna. Su dise\u00f1o desborda simpleza por donde la mires, pero a la vez una elegancia y belleza absoluta. Su interior dorado conjunta a la perfecci\u00f3n con el blanco que recubre su exterior. Gracias a esta combinaci\u00f3n de colores es perfecta para cualquier tipo de estancia. Basada en el modelo Beat Widedel [&#8230;]\n","protected":false},"featured_media":79461,"comment_status":"open","ping_status":"closed","template":"","meta":{"_joinchat":[]},"product_brand":[],"product_cat":[192,425,103,111],"product_tag":[],"class_list":{"0":"post-79458","1":"product","2":"type-product","3":"status-publish","4":"has-post-thumbnail","6":"product_cat-lamparas-techo","7":"product_cat-ofertas","8":"product_cat-lamparas-y-apliques","9":"product_cat-lamparas-colgantes","11":"first","12":"instock","13":"sale","14":"shipping-taxable","15":"purchasable","16":"product-type-simple"},"_links":{"self":[{"href":"https:\/\/www.tiendaled.cl\/index.php?rest_route=\/wp\/v2\/product\/79458","targetHints":{"allow":["GET"]}}],"collection":[{"href":"https:\/\/www.tiendaled.cl\/index.php?rest_route=\/wp\/v2\/product"}],"about":[{"href":"https:\/\/www.tiendaled.cl\/index.php?rest_route=\/wp\/v2\/types\/product"}],"replies":[{"embeddable":true,"href":"https:\/\/www.tiendaled.cl\/index.php?rest_route=%2Fwp%2Fv2%2Fcomments&post=79458"}],"wp:featuredmedia":[{"embeddable":true,"href":"https:\/\/www.tiendaled.cl\/index.php?rest_route=\/wp\/v2\/media\/79461"}],"wp:attachment":[{"href":"https:\/\/www.tiendaled.cl\/index.php?rest_route=%2Fwp%2Fv2%2Fmedia&parent=79458"}],"wp:term":[{"taxonomy":"product_brand","embeddable":true,"href":"https:\/\/www.tiendaled.cl\/index.php?rest_route=%2Fwp%2Fv2%2Fproduct_brand&post=79458"},{"taxonomy":"product_cat","embeddable":true,"href":"https:\/\/www.tiendaled.cl\/index.php?rest_route=%2Fwp%2Fv2%2Fproduct_cat&post=79458"},{"taxonomy":"product_tag","embeddable":true,"href":"https:\/\/www.tiendaled.cl\/index.php?rest_route=%2Fwp%2Fv2%2Fproduct_tag&post=79458"}],"curies":[{"name":"wp","href":"https:\/\/api.w.org\/{rel}","templated":true}]}}