{"id":79454,"date":"2024-07-14T22:14:47","date_gmt":"2024-07-15T00:14:47","guid":{"rendered":"https:\/\/www.tiendaled.cl\/?post_type=product&#038;p=79454"},"modified":"2024-07-14T22:54:34","modified_gmt":"2024-07-15T00:54:34","slug":"lampara-techo-colgante-vienna-blanca","status":"publish","type":"product","link":"https:\/\/www.tiendaled.cl\/?product=lampara-techo-colgante-vienna-blanca","title":{"rendered":"L\u00e1mpara Techo Colgante Vienna Blanca"},"content":{"rendered":"<ul>\n<li>L\u00e1mpara colgante de dise\u00f1o N\u00f3rdico. De color blanco por fuera y dorada en su interior para una perfecta transmisi\u00f3n de la luz, recreando ambientes muy c\u00e1lidos y acogedores. Inspirada en los modelos de Tom Dixon<\/li>\n<li>Alto1900mm,<\/li>\n<li>Grosor y ancho PCB 190mm<\/li>\n<li>Soquete Tradicional E27 \/ No incluye ampolleta<\/li>\n<li>Potencia (Watt) M\u00e1x. 40W<\/li>\n<li>Material aluminio<\/li>\n<li>Color exterior Blanco \/ Dorado<\/li>\n<\/ul>\n","protected":false},"excerpt":{"rendered":"<p>L\u00e1mpara colgante de dise\u00f1o N\u00f3rdico. De color blanco por fuera y dorada en su interior para una perfecta transmisi\u00f3n de la luz, recreando ambientes muy c\u00e1lidos y acogedores. Inspirada en los modelos de Tom Dixon Alto1900mm, Grosor y ancho PCB 190mm Soquete Tradicional E27 \/ No incluye ampolleta Potencia (Watt) M\u00e1x. 40W Material aluminio Color [&#8230;]\n","protected":false},"featured_media":79456,"comment_status":"open","ping_status":"closed","template":"","meta":{"_joinchat":[]},"product_brand":[],"product_cat":[425,103,111],"product_tag":[120,436,176,190,441],"class_list":{"0":"post-79454","1":"product","2":"type-product","3":"status-publish","4":"has-post-thumbnail","6":"product_cat-ofertas","7":"product_cat-lamparas-y-apliques","8":"product_cat-lamparas-colgantes","9":"product_tag-lampara","10":"product_tag-lampara-blanca","11":"product_tag-lampara-nordica","12":"product_tag-lampara-vienna","13":"product_tag-tom-dixon","15":"first","16":"instock","17":"sale","18":"shipping-taxable","19":"purchasable","20":"product-type-simple"},"_links":{"self":[{"href":"https:\/\/www.tiendaled.cl\/index.php?rest_route=\/wp\/v2\/product\/79454","targetHints":{"allow":["GET"]}}],"collection":[{"href":"https:\/\/www.tiendaled.cl\/index.php?rest_route=\/wp\/v2\/product"}],"about":[{"href":"https:\/\/www.tiendaled.cl\/index.php?rest_route=\/wp\/v2\/types\/product"}],"replies":[{"embeddable":true,"href":"https:\/\/www.tiendaled.cl\/index.php?rest_route=%2Fwp%2Fv2%2Fcomments&post=79454"}],"wp:featuredmedia":[{"embeddable":true,"href":"https:\/\/www.tiendaled.cl\/index.php?rest_route=\/wp\/v2\/media\/79456"}],"wp:attachment":[{"href":"https:\/\/www.tiendaled.cl\/index.php?rest_route=%2Fwp%2Fv2%2Fmedia&parent=79454"}],"wp:term":[{"taxonomy":"product_brand","embeddable":true,"href":"https:\/\/www.tiendaled.cl\/index.php?rest_route=%2Fwp%2Fv2%2Fproduct_brand&post=79454"},{"taxonomy":"product_cat","embeddable":true,"href":"https:\/\/www.tiendaled.cl\/index.php?rest_route=%2Fwp%2Fv2%2Fproduct_cat&post=79454"},{"taxonomy":"product_tag","embeddable":true,"href":"https:\/\/www.tiendaled.cl\/index.php?rest_route=%2Fwp%2Fv2%2Fproduct_tag&post=79454"}],"curies":[{"name":"wp","href":"https:\/\/api.w.org\/{rel}","templated":true}]}}