{"id":79405,"date":"2024-07-03T02:56:31","date_gmt":"2024-07-03T04:56:31","guid":{"rendered":"https:\/\/www.tiendaled.cl\/?post_type=product&#038;p=79405"},"modified":"2025-11-26T00:40:37","modified_gmt":"2025-11-26T02:40:37","slug":"kit-3-foco-led-tipo-spot-20w-luz-neutra-con-riel-blanco-1mt","status":"publish","type":"product","link":"https:\/\/www.tiendaled.cl\/?product=kit-3-foco-led-tipo-spot-20w-luz-neutra-con-riel-blanco-1mt","title":{"rendered":"Kit 3 Foco Led Tipo Spot 20w Luz Neutra Con Riel Blanco 1mt"},"content":{"rendered":"<p>La iluminaci\u00f3n mediante Spot o por riel es aquella que proviene de la instalaci\u00f3n de luminarias individuales sobre rieles electrificados cuya principal cualidad es la de permitir el desplazamiento lineal de los puntos de luz.<br \/>\nA pesar de un uso habitualmente orientado al sector comercial, su abanico de aplicaciones incluye hoy otros sectores como el residencial, hotelero, oficinas o restauraci\u00f3n.<\/p>\n<p>Adem\u00e1s de la luz, los sistemas lineales de carril electrificado pueden aportar un atractivo grado de dise\u00f1o al interiorismo o decoraci\u00f3n del espacio.<br \/>\nEl nivel est\u00e9tico puede contribuir tanto a mantener la elegancia de entornos minimalistas como a proporcionar orden y sofisticaci\u00f3n en espacios r\u00fasticos o de estilo cl\u00e1sico.<br \/>\nSu forma m\u00ednima y estilizada los convierte en un producto altamente funcional y adaptable a cualquier contexto arquitect\u00f3nico.<br \/>\nUna de las principales funcionalidades que posee la iluminaci\u00f3n de carril es la de mover o desplazar a nuestro antojo los puntos de luz a trav\u00e9s de un eje.<br \/>\nEsto abre un espectro de posibilidades infinitas de dise\u00f1o y distribuci\u00f3n de la luz especialmente interesante en espacios cambiantes.<br \/>\nLa forma de hacerlo es realmente sencilla, ya que dicho desplazamiento se realiza de forma manual y sin necesidad de acudir a un profesional o t\u00e9cnico.<\/p>\n<p>El hecho de poder incluir cualquier tipo de proyector dota al sistema de spot de una enorme versatilidad. Ya sea para un uso muy concreto o espacio singular.<br \/>\nEste sistema es tremendamente flexible, ya que permiten a\u00f1adir o eliminar el n\u00famero de spots led en cada momento.<br \/>\nLa instalaci\u00f3n no debe ser un impedimento para hacer uso de este tipo de iluminaci\u00f3n, ya que su puesta en marcha es realmente sencilla.<br \/>\nSimplemente, ser\u00e1 necesaria una \u00fanica toma de corriente o punto el\u00e9ctrico y fijar el perfil de carril al techo o muro<\/p>\n","protected":false},"excerpt":{"rendered":"<p>La iluminaci\u00f3n mediante Spot o por riel es aquella que proviene de la instalaci\u00f3n de luminarias individuales sobre rieles electrificados cuya principal cualidad es la de permitir el desplazamiento lineal de los puntos de luz. A pesar de un uso habitualmente orientado al sector comercial, su abanico de aplicaciones incluye hoy otros sectores como el [&#8230;]\n","protected":false},"featured_media":79410,"comment_status":"open","ping_status":"closed","template":"","meta":{"_joinchat":[]},"product_brand":[],"product_cat":[92,93,100,101,118],"product_tag":[412,409,434,435],"class_list":{"0":"post-79405","1":"product","2":"type-product","3":"status-publish","4":"has-post-thumbnail","6":"product_cat-productos-led","7":"product_cat-ampolletas-led","8":"product_cat-apliques-led","9":"product_cat-luminaria-led","10":"product_cat-proyecto-de-iluminacion","11":"product_tag-foco-para-riel","12":"product_tag-foco-riel","13":"product_tag-riel-1-mt","14":"product_tag-riel-focos","16":"first","17":"instock","18":"shipping-taxable","19":"purchasable","20":"product-type-simple"},"_links":{"self":[{"href":"https:\/\/www.tiendaled.cl\/index.php?rest_route=\/wp\/v2\/product\/79405","targetHints":{"allow":["GET"]}}],"collection":[{"href":"https:\/\/www.tiendaled.cl\/index.php?rest_route=\/wp\/v2\/product"}],"about":[{"href":"https:\/\/www.tiendaled.cl\/index.php?rest_route=\/wp\/v2\/types\/product"}],"replies":[{"embeddable":true,"href":"https:\/\/www.tiendaled.cl\/index.php?rest_route=%2Fwp%2Fv2%2Fcomments&post=79405"}],"wp:featuredmedia":[{"embeddable":true,"href":"https:\/\/www.tiendaled.cl\/index.php?rest_route=\/wp\/v2\/media\/79410"}],"wp:attachment":[{"href":"https:\/\/www.tiendaled.cl\/index.php?rest_route=%2Fwp%2Fv2%2Fmedia&parent=79405"}],"wp:term":[{"taxonomy":"product_brand","embeddable":true,"href":"https:\/\/www.tiendaled.cl\/index.php?rest_route=%2Fwp%2Fv2%2Fproduct_brand&post=79405"},{"taxonomy":"product_cat","embeddable":true,"href":"https:\/\/www.tiendaled.cl\/index.php?rest_route=%2Fwp%2Fv2%2Fproduct_cat&post=79405"},{"taxonomy":"product_tag","embeddable":true,"href":"https:\/\/www.tiendaled.cl\/index.php?rest_route=%2Fwp%2Fv2%2Fproduct_tag&post=79405"}],"curies":[{"name":"wp","href":"https:\/\/api.w.org\/{rel}","templated":true}]}}