{"id":7933,"date":"2019-09-01T17:57:32","date_gmt":"2019-09-01T19:57:32","guid":{"rendered":"https:\/\/www.tiendaled.cl\/?post_type=product&#038;p=7933"},"modified":"2025-09-29T18:25:54","modified_gmt":"2025-09-29T20:25:54","slug":"ampolleta-vintage-filamento-led-modelo-g45-4w","status":"publish","type":"product","link":"https:\/\/www.tiendaled.cl\/?product=ampolleta-vintage-filamento-led-modelo-g45-4w","title":{"rendered":"Ampolleta Vintage Filamento Led 4W Modelo G45"},"content":{"rendered":"<p>Ampolleta Vintage de filamento led.<br \/>\nTama\u00f1o G45 rosca E27 tradicional y cristal color ambar.<\/p>\n<p>La ampolleta filamento led imita las ampolletas cl\u00e1sicas, pareci\u00e9ndose a las tipo edison antiguas.<br \/>\nPosee en su interior 4 filamentos de 1w cada uno que se parecen a los filamentos de tungsteno de las ampolletas antiguas.<\/p>\n<p>Las ampolletas de medida G45, son de tama\u00f1o peque\u00f1o para lamparas con tulipas peque\u00f1as o que tienen poco sitio. G45 significa que tienen 45mm de di\u00e1metro.<\/p>\n<p>Este tipo de ampolletas son ideales para la decoraci\u00f3n e iluminaci\u00f3n de locales, negocios o para distintas lamparas decorativas<br \/>\nSuelen aportar una luz mas agradable a la vista.<br \/>\nEn este caso emite una luz blanca bastante amarillenta cuyo color es 2700\u00baK.<\/p>\n<p>La potencia de la bombilla es de 4W que equivaldr\u00eda a unos 35-40W en bombillas de incandescencia. Dado su tono de luz c\u00e1lido parece que alumbra menos que una bombilla con el tono de luz mas fr\u00edo.<br \/>\nLa disposici\u00f3n de los filamento en la bombilla led se consigue una iluminaci\u00f3n en todo su per\u00edmetro de 360\u00ba.<\/p>\n<p>El consumo \u00b4corriente es 10 veces mas bajo que una ampoleta de incandescencia y 1\/3 del consumo de una de fluorescencia (CFL).<br \/>\nConsiga una ahorro significativo en su factura de la luz y colabore en la conservaci\u00f3n del medio ambiente.<\/p>\n<p>La ampolleta est\u00e1 fabricada en cristal y tiene el mismo tipo de terminaci\u00f3n que cualquier otro tipo de ampolleta de incandescencia.<\/p>\n","protected":false},"excerpt":{"rendered":"<p>Ampolleta Vintage de filamento led. Tama\u00f1o G45 rosca E27 tradicional y cristal color ambar. La ampolleta filamento led imita las ampolletas cl\u00e1sicas, pareci\u00e9ndose a las tipo edison antiguas. Posee en su interior 4 filamentos de 1w cada uno que se parecen a los filamentos de tungsteno de las ampolletas antiguas. Las ampolletas de medida G45, [&#8230;]\n","protected":false},"featured_media":28281,"comment_status":"open","ping_status":"closed","template":"","meta":{"_joinchat":[]},"product_brand":[],"product_cat":[92,93],"product_tag":[149,135,134],"class_list":{"0":"post-7933","1":"product","2":"type-product","3":"status-publish","4":"has-post-thumbnail","6":"product_cat-productos-led","7":"product_cat-ampolletas-led","8":"product_tag-ampolleta-decorativa","9":"product_tag-ampolleta-led","10":"product_tag-ampolleta-vintage","12":"first","13":"instock","14":"shipping-taxable","15":"purchasable","16":"product-type-simple"},"_links":{"self":[{"href":"https:\/\/www.tiendaled.cl\/index.php?rest_route=\/wp\/v2\/product\/7933","targetHints":{"allow":["GET"]}}],"collection":[{"href":"https:\/\/www.tiendaled.cl\/index.php?rest_route=\/wp\/v2\/product"}],"about":[{"href":"https:\/\/www.tiendaled.cl\/index.php?rest_route=\/wp\/v2\/types\/product"}],"replies":[{"embeddable":true,"href":"https:\/\/www.tiendaled.cl\/index.php?rest_route=%2Fwp%2Fv2%2Fcomments&post=7933"}],"wp:featuredmedia":[{"embeddable":true,"href":"https:\/\/www.tiendaled.cl\/index.php?rest_route=\/wp\/v2\/media\/28281"}],"wp:attachment":[{"href":"https:\/\/www.tiendaled.cl\/index.php?rest_route=%2Fwp%2Fv2%2Fmedia&parent=7933"}],"wp:term":[{"taxonomy":"product_brand","embeddable":true,"href":"https:\/\/www.tiendaled.cl\/index.php?rest_route=%2Fwp%2Fv2%2Fproduct_brand&post=7933"},{"taxonomy":"product_cat","embeddable":true,"href":"https:\/\/www.tiendaled.cl\/index.php?rest_route=%2Fwp%2Fv2%2Fproduct_cat&post=7933"},{"taxonomy":"product_tag","embeddable":true,"href":"https:\/\/www.tiendaled.cl\/index.php?rest_route=%2Fwp%2Fv2%2Fproduct_tag&post=7933"}],"curies":[{"name":"wp","href":"https:\/\/api.w.org\/{rel}","templated":true}]}}