{"id":79318,"date":"2024-06-08T00:54:41","date_gmt":"2024-06-08T02:54:41","guid":{"rendered":"https:\/\/www.tiendaled.cl\/?post_type=product&#038;p=79318"},"modified":"2026-04-29T12:23:11","modified_gmt":"2026-04-29T14:23:11","slug":"lampara-techo-pared-barra-tres-focos-dirigibles-e27-negra","status":"publish","type":"product","link":"https:\/\/www.tiendaled.cl\/?product=lampara-techo-pared-barra-tres-focos-dirigibles-e27-negra","title":{"rendered":"Lampara Techo Pared Barra Tres Focos Dirigibles E27 Negra"},"content":{"rendered":"<p>Lampara Barra 3 focos direccionales para muro o techo Soquete Tradicional E27<\/p>\n<p>En color Negro,<br \/>\nMedidas de cada foco 60x145x130mm.<br \/>\nLargo de la barra 50cm<br \/>\nPuede se instalada en pared o techo<br \/>\nLos Focos-portal\u00e1mparas son orientables para adaptarse f\u00e1cilmente al dise\u00f1o interior que se desee, ofrece soluciones uso residencial y comercial.<\/p>\n<p>Este aplique est\u00e1 dise\u00f1ado para emplear 3 ampolletas de LED o Hal\u00f3gena (Max 60W) tipo R63 o menor a 60mm de diametro con soquete E27.<\/p>\n<p>NO INCLUYE LA AMPOLLETA<\/p>\n<p>Este tipo de apliques puede adoptar varios roles dentro la iluminaci\u00f3n del espacio dependiendo del tipo de ampolleta que le pongamos.<br \/>\nSi optamos por una iluminaci\u00f3n tenue ser\u00e1 el elemento ideal para crear una atmosfera c\u00e1lida y acogedora.<br \/>\nSi optamos por una ampolleta fr\u00eda, un poco m\u00e1s potente, puede convertirse en una luz auxiliar perfecta para iluminar cualquier zona.<br \/>\nDise\u00f1ado para un uso en zonas interiores, el aplique orientable puede verse en multitud de espacios, ya sea comerciales o dom\u00e9sticos, siendo los m\u00e1s habituales: tiendas, vitrinas, complejos comerciales, supermercados, salas de exposiciones, salones, dormitorios, cocinas, pasillos, ba\u00f1os, etc.<\/p>\n<p>Acabado en Negro, construido con metal. Tiene un grado de protecci\u00f3n IP20 (v\u00e1lido para polvo y humedad en interiores), adem\u00e1s de ser suficientemente robusto para las exigencias requeridas<\/p>\n","protected":false},"excerpt":{"rendered":"<p>Lampara Barra 3 focos direccionales para muro o techo Soquete Tradicional E27 En color Negro, Medidas de cada foco 60x145x130mm. Largo de la barra 50cm Puede se instalada en pared o techo Los Focos-portal\u00e1mparas son orientables para adaptarse f\u00e1cilmente al dise\u00f1o interior que se desee, ofrece soluciones uso residencial y comercial. Este aplique est\u00e1 dise\u00f1ado [&#8230;]\n","protected":false},"featured_media":79332,"comment_status":"open","ping_status":"closed","template":"","meta":{"_joinchat":[]},"product_brand":[],"product_cat":[192,103,106,108],"product_tag":[131,424,182,148,123],"class_list":{"0":"post-79318","1":"product","2":"type-product","3":"status-publish","4":"has-post-thumbnail","6":"product_cat-lamparas-techo","7":"product_cat-lamparas-y-apliques","8":"product_cat-apliques","9":"product_cat-lamparas-de-muro","10":"product_tag-aplique","11":"product_tag-lampara-barra","12":"product_tag-lampara-muro","13":"product_tag-lampara-techo","14":"product_tag-lampara-triple","16":"first","17":"instock","18":"shipping-taxable","19":"purchasable","20":"product-type-simple"},"_links":{"self":[{"href":"https:\/\/www.tiendaled.cl\/index.php?rest_route=\/wp\/v2\/product\/79318","targetHints":{"allow":["GET"]}}],"collection":[{"href":"https:\/\/www.tiendaled.cl\/index.php?rest_route=\/wp\/v2\/product"}],"about":[{"href":"https:\/\/www.tiendaled.cl\/index.php?rest_route=\/wp\/v2\/types\/product"}],"replies":[{"embeddable":true,"href":"https:\/\/www.tiendaled.cl\/index.php?rest_route=%2Fwp%2Fv2%2Fcomments&post=79318"}],"wp:featuredmedia":[{"embeddable":true,"href":"https:\/\/www.tiendaled.cl\/index.php?rest_route=\/wp\/v2\/media\/79332"}],"wp:attachment":[{"href":"https:\/\/www.tiendaled.cl\/index.php?rest_route=%2Fwp%2Fv2%2Fmedia&parent=79318"}],"wp:term":[{"taxonomy":"product_brand","embeddable":true,"href":"https:\/\/www.tiendaled.cl\/index.php?rest_route=%2Fwp%2Fv2%2Fproduct_brand&post=79318"},{"taxonomy":"product_cat","embeddable":true,"href":"https:\/\/www.tiendaled.cl\/index.php?rest_route=%2Fwp%2Fv2%2Fproduct_cat&post=79318"},{"taxonomy":"product_tag","embeddable":true,"href":"https:\/\/www.tiendaled.cl\/index.php?rest_route=%2Fwp%2Fv2%2Fproduct_tag&post=79318"}],"curies":[{"name":"wp","href":"https:\/\/api.w.org\/{rel}","templated":true}]}}