{"id":79215,"date":"2024-04-28T00:50:33","date_gmt":"2024-04-28T02:50:33","guid":{"rendered":"https:\/\/www.tiendaled.cl\/?post_type=product&#038;p=79215"},"modified":"2024-04-28T00:50:33","modified_gmt":"2024-04-28T02:50:33","slug":"foco-campana-led-ufo-200w-6000k-policarbonato","status":"publish","type":"product","link":"https:\/\/www.tiendaled.cl\/?product=foco-campana-led-ufo-200w-6000k-policarbonato","title":{"rendered":"Foco Campana Led Ufo 200w 6000k Policarbonato"},"content":{"rendered":"<p>Nueva campana led Industrial UFO de 200W<br \/>\nFabricada en Grafano y Policarbonato, mejorando su vida util<\/p>\n<p>La campana Industrial Serie UFO para reemplazar las antiguas campanas industriales. Destaca por su larga vida \u00fatil y su gran<br \/>\npotencia lum\u00ednica de amplia cobertura por lo que es ideal para espacios amplios y de gran altura.<br \/>\nLuminaria compacta de luz blanca, con 24000 lumens.<br \/>\nDise\u00f1ada para f\u00e1bricas, almacenes, talleres, naves industriales, parkings, supermercados, gasolineras, salas de exposiciones, gimnasios, peajes, etc&#8230;<\/p>\n<p>Altamente eficiente y de bajo consumo, puede reemplazar las l\u00e1mparas tradicionales como las l\u00e1mparas de halogenuros<br \/>\nmet\u00e1licos y las l\u00e1mparas de sodio<br \/>\nUnidad de corriente constante aislada, sin demora en el arranque.<br \/>\nFuente de alimentaci\u00f3n incorporada con protecci\u00f3n contra cortocircuitos, protecci\u00f3n contra sobrecarga, protecci\u00f3n contra sobretensi\u00f3n, rango de voltaje amplio (AC180V-240V)<br \/>\nF\u00e1cil de instalar y ampliamente utilizado<br \/>\nVerde, ecol\u00f3gico, libre de plomo, mercurio y otros contaminantes<br \/>\nReflector de alta calidad y disipador de calor, con superficie inoxidable, y anticorrosiva;<\/p>\n<p>Con chips SMD Sanan3030 que garantiza una larga vida a la luminaria. Los LED en alumbrado industrial proporciona un gran ahorro de<br \/>\nenerg\u00eda y larga vida.<\/p>\n<p>&nbsp;<\/p>\n<p>Dimensiones 30cm de diametro 5 cm de alto<\/p>\n","protected":false},"excerpt":{"rendered":"<p>Nueva campana led Industrial UFO de 200W Fabricada en Grafano y Policarbonato, mejorando su vida util La campana Industrial Serie UFO para reemplazar las antiguas campanas industriales. Destaca por su larga vida \u00fatil y su gran potencia lum\u00ednica de amplia cobertura por lo que es ideal para espacios amplios y de gran altura. Luminaria compacta [&#8230;]\n","protected":false},"featured_media":79216,"comment_status":"open","ping_status":"closed","template":"","meta":{"_joinchat":[]},"product_brand":[],"product_cat":[92,94,98,99,101],"product_tag":[321,407,408,226,322,406,405],"class_list":{"0":"post-79215","1":"product","2":"type-product","3":"status-publish","4":"has-post-thumbnail","6":"product_cat-productos-led","7":"product_cat-plafones-led","8":"product_cat-proyectores-led","9":"product_cat-campanas-led","10":"product_cat-luminaria-led","11":"product_tag-foco-ufo","12":"product_tag-iluminacion-bodega","13":"product_tag-iluminacion-galpon","14":"product_tag-luminaria-led","15":"product_tag-ufo","16":"product_tag-ufo-200w","17":"product_tag-ufo-led","19":"first","20":"instock","21":"shipping-taxable","22":"purchasable","23":"product-type-simple"},"_links":{"self":[{"href":"https:\/\/www.tiendaled.cl\/index.php?rest_route=\/wp\/v2\/product\/79215","targetHints":{"allow":["GET"]}}],"collection":[{"href":"https:\/\/www.tiendaled.cl\/index.php?rest_route=\/wp\/v2\/product"}],"about":[{"href":"https:\/\/www.tiendaled.cl\/index.php?rest_route=\/wp\/v2\/types\/product"}],"replies":[{"embeddable":true,"href":"https:\/\/www.tiendaled.cl\/index.php?rest_route=%2Fwp%2Fv2%2Fcomments&post=79215"}],"wp:featuredmedia":[{"embeddable":true,"href":"https:\/\/www.tiendaled.cl\/index.php?rest_route=\/wp\/v2\/media\/79216"}],"wp:attachment":[{"href":"https:\/\/www.tiendaled.cl\/index.php?rest_route=%2Fwp%2Fv2%2Fmedia&parent=79215"}],"wp:term":[{"taxonomy":"product_brand","embeddable":true,"href":"https:\/\/www.tiendaled.cl\/index.php?rest_route=%2Fwp%2Fv2%2Fproduct_brand&post=79215"},{"taxonomy":"product_cat","embeddable":true,"href":"https:\/\/www.tiendaled.cl\/index.php?rest_route=%2Fwp%2Fv2%2Fproduct_cat&post=79215"},{"taxonomy":"product_tag","embeddable":true,"href":"https:\/\/www.tiendaled.cl\/index.php?rest_route=%2Fwp%2Fv2%2Fproduct_tag&post=79215"}],"curies":[{"name":"wp","href":"https:\/\/api.w.org\/{rel}","templated":true}]}}