{"id":79135,"date":"2024-03-26T10:45:19","date_gmt":"2024-03-26T12:45:19","guid":{"rendered":"https:\/\/www.tiendaled.cl\/?post_type=product&#038;p=79135"},"modified":"2026-04-27T16:23:52","modified_gmt":"2026-04-27T18:23:52","slug":"aplique-lampara-de-pared-rustica-hierro-y-canamo","status":"publish","type":"product","link":"https:\/\/www.tiendaled.cl\/?product=aplique-lampara-de-pared-rustica-hierro-y-canamo","title":{"rendered":"Aplique Lampara De Pared Rustica Hierro Y Ca\u00f1amo"},"content":{"rendered":"<p>De dise\u00f1o clasico, este aplique de pared bellamente elaborado con estilo industrial campestre agrega una atm\u00f3sfera \u00fanica perfecta, hace que su espacio sea m\u00e1s atractivo y distintivo<br \/>\nSus dimensiones son altura de 23 cm y ancho de 20 cm<\/p>\n<p>De soquete tradicional E27 utiliza ampolletas que pueden ser LED, incandescentes o fluorescentes La potencia m\u00e1xima recomendada de la bombilla es de 40-60w.<br \/>\nNO INCLUYE AMPOLLETA<br \/>\nL\u00e1mpara f\u00e1cil de montar e instalar que puede instalar el aplique de pared usted mismo.<\/p>\n<p>Dise\u00f1o de lampara que encaja muy bien en muchas decoraciones, especialmente en cafeter\u00edas, salas de estar, cocinas, dormitorios, restaurantes, bares, bistr\u00f3, panader\u00edas, casas de campo y estudios.<\/p>\n","protected":false},"excerpt":{"rendered":"<p>De dise\u00f1o clasico, este aplique de pared bellamente elaborado con estilo industrial campestre agrega una atm\u00f3sfera \u00fanica perfecta, hace que su espacio sea m\u00e1s atractivo y distintivo Sus dimensiones son altura de 23 cm y ancho de 20 cm De soquete tradicional E27 utiliza ampolletas que pueden ser LED, incandescentes o fluorescentes La potencia m\u00e1xima [&#8230;]\n","protected":false},"featured_media":79141,"comment_status":"open","ping_status":"closed","template":"","meta":{"_joinchat":[]},"product_brand":[],"product_cat":[181,103,106,104,108],"product_tag":[131,402,376,288,221],"class_list":{"0":"post-79135","1":"product","2":"type-product","3":"status-publish","4":"has-post-thumbnail","6":"product_cat-lamparas-canamo","7":"product_cat-lamparas-y-apliques","8":"product_cat-apliques","9":"product_cat-apliques-vintage","10":"product_cat-lamparas-de-muro","11":"product_tag-aplique","12":"product_tag-aplique-campestre","13":"product_tag-aplique-canamo","14":"product_tag-aplique-de-muro","15":"product_tag-aplique-rustico","17":"first","18":"instock","19":"sale","20":"shipping-taxable","21":"purchasable","22":"product-type-simple"},"_links":{"self":[{"href":"https:\/\/www.tiendaled.cl\/index.php?rest_route=\/wp\/v2\/product\/79135","targetHints":{"allow":["GET"]}}],"collection":[{"href":"https:\/\/www.tiendaled.cl\/index.php?rest_route=\/wp\/v2\/product"}],"about":[{"href":"https:\/\/www.tiendaled.cl\/index.php?rest_route=\/wp\/v2\/types\/product"}],"replies":[{"embeddable":true,"href":"https:\/\/www.tiendaled.cl\/index.php?rest_route=%2Fwp%2Fv2%2Fcomments&post=79135"}],"wp:featuredmedia":[{"embeddable":true,"href":"https:\/\/www.tiendaled.cl\/index.php?rest_route=\/wp\/v2\/media\/79141"}],"wp:attachment":[{"href":"https:\/\/www.tiendaled.cl\/index.php?rest_route=%2Fwp%2Fv2%2Fmedia&parent=79135"}],"wp:term":[{"taxonomy":"product_brand","embeddable":true,"href":"https:\/\/www.tiendaled.cl\/index.php?rest_route=%2Fwp%2Fv2%2Fproduct_brand&post=79135"},{"taxonomy":"product_cat","embeddable":true,"href":"https:\/\/www.tiendaled.cl\/index.php?rest_route=%2Fwp%2Fv2%2Fproduct_cat&post=79135"},{"taxonomy":"product_tag","embeddable":true,"href":"https:\/\/www.tiendaled.cl\/index.php?rest_route=%2Fwp%2Fv2%2Fproduct_tag&post=79135"}],"curies":[{"name":"wp","href":"https:\/\/api.w.org\/{rel}","templated":true}]}}