{"id":79109,"date":"2024-03-14T12:30:29","date_gmt":"2024-03-14T14:30:29","guid":{"rendered":"https:\/\/www.tiendaled.cl\/?post_type=product&#038;p=79109"},"modified":"2024-03-14T12:30:29","modified_gmt":"2024-03-14T14:30:29","slug":"lampara-colgante-rustica-hierro-canamo-4-aros-e27","status":"publish","type":"product","link":"https:\/\/www.tiendaled.cl\/?product=lampara-colgante-rustica-hierro-canamo-4-aros-e27","title":{"rendered":"Lampara Colgante Rustica Hierro Ca\u00f1amo 4 Aros E27"},"content":{"rendered":"<p>L\u00e1mpara Colgante Rustica Moderna 4 Aros<br \/>\nSoquete E27<br \/>\nAcabado en cuerda, hierro y forja.<br \/>\nCuatro Soquetes E 27 apto para ampolletas LED Vintage<\/p>\n<p>NO INCLUYE LAS AMPOLLETAS<\/p>\n<p>Medidas: 82cm m\u00e1ximo de altura x 70 cm de ancho x 20 cm de fondo.<br \/>\nL\u00e1mpara de techo para restaurantes, bodegas, sal\u00f3n r\u00fastico\u2026<br \/>\n. \u2013<br \/>\nSu apariencia moderna se adapta a muchos estilos de decoraci\u00f3n<br \/>\nNo es solo una iluminaci\u00f3n, sino tambi\u00e9n una buena decoraci\u00f3n para el espacio.<br \/>\nPerfecto para cocina \/ comedor \/ dormitorio \/ cafeter\u00eda \/ bar \/ discoteca iluminaci\u00f3n.<br \/>\nTama\u00f1o recomendado de la habitaci\u00f3n: 8-20\u00bf.<\/p>\n","protected":false},"excerpt":{"rendered":"<p>L\u00e1mpara Colgante Rustica Moderna 4 Aros Soquete E27 Acabado en cuerda, hierro y forja. Cuatro Soquetes E 27 apto para ampolletas LED Vintage NO INCLUYE LAS AMPOLLETAS Medidas: 82cm m\u00e1ximo de altura x 70 cm de ancho x 20 cm de fondo. L\u00e1mpara de techo para restaurantes, bodegas, sal\u00f3n r\u00fastico\u2026 . \u2013 Su apariencia moderna [&#8230;]\n","protected":false},"featured_media":79112,"comment_status":"open","ping_status":"closed","template":"","meta":{"_joinchat":[]},"product_brand":[],"product_cat":[181,192,103,111],"product_tag":[120,173,122,177,147],"class_list":{"0":"post-79109","1":"product","2":"type-product","3":"status-publish","4":"has-post-thumbnail","6":"product_cat-lamparas-canamo","7":"product_cat-lamparas-techo","8":"product_cat-lamparas-y-apliques","9":"product_cat-lamparas-colgantes","10":"product_tag-lampara","11":"product_tag-lampara-canamo","12":"product_tag-lampara-colgante","13":"product_tag-lampara-moderna","14":"product_tag-lampara-rustica","16":"first","17":"instock","18":"shipping-taxable","19":"purchasable","20":"product-type-simple"},"_links":{"self":[{"href":"https:\/\/www.tiendaled.cl\/index.php?rest_route=\/wp\/v2\/product\/79109","targetHints":{"allow":["GET"]}}],"collection":[{"href":"https:\/\/www.tiendaled.cl\/index.php?rest_route=\/wp\/v2\/product"}],"about":[{"href":"https:\/\/www.tiendaled.cl\/index.php?rest_route=\/wp\/v2\/types\/product"}],"replies":[{"embeddable":true,"href":"https:\/\/www.tiendaled.cl\/index.php?rest_route=%2Fwp%2Fv2%2Fcomments&post=79109"}],"wp:featuredmedia":[{"embeddable":true,"href":"https:\/\/www.tiendaled.cl\/index.php?rest_route=\/wp\/v2\/media\/79112"}],"wp:attachment":[{"href":"https:\/\/www.tiendaled.cl\/index.php?rest_route=%2Fwp%2Fv2%2Fmedia&parent=79109"}],"wp:term":[{"taxonomy":"product_brand","embeddable":true,"href":"https:\/\/www.tiendaled.cl\/index.php?rest_route=%2Fwp%2Fv2%2Fproduct_brand&post=79109"},{"taxonomy":"product_cat","embeddable":true,"href":"https:\/\/www.tiendaled.cl\/index.php?rest_route=%2Fwp%2Fv2%2Fproduct_cat&post=79109"},{"taxonomy":"product_tag","embeddable":true,"href":"https:\/\/www.tiendaled.cl\/index.php?rest_route=%2Fwp%2Fv2%2Fproduct_tag&post=79109"}],"curies":[{"name":"wp","href":"https:\/\/api.w.org\/{rel}","templated":true}]}}