{"id":79101,"date":"2024-03-13T00:51:51","date_gmt":"2024-03-13T02:51:51","guid":{"rendered":"https:\/\/www.tiendaled.cl\/?post_type=product&#038;p=79101"},"modified":"2024-03-13T00:51:51","modified_gmt":"2024-03-13T02:51:51","slug":"lampara-techo-industrial-dorada-nordica-estilo-berlin","status":"publish","type":"product","link":"https:\/\/www.tiendaled.cl\/?product=lampara-techo-industrial-dorada-nordica-estilo-berlin","title":{"rendered":"Lampara Techo Industrial Dorada Nordica Estilo Berlin"},"content":{"rendered":"<p>Inspirada en las que se utilizaban en las grandes f\u00e1bricas de principios del siglo XX, esta l\u00e1mpara es una pieza vers\u00e1til que destaca por sus l\u00edneas sencillas y tremendamente industriales.<br \/>\nLos comedores, son los espacios que m\u00e1s luz necesitan, es por esto, por lo que este tipo de l\u00e1mparas son ideales para ofrecer la luz directa que se requiere.<br \/>\nTe recomendamos poner varias l\u00e1mparas formando una hilera, conseguir\u00e1s un estilo industrial 100%.<\/p>\n<p>Usa ampolletas de soquete tradicional e27<br \/>\nAMPOLLETAS NO INCLUIDAS<\/p>\n","protected":false},"excerpt":{"rendered":"<p>Inspirada en las que se utilizaban en las grandes f\u00e1bricas de principios del siglo XX, esta l\u00e1mpara es una pieza vers\u00e1til que destaca por sus l\u00edneas sencillas y tremendamente industriales. Los comedores, son los espacios que m\u00e1s luz necesitan, es por esto, por lo que este tipo de l\u00e1mparas son ideales para ofrecer la luz [&#8230;]\n","protected":false},"featured_media":79104,"comment_status":"open","ping_status":"closed","template":"","meta":{"_joinchat":[]},"product_brand":[],"product_cat":[192,103,111,105],"product_tag":[120,367,122,126,207],"class_list":{"0":"post-79101","1":"product","2":"type-product","3":"status-publish","4":"has-post-thumbnail","6":"product_cat-lamparas-techo","7":"product_cat-lamparas-y-apliques","8":"product_cat-lamparas-colgantes","9":"product_cat-lamparas-vintage","10":"product_tag-lampara","11":"product_tag-lampara-campana","12":"product_tag-lampara-colgante","13":"product_tag-lampara-dorada","14":"product_tag-lampara-industrial","16":"first","17":"instock","18":"shipping-taxable","19":"purchasable","20":"product-type-simple"},"_links":{"self":[{"href":"https:\/\/www.tiendaled.cl\/index.php?rest_route=\/wp\/v2\/product\/79101","targetHints":{"allow":["GET"]}}],"collection":[{"href":"https:\/\/www.tiendaled.cl\/index.php?rest_route=\/wp\/v2\/product"}],"about":[{"href":"https:\/\/www.tiendaled.cl\/index.php?rest_route=\/wp\/v2\/types\/product"}],"replies":[{"embeddable":true,"href":"https:\/\/www.tiendaled.cl\/index.php?rest_route=%2Fwp%2Fv2%2Fcomments&post=79101"}],"wp:featuredmedia":[{"embeddable":true,"href":"https:\/\/www.tiendaled.cl\/index.php?rest_route=\/wp\/v2\/media\/79104"}],"wp:attachment":[{"href":"https:\/\/www.tiendaled.cl\/index.php?rest_route=%2Fwp%2Fv2%2Fmedia&parent=79101"}],"wp:term":[{"taxonomy":"product_brand","embeddable":true,"href":"https:\/\/www.tiendaled.cl\/index.php?rest_route=%2Fwp%2Fv2%2Fproduct_brand&post=79101"},{"taxonomy":"product_cat","embeddable":true,"href":"https:\/\/www.tiendaled.cl\/index.php?rest_route=%2Fwp%2Fv2%2Fproduct_cat&post=79101"},{"taxonomy":"product_tag","embeddable":true,"href":"https:\/\/www.tiendaled.cl\/index.php?rest_route=%2Fwp%2Fv2%2Fproduct_tag&post=79101"}],"curies":[{"name":"wp","href":"https:\/\/api.w.org\/{rel}","templated":true}]}}