{"id":79046,"date":"2024-03-07T23:53:21","date_gmt":"2024-03-08T01:53:21","guid":{"rendered":"https:\/\/www.tiendaled.cl\/?post_type=product&#038;p=79046"},"modified":"2024-04-30T21:12:54","modified_gmt":"2024-04-30T23:12:54","slug":"lampara-colgante-vintage-de-madera-diseno-viga-4-soquetes","status":"publish","type":"product","link":"https:\/\/www.tiendaled.cl\/?product=lampara-colgante-vintage-de-madera-diseno-viga-4-soquetes","title":{"rendered":"Lampara Colgante Vintage De Madera Dise\u00f1o Viga 4 Soquetes"},"content":{"rendered":"<p>Esta l\u00e1mpara tiene un dise\u00f1o artesanal \u00fanico<br \/>\nFabricada en madera<br \/>\nIncorpora 4 soquetes para ser utilizada idealmente con ampolletas led Vintage<br \/>\nElegante superficie baja en carbono, antioxidante, y duradera.<br \/>\nUna l\u00e1mpara est\u00e9ticamente agradable se ve art\u00edstica y vintage.<br \/>\nAgregue un sentido de historia a cualquier lugar de su casa<\/p>\n<p>L\u00e1mpara de ara\u00f1a de madera de 4 ampolletas\/ l\u00e1mpara colgante m\u00faltiple en estilo industrial vintage que transforma cualquier espacio con su ambiente retro encantador, aporta una iluminaci\u00f3n c\u00e1lida en cualquier lugar.<\/p>\n<p>Candelabro lineal con acabado de madera r\u00fastica y diferentes estilos de envoltura formados diferentes modelos para adaptarse a la decoraci\u00f3n del espacio.<\/p>\n<p>La viga de madera cuenta con 54cm de largo, 12 cmde ancho, la altura m\u00e1xima de la cadena ajustable es de 80cm<br \/>\nIdeal para ser utilizada con ampolletas led vintage de filamento<br \/>\nSoquete tradicional E27<br \/>\nNO INCLUYE AMPOLLETAS<\/p>\n","protected":false},"excerpt":{"rendered":"<p>Esta l\u00e1mpara tiene un dise\u00f1o artesanal \u00fanico Fabricada en madera Incorpora 4 soquetes para ser utilizada idealmente con ampolletas led Vintage Elegante superficie baja en carbono, antioxidante, y duradera. Una l\u00e1mpara est\u00e9ticamente agradable se ve art\u00edstica y vintage. Agregue un sentido de historia a cualquier lugar de su casa L\u00e1mpara de ara\u00f1a de madera de [&#8230;]\n","protected":false},"featured_media":79052,"comment_status":"open","ping_status":"closed","template":"","meta":{"_joinchat":[]},"product_brand":[],"product_cat":[181,103,111,105],"product_tag":[398,120,173,202,397,399,400],"class_list":{"0":"post-79046","1":"product","2":"type-product","3":"status-publish","4":"has-post-thumbnail","6":"product_cat-lamparas-canamo","7":"product_cat-lamparas-y-apliques","8":"product_cat-lamparas-colgantes","9":"product_cat-lamparas-vintage","10":"product_tag-canamo-madera","11":"product_tag-lampara","12":"product_tag-lampara-canamo","13":"product_tag-lampara-madera","14":"product_tag-lampara-viga","15":"product_tag-madera","16":"product_tag-viga","18":"first","19":"outofstock","20":"shipping-taxable","21":"purchasable","22":"product-type-simple"},"_links":{"self":[{"href":"https:\/\/www.tiendaled.cl\/index.php?rest_route=\/wp\/v2\/product\/79046","targetHints":{"allow":["GET"]}}],"collection":[{"href":"https:\/\/www.tiendaled.cl\/index.php?rest_route=\/wp\/v2\/product"}],"about":[{"href":"https:\/\/www.tiendaled.cl\/index.php?rest_route=\/wp\/v2\/types\/product"}],"replies":[{"embeddable":true,"href":"https:\/\/www.tiendaled.cl\/index.php?rest_route=%2Fwp%2Fv2%2Fcomments&post=79046"}],"wp:featuredmedia":[{"embeddable":true,"href":"https:\/\/www.tiendaled.cl\/index.php?rest_route=\/wp\/v2\/media\/79052"}],"wp:attachment":[{"href":"https:\/\/www.tiendaled.cl\/index.php?rest_route=%2Fwp%2Fv2%2Fmedia&parent=79046"}],"wp:term":[{"taxonomy":"product_brand","embeddable":true,"href":"https:\/\/www.tiendaled.cl\/index.php?rest_route=%2Fwp%2Fv2%2Fproduct_brand&post=79046"},{"taxonomy":"product_cat","embeddable":true,"href":"https:\/\/www.tiendaled.cl\/index.php?rest_route=%2Fwp%2Fv2%2Fproduct_cat&post=79046"},{"taxonomy":"product_tag","embeddable":true,"href":"https:\/\/www.tiendaled.cl\/index.php?rest_route=%2Fwp%2Fv2%2Fproduct_tag&post=79046"}],"curies":[{"name":"wp","href":"https:\/\/api.w.org\/{rel}","templated":true}]}}