{"id":79030,"date":"2024-03-07T09:43:32","date_gmt":"2024-03-07T11:43:32","guid":{"rendered":"https:\/\/www.tiendaled.cl\/?post_type=product&#038;p=79030"},"modified":"2025-11-24T15:31:53","modified_gmt":"2025-11-24T17:31:53","slug":"luminaria-lineal-led-de-alta-potencia-blanca-80w-luz-fria","status":"publish","type":"product","link":"https:\/\/www.tiendaled.cl\/?product=luminaria-lineal-led-de-alta-potencia-blanca-80w-luz-fria","title":{"rendered":"Luminaria Lineal Led De Alta Potencia Blanca 80w Luz Fria"},"content":{"rendered":"<p>Esta luminaria lineal LED de 120 cm cuenta con un moderno dise\u00f1o y unas excelentes prestaciones, siendo una opci\u00f3n ideal para reemplazar las obsoletas luminarias fluorescentes.<\/p>\n<p>Puede instalarse tanto en techo como en pared de manera sencilla y la conexi\u00f3n el\u00e9ctrica no requiere caja de empalme adicional, ya que se realiza directamente a la red el\u00e9ctrica mediante conexiones en el interior de la luminaria.<\/p>\n<p>Presenta un \u00e1ngulo de apertura de 180\u00ba del haz de luz y un difusor blanco opal que le permiten emitir una luz homog\u00e9nea y sin deslumbramientos. Cuenta con chips LED SMD 2835 de 60W de potencia, una luminosidad de 7800 l\u00famenes, y un alto \u00edndice de reproducci\u00f3n crom\u00e1tica (CRI&gt;80), permitiendo visualizar los colores con una gran fidelidad<br \/>\nTemperatura de la luz(6000K) Luz fria<\/p>\n<p>Por su eficiencia y durabilidad es un producto ideal para instalar en zonas que requieren muchas horas de encendido tales como aparcamientos, supermercados, centros comerciales, oficinas, colegios, etc. Tambi\u00e9n puede utilizarse para instalar en el hogar donde requiera una iluminacion mas eficiente.<\/p>\n","protected":false},"excerpt":{"rendered":"<p>Esta luminaria lineal LED de 120 cm cuenta con un moderno dise\u00f1o y unas excelentes prestaciones, siendo una opci\u00f3n ideal para reemplazar las obsoletas luminarias fluorescentes. Puede instalarse tanto en techo como en pared de manera sencilla y la conexi\u00f3n el\u00e9ctrica no requiere caja de empalme adicional, ya que se realiza directamente a la red [&#8230;]\n","protected":false},"featured_media":79042,"comment_status":"open","ping_status":"closed","template":"","meta":{"_joinchat":[]},"product_brand":[],"product_cat":[92,95,96,97,101],"product_tag":[238,395,335,396],"class_list":{"0":"post-79030","1":"product","2":"type-product","3":"status-publish","4":"has-post-thumbnail","6":"product_cat-productos-led","7":"product_cat-tubos-led","8":"product_cat-paneles-led","9":"product_cat-tiras-led","10":"product_cat-luminaria-led","11":"product_tag-barra-led","12":"product_tag-barra-lineal","13":"product_tag-lampara-led","14":"product_tag-lampara-lineal","16":"first","17":"instock","18":"shipping-taxable","19":"purchasable","20":"product-type-simple"},"_links":{"self":[{"href":"https:\/\/www.tiendaled.cl\/index.php?rest_route=\/wp\/v2\/product\/79030","targetHints":{"allow":["GET"]}}],"collection":[{"href":"https:\/\/www.tiendaled.cl\/index.php?rest_route=\/wp\/v2\/product"}],"about":[{"href":"https:\/\/www.tiendaled.cl\/index.php?rest_route=\/wp\/v2\/types\/product"}],"replies":[{"embeddable":true,"href":"https:\/\/www.tiendaled.cl\/index.php?rest_route=%2Fwp%2Fv2%2Fcomments&post=79030"}],"wp:featuredmedia":[{"embeddable":true,"href":"https:\/\/www.tiendaled.cl\/index.php?rest_route=\/wp\/v2\/media\/79042"}],"wp:attachment":[{"href":"https:\/\/www.tiendaled.cl\/index.php?rest_route=%2Fwp%2Fv2%2Fmedia&parent=79030"}],"wp:term":[{"taxonomy":"product_brand","embeddable":true,"href":"https:\/\/www.tiendaled.cl\/index.php?rest_route=%2Fwp%2Fv2%2Fproduct_brand&post=79030"},{"taxonomy":"product_cat","embeddable":true,"href":"https:\/\/www.tiendaled.cl\/index.php?rest_route=%2Fwp%2Fv2%2Fproduct_cat&post=79030"},{"taxonomy":"product_tag","embeddable":true,"href":"https:\/\/www.tiendaled.cl\/index.php?rest_route=%2Fwp%2Fv2%2Fproduct_tag&post=79030"}],"curies":[{"name":"wp","href":"https:\/\/api.w.org\/{rel}","templated":true}]}}