{"id":78976,"date":"2024-02-10T21:50:42","date_gmt":"2024-02-10T23:50:42","guid":{"rendered":"https:\/\/www.tiendaled.cl\/?post_type=product&#038;p=78976"},"modified":"2024-02-10T21:50:42","modified_gmt":"2024-02-10T23:50:42","slug":"lampara-aplique-triple-muro-y-techo-negro-3-focos-gu10","status":"publish","type":"product","link":"https:\/\/www.tiendaled.cl\/?product=lampara-aplique-triple-muro-y-techo-negro-3-focos-gu10","title":{"rendered":"Lampara Aplique Triple Muro Y Techo Negro 3 Focos Gu10"},"content":{"rendered":"<p>Esta Lampara Aplique de techo y muro negro est\u00e1 fabricado en aluminio.<br \/>\nIncorpora tres focos de soquete GU10<br \/>\nNO INCLUYE LAS AMPOLLETAS<\/p>\n<p>Foco de alto rendimiento, perfecto para aquellos espacios que requieren funcionalidad y est\u00e9tica, proporcionando una iluminaci\u00f3n de calidad superior en un dise\u00f1o elegante y contempor\u00e1neo.<\/p>\n<p>Con una base rectangular , incorpora tres focos para ampolletas de soquete GU-10 de hasta 50W cada una.<br \/>\nPermite una gran flexibilidad en la iluminaci\u00f3n, ya que puede ajustar y personalizar el nivel y la temperatura de la luz de acuerdo a sus necesidades y preferencias.<br \/>\nLa dispersi\u00f3n de luz amplia y uniforme crea un ambiente acogedor y c\u00e1lido, ideal para cualquier espacio residencial o comercial.<\/p>\n<p>El dise\u00f1o simple de este foco es muy adecuado como l\u00e1mpara de acento o l\u00e1mpara de sal\u00f3n. Gracias a su c\u00f3modo mecanismo pivotante y giratorio, se puede utilizar como aplique, plaf\u00f3n y otras aplicaciones de iluminaci\u00f3n.<\/p>\n<p>El cabezal de la l\u00e1mpara del foco de techo se puede girar 360 grados e inclinar 90 grados. Simplemente gire el cabezal de la l\u00e1mpara en la direcci\u00f3n deseada para ajustarlo al \u00e1ngulo y la atm\u00f3sfera deseados. Puede establecer su propio enfoque de iluminaci\u00f3n y no hay l\u00edmite para la iluminaci\u00f3n personalizada.<\/p>\n","protected":false},"excerpt":{"rendered":"<p>Esta Lampara Aplique de techo y muro negro est\u00e1 fabricado en aluminio. Incorpora tres focos de soquete GU10 NO INCLUYE LAS AMPOLLETAS Foco de alto rendimiento, perfecto para aquellos espacios que requieren funcionalidad y est\u00e9tica, proporcionando una iluminaci\u00f3n de calidad superior en un dise\u00f1o elegante y contempor\u00e1neo. Con una base rectangular , incorpora tres focos [&#8230;]\n","protected":false},"featured_media":78978,"comment_status":"open","ping_status":"closed","template":"","meta":{"_joinchat":[]},"product_brand":[],"product_cat":[192,103,106,108,118],"product_tag":[131,263,391,182,148],"class_list":{"0":"post-78976","1":"product","2":"type-product","3":"status-publish","4":"has-post-thumbnail","6":"product_cat-lamparas-techo","7":"product_cat-lamparas-y-apliques","8":"product_cat-apliques","9":"product_cat-lamparas-de-muro","10":"product_cat-proyecto-de-iluminacion","11":"product_tag-aplique","12":"product_tag-aplique-gu10","13":"product_tag-aplique-triple","14":"product_tag-lampara-muro","15":"product_tag-lampara-techo","17":"first","18":"instock","19":"shipping-taxable","20":"purchasable","21":"product-type-simple"},"_links":{"self":[{"href":"https:\/\/www.tiendaled.cl\/index.php?rest_route=\/wp\/v2\/product\/78976","targetHints":{"allow":["GET"]}}],"collection":[{"href":"https:\/\/www.tiendaled.cl\/index.php?rest_route=\/wp\/v2\/product"}],"about":[{"href":"https:\/\/www.tiendaled.cl\/index.php?rest_route=\/wp\/v2\/types\/product"}],"replies":[{"embeddable":true,"href":"https:\/\/www.tiendaled.cl\/index.php?rest_route=%2Fwp%2Fv2%2Fcomments&post=78976"}],"wp:featuredmedia":[{"embeddable":true,"href":"https:\/\/www.tiendaled.cl\/index.php?rest_route=\/wp\/v2\/media\/78978"}],"wp:attachment":[{"href":"https:\/\/www.tiendaled.cl\/index.php?rest_route=%2Fwp%2Fv2%2Fmedia&parent=78976"}],"wp:term":[{"taxonomy":"product_brand","embeddable":true,"href":"https:\/\/www.tiendaled.cl\/index.php?rest_route=%2Fwp%2Fv2%2Fproduct_brand&post=78976"},{"taxonomy":"product_cat","embeddable":true,"href":"https:\/\/www.tiendaled.cl\/index.php?rest_route=%2Fwp%2Fv2%2Fproduct_cat&post=78976"},{"taxonomy":"product_tag","embeddable":true,"href":"https:\/\/www.tiendaled.cl\/index.php?rest_route=%2Fwp%2Fv2%2Fproduct_tag&post=78976"}],"curies":[{"name":"wp","href":"https:\/\/api.w.org\/{rel}","templated":true}]}}