{"id":78951,"date":"2024-02-08T03:33:09","date_gmt":"2024-02-08T05:33:09","guid":{"rendered":"https:\/\/www.tiendaled.cl\/?post_type=product&#038;p=78951"},"modified":"2024-03-10T00:31:03","modified_gmt":"2024-03-10T02:31:03","slug":"foco-sobrepuesto-gu10-muro-techo-cilindro-negro-220v","status":"publish","type":"product","link":"https:\/\/www.tiendaled.cl\/?product=foco-sobrepuesto-gu10-muro-techo-cilindro-negro-220v","title":{"rendered":"Foco Sobrepuesto Gu10 Muro &#8211; Techo Cilindro Negro 220v"},"content":{"rendered":"<p>Una iluminaci\u00f3n moderna, con este foco para sobreponer, dele un toque \u00fanico a eso espacio que necesita iluminaci\u00f3n spot<br \/>\nSu dise\u00f1o en forma de cilindro hacen de este foco, un elemento \u00fanico para pasillos, ba\u00f1os, entradas, terrazas, o cualquier lugar, tanto en casas como en comercios<br \/>\nUtiliza un ampolleta GU10 No Incluida<\/p>\n<p>Foco para sobreponer, formato cil\u00edndrico, uso interior y exterior, para base GU10.<br \/>\nIdeal para usa de terrazas e interior &#8211;<br \/>\nGrado: IP44<br \/>\nVidrio templado<br \/>\nCuerpo de aluminio inyectado<br \/>\nBase GU10<\/p>\n","protected":false},"excerpt":{"rendered":"<p>Una iluminaci\u00f3n moderna, con este foco para sobreponer, dele un toque \u00fanico a eso espacio que necesita iluminaci\u00f3n spot Su dise\u00f1o en forma de cilindro hacen de este foco, un elemento \u00fanico para pasillos, ba\u00f1os, entradas, terrazas, o cualquier lugar, tanto en casas como en comercios Utiliza un ampolleta GU10 No Incluida Foco para sobreponer, [&#8230;]\n","protected":false},"featured_media":79059,"comment_status":"open","ping_status":"closed","template":"","meta":{"_joinchat":[]},"product_brand":[],"product_cat":[192,103,106],"product_tag":[131,253,388,389,390],"class_list":{"0":"post-78951","1":"product","2":"type-product","3":"status-publish","4":"has-post-thumbnail","6":"product_cat-lamparas-techo","7":"product_cat-lamparas-y-apliques","8":"product_cat-apliques","9":"product_tag-aplique","10":"product_tag-aplique-techo","11":"product_tag-foco-gu10","12":"product_tag-foco-sobrepuesto","13":"product_tag-foco-techo","15":"first","16":"instock","17":"shipping-taxable","18":"purchasable","19":"product-type-simple"},"_links":{"self":[{"href":"https:\/\/www.tiendaled.cl\/index.php?rest_route=\/wp\/v2\/product\/78951","targetHints":{"allow":["GET"]}}],"collection":[{"href":"https:\/\/www.tiendaled.cl\/index.php?rest_route=\/wp\/v2\/product"}],"about":[{"href":"https:\/\/www.tiendaled.cl\/index.php?rest_route=\/wp\/v2\/types\/product"}],"replies":[{"embeddable":true,"href":"https:\/\/www.tiendaled.cl\/index.php?rest_route=%2Fwp%2Fv2%2Fcomments&post=78951"}],"wp:featuredmedia":[{"embeddable":true,"href":"https:\/\/www.tiendaled.cl\/index.php?rest_route=\/wp\/v2\/media\/79059"}],"wp:attachment":[{"href":"https:\/\/www.tiendaled.cl\/index.php?rest_route=%2Fwp%2Fv2%2Fmedia&parent=78951"}],"wp:term":[{"taxonomy":"product_brand","embeddable":true,"href":"https:\/\/www.tiendaled.cl\/index.php?rest_route=%2Fwp%2Fv2%2Fproduct_brand&post=78951"},{"taxonomy":"product_cat","embeddable":true,"href":"https:\/\/www.tiendaled.cl\/index.php?rest_route=%2Fwp%2Fv2%2Fproduct_cat&post=78951"},{"taxonomy":"product_tag","embeddable":true,"href":"https:\/\/www.tiendaled.cl\/index.php?rest_route=%2Fwp%2Fv2%2Fproduct_tag&post=78951"}],"curies":[{"name":"wp","href":"https:\/\/api.w.org\/{rel}","templated":true}]}}