{"id":78864,"date":"2024-01-16T02:54:46","date_gmt":"2024-01-16T04:54:46","guid":{"rendered":"https:\/\/www.tiendaled.cl\/?post_type=product&#038;p=78864"},"modified":"2024-01-16T02:54:46","modified_gmt":"2024-01-16T04:54:46","slug":"farol-aplique-solar-doble-con-sensor-de-movimiento","status":"publish","type":"product","link":"https:\/\/www.tiendaled.cl\/?product=farol-aplique-solar-doble-con-sensor-de-movimiento","title":{"rendered":"Farol Aplique Solar Doble Con Sensor De Movimiento"},"content":{"rendered":"<p>Farol aplique de pared , funciona con energ\u00eda solar, que es ecol\u00f3gica y rentable.<br \/>\nFabricado con material de alta calidad, esta l\u00e1mpara de pared es resistente y puede soportar condiciones clim\u00e1ticas adversas.<br \/>\nSe puede montar f\u00e1cilmente en cualquier pared exterior, lo que lo convierte en una soluci\u00f3n de iluminaci\u00f3n conveniente y pr\u00e1ctica para su espacio exterior.<br \/>\nSensor de fotocelda incorporado permitiendo que se enciende autom\u00e1ticamente al anochecer y se apaga al amanecer, brind\u00e1ndole una iluminaci\u00f3n sin problemas.<br \/>\nDise\u00f1o resistente al agua: con su dise\u00f1o resistente al agua, este aplique de pared se puede utilizar en cualquier espacio exterior, incluido el patio, el porche y el garaje.<\/p>\n<p>Incluye: 2 tornillo y 2 tarugos<br \/>\nMaterial: ABS pl\u00e1stico<br \/>\nMedidas: 15 cm alto x 14.5 cm largo x 4.5 cm ancho<br \/>\nSalida: 5.5V, 2W<br \/>\nCapacidad de la bater\u00eda: 1800 mAh<br \/>\n\u00c1ngulo del sensor: 120 grados<br \/>\nDistancia de inducci\u00f3n: 5-8 metros<br \/>\nBrillo: 1200LM<br \/>\nResistente al agua e intemperie<br \/>\n3 Modos de iluminacion con sensor de movimiento (alto, medio y bajo)<\/p>\n<p>Paneles solares avanzados que absorben los rayos del sol y los convierten en energ\u00eda. Se carga durante el d\u00eda y se enciende autom\u00e1ticamente por la noche. F\u00e1cil instalaci\u00f3n, sin necesidad de cables, la luz solar se carga alrededor de 8 horas durante el d\u00eda, la brillante luz solar puede proporcionar suficiente iluminaci\u00f3n por la noche.<\/p>\n","protected":false},"excerpt":{"rendered":"<p>Farol aplique de pared , funciona con energ\u00eda solar, que es ecol\u00f3gica y rentable. Fabricado con material de alta calidad, esta l\u00e1mpara de pared es resistente y puede soportar condiciones clim\u00e1ticas adversas. Se puede montar f\u00e1cilmente en cualquier pared exterior, lo que lo convierte en una soluci\u00f3n de iluminaci\u00f3n conveniente y pr\u00e1ctica para su espacio [&#8230;]\n","protected":false},"featured_media":78879,"comment_status":"open","ping_status":"closed","template":"","meta":{"_joinchat":[]},"product_brand":[],"product_cat":[92,100,103,106,107,112,115],"product_tag":[],"class_list":{"0":"post-78864","1":"product","2":"type-product","3":"status-publish","4":"has-post-thumbnail","6":"product_cat-productos-led","7":"product_cat-apliques-led","8":"product_cat-lamparas-y-apliques","9":"product_cat-apliques","10":"product_cat-faroles","11":"product_cat-iluminacion-solar","12":"product_cat-apliques-iluminacion-solar","14":"first","15":"instock","16":"shipping-taxable","17":"purchasable","18":"product-type-simple"},"_links":{"self":[{"href":"https:\/\/www.tiendaled.cl\/index.php?rest_route=\/wp\/v2\/product\/78864","targetHints":{"allow":["GET"]}}],"collection":[{"href":"https:\/\/www.tiendaled.cl\/index.php?rest_route=\/wp\/v2\/product"}],"about":[{"href":"https:\/\/www.tiendaled.cl\/index.php?rest_route=\/wp\/v2\/types\/product"}],"replies":[{"embeddable":true,"href":"https:\/\/www.tiendaled.cl\/index.php?rest_route=%2Fwp%2Fv2%2Fcomments&post=78864"}],"wp:featuredmedia":[{"embeddable":true,"href":"https:\/\/www.tiendaled.cl\/index.php?rest_route=\/wp\/v2\/media\/78879"}],"wp:attachment":[{"href":"https:\/\/www.tiendaled.cl\/index.php?rest_route=%2Fwp%2Fv2%2Fmedia&parent=78864"}],"wp:term":[{"taxonomy":"product_brand","embeddable":true,"href":"https:\/\/www.tiendaled.cl\/index.php?rest_route=%2Fwp%2Fv2%2Fproduct_brand&post=78864"},{"taxonomy":"product_cat","embeddable":true,"href":"https:\/\/www.tiendaled.cl\/index.php?rest_route=%2Fwp%2Fv2%2Fproduct_cat&post=78864"},{"taxonomy":"product_tag","embeddable":true,"href":"https:\/\/www.tiendaled.cl\/index.php?rest_route=%2Fwp%2Fv2%2Fproduct_tag&post=78864"}],"curies":[{"name":"wp","href":"https:\/\/api.w.org\/{rel}","templated":true}]}}