{"id":78851,"date":"2024-01-16T02:50:05","date_gmt":"2024-01-16T04:50:05","guid":{"rendered":"https:\/\/www.tiendaled.cl\/?post_type=product&#038;p=78851"},"modified":"2024-08-08T13:56:33","modified_gmt":"2024-08-08T15:56:33","slug":"farol-aplique-led-solar-3-ampolletas-impermeable-ip65","status":"publish","type":"product","link":"https:\/\/www.tiendaled.cl\/?product=farol-aplique-led-solar-3-ampolletas-impermeable-ip65","title":{"rendered":"Farol Aplique Led Solar 3 Ampolletas Impermeable Ip65"},"content":{"rendered":"<p>L\u00e1mpara solar de pared para exteriores cuenta con una eficiencia de salida un 10% mayor y una vida \u00fatil 100 veces m\u00e1s larga gracias a sus paneles solares policristalinos de primera calidad.<br \/>\nCon esta l\u00e1mpara solar de pared para exteriores, puede decir adi\u00f3s a los interruptores dif\u00edciles y disfrutar de una iluminaci\u00f3n sin esfuerzo.<br \/>\nPara mayor comodidad, cuenta con un sensor de control autom\u00e1tico de luz que le permite cargarse durante el d\u00eda y encenderse autom\u00e1ticamente por la noche.<br \/>\nDise\u00f1o ajustable: para cambiar entre los tras modos (atenuaci\u00f3n del cuerpo humano, control de luz inteligente y apagado de la luz al caminar), presione el bot\u00f3n.<br \/>\nEs ideal para iluminar tu camino a casa por la noche gracias a su portabilidad y modos personalizables.<br \/>\nEste aplique solar para exteriores tiene una bater\u00eda de litio integrada de 800\/1200 mAh que ofrece una duraci\u00f3n de bater\u00eda robusta para una iluminaci\u00f3n continua.<br \/>\nPor la noche, ilumina tu entorno y disfruta de un brillo constante.<br \/>\nEs capaz de tolerar aguaceros y tiene una clasificaci\u00f3n de impermeabilidad IP65, lo que lo hace resistente a las condiciones clim\u00e1ticas.<br \/>\nPerfecto para iluminar plazas de eventos, patios, porches y m\u00e1s.<br \/>\nMuestra e ilumina tus \u00e1reas al aire libre<br \/>\nEstas luces solares para cercas utilizan paneles solares policristalinos de alta calidad para cargarse autom\u00e1ticamente durante el d\u00eda.<br \/>\nCon tres modos ajustables, puedes extender la duraci\u00f3n de la bater\u00eda y el tiempo de iluminaci\u00f3n.<br \/>\nEstas luces est\u00e1n dise\u00f1adas para durar y pueden soportar el viento, el calor y el sol. Perfecto para mejorar la seguridad de su hogar.<\/p>\n<p>Especificaci\u00f3n:<br \/>\nMaterial: ABS<br \/>\nPeso del producto: 275g\/365g\/459g<br \/>\nTama\u00f1o del producto: 14*17,5 cm<br \/>\nCapacidad de la bater\u00eda: 800mah\/1200mah\/1200mah<br \/>\nDistancia de detecci\u00f3n: 5-8m<\/p>\n","protected":false},"excerpt":{"rendered":"<p>L\u00e1mpara solar de pared para exteriores cuenta con una eficiencia de salida un 10% mayor y una vida \u00fatil 100 veces m\u00e1s larga gracias a sus paneles solares policristalinos de primera calidad. Con esta l\u00e1mpara solar de pared para exteriores, puede decir adi\u00f3s a los interruptores dif\u00edciles y disfrutar de una iluminaci\u00f3n sin esfuerzo. Para [&#8230;]\n","protected":false},"featured_media":78858,"comment_status":"open","ping_status":"closed","template":"","meta":{"_joinchat":[]},"product_brand":[],"product_cat":[92,100,106,107,112,115],"product_tag":[380,180,179,267,381],"class_list":{"0":"post-78851","1":"product","2":"type-product","3":"status-publish","4":"has-post-thumbnail","6":"product_cat-productos-led","7":"product_cat-apliques-led","8":"product_cat-apliques","9":"product_cat-faroles","10":"product_cat-iluminacion-solar","11":"product_cat-apliques-iluminacion-solar","12":"product_tag-apliqe-led","13":"product_tag-aplique-solar","14":"product_tag-farol-solar","15":"product_tag-iluminacion-solar","16":"product_tag-led-solar","18":"first","19":"instock","20":"shipping-taxable","21":"purchasable","22":"product-type-simple"},"_links":{"self":[{"href":"https:\/\/www.tiendaled.cl\/index.php?rest_route=\/wp\/v2\/product\/78851","targetHints":{"allow":["GET"]}}],"collection":[{"href":"https:\/\/www.tiendaled.cl\/index.php?rest_route=\/wp\/v2\/product"}],"about":[{"href":"https:\/\/www.tiendaled.cl\/index.php?rest_route=\/wp\/v2\/types\/product"}],"replies":[{"embeddable":true,"href":"https:\/\/www.tiendaled.cl\/index.php?rest_route=%2Fwp%2Fv2%2Fcomments&post=78851"}],"wp:featuredmedia":[{"embeddable":true,"href":"https:\/\/www.tiendaled.cl\/index.php?rest_route=\/wp\/v2\/media\/78858"}],"wp:attachment":[{"href":"https:\/\/www.tiendaled.cl\/index.php?rest_route=%2Fwp%2Fv2%2Fmedia&parent=78851"}],"wp:term":[{"taxonomy":"product_brand","embeddable":true,"href":"https:\/\/www.tiendaled.cl\/index.php?rest_route=%2Fwp%2Fv2%2Fproduct_brand&post=78851"},{"taxonomy":"product_cat","embeddable":true,"href":"https:\/\/www.tiendaled.cl\/index.php?rest_route=%2Fwp%2Fv2%2Fproduct_cat&post=78851"},{"taxonomy":"product_tag","embeddable":true,"href":"https:\/\/www.tiendaled.cl\/index.php?rest_route=%2Fwp%2Fv2%2Fproduct_tag&post=78851"}],"curies":[{"name":"wp","href":"https:\/\/api.w.org\/{rel}","templated":true}]}}