{"id":78783,"date":"2023-12-30T21:46:47","date_gmt":"2023-12-30T23:46:47","guid":{"rendered":"https:\/\/www.tiendaled.cl\/?post_type=product&#038;p=78783"},"modified":"2024-07-04T01:31:13","modified_gmt":"2024-07-04T03:31:13","slug":"lampara-colgante-diseno-jaula-pajaro-hierro-canamo","status":"publish","type":"product","link":"https:\/\/www.tiendaled.cl\/?product=lampara-colgante-diseno-jaula-pajaro-hierro-canamo","title":{"rendered":"Lampara Colgante Dise\u00f1o Jaula Pajaro Hierro Ca\u00f1amo"},"content":{"rendered":"<p>Elegante Lampara Colgante Dise\u00f1o Jaula de Pajaro en Hierro y Ca\u00f1amo<br \/>\nIncluye Ampolleta de Regalo<\/p>\n<p>El material principal de la l\u00e1mpara colgante es hierro, pintura metalizada de alta calidad, anticorrosi\u00f3n, antioxidante<br \/>\nCortina decorativa hecha a mano con cuerda de c\u00e1\u00f1amo, resalta el estilo industrial retro.<br \/>\nSoquete Tradicional E27 compatible con muchos tipos de ampolleta, incandescente, ahorro de energ\u00eda, LED, etc.<br \/>\nFacil de Instalar.<br \/>\nIncluye cable de suspensi\u00f3n totalmente equipado y ajustable<br \/>\nPerfecta decoraci\u00f3n, accesorio de iluminaci\u00f3n colgante para el restaurante, sala, dormitorio, sala de estudio, cafeter\u00eda, bar, club, oficina, tienda u otro lugar.<\/p>\n<p>Di\u00e1metro: 20 cm<br \/>\nAltura: 28CM<br \/>\nAltura del cable de suspensi\u00f3n: 100 CM (ajustable)<\/p>\n","protected":false},"excerpt":{"rendered":"<p>Elegante Lampara Colgante Dise\u00f1o Jaula de Pajaro en Hierro y Ca\u00f1amo Incluye Ampolleta de Regalo El material principal de la l\u00e1mpara colgante es hierro, pintura metalizada de alta calidad, anticorrosi\u00f3n, antioxidante Cortina decorativa hecha a mano con cuerda de c\u00e1\u00f1amo, resalta el estilo industrial retro. Soquete Tradicional E27 compatible con muchos tipos de ampolleta, incandescente, [&#8230;]\n","protected":false},"featured_media":78784,"comment_status":"open","ping_status":"closed","template":"","meta":{"_joinchat":[]},"product_brand":[],"product_cat":[181,192,425,103,111,105],"product_tag":[120,173,122,196],"class_list":{"0":"post-78783","1":"product","2":"type-product","3":"status-publish","4":"has-post-thumbnail","6":"product_cat-lamparas-canamo","7":"product_cat-lamparas-techo","8":"product_cat-ofertas","9":"product_cat-lamparas-y-apliques","10":"product_cat-lamparas-colgantes","11":"product_cat-lamparas-vintage","12":"product_tag-lampara","13":"product_tag-lampara-canamo","14":"product_tag-lampara-colgante","15":"product_tag-lampara-jaula","17":"first","18":"instock","19":"sale","20":"shipping-taxable","21":"purchasable","22":"product-type-simple"},"_links":{"self":[{"href":"https:\/\/www.tiendaled.cl\/index.php?rest_route=\/wp\/v2\/product\/78783","targetHints":{"allow":["GET"]}}],"collection":[{"href":"https:\/\/www.tiendaled.cl\/index.php?rest_route=\/wp\/v2\/product"}],"about":[{"href":"https:\/\/www.tiendaled.cl\/index.php?rest_route=\/wp\/v2\/types\/product"}],"replies":[{"embeddable":true,"href":"https:\/\/www.tiendaled.cl\/index.php?rest_route=%2Fwp%2Fv2%2Fcomments&post=78783"}],"wp:featuredmedia":[{"embeddable":true,"href":"https:\/\/www.tiendaled.cl\/index.php?rest_route=\/wp\/v2\/media\/78784"}],"wp:attachment":[{"href":"https:\/\/www.tiendaled.cl\/index.php?rest_route=%2Fwp%2Fv2%2Fmedia&parent=78783"}],"wp:term":[{"taxonomy":"product_brand","embeddable":true,"href":"https:\/\/www.tiendaled.cl\/index.php?rest_route=%2Fwp%2Fv2%2Fproduct_brand&post=78783"},{"taxonomy":"product_cat","embeddable":true,"href":"https:\/\/www.tiendaled.cl\/index.php?rest_route=%2Fwp%2Fv2%2Fproduct_cat&post=78783"},{"taxonomy":"product_tag","embeddable":true,"href":"https:\/\/www.tiendaled.cl\/index.php?rest_route=%2Fwp%2Fv2%2Fproduct_tag&post=78783"}],"curies":[{"name":"wp","href":"https:\/\/api.w.org\/{rel}","templated":true}]}}