{"id":78733,"date":"2023-12-19T22:38:07","date_gmt":"2023-12-20T00:38:07","guid":{"rendered":"https:\/\/www.tiendaled.cl\/?post_type=product&#038;p=78733"},"modified":"2024-05-10T10:31:30","modified_gmt":"2024-05-10T12:31:30","slug":"aplique-exterior-rectangular-bidireccional-negro-gu10-ip54","status":"publish","type":"product","link":"https:\/\/www.tiendaled.cl\/?product=aplique-exterior-rectangular-bidireccional-negro-gu10-ip54","title":{"rendered":"Aplique Exterior Rectangular Bidireccional Negro Gu10 Ip54"},"content":{"rendered":"<p>Aplique de exterior rectangular biidireccional 2xGU10 IP54 negro<\/p>\n<p>Muy bonito aplique de exterior negro Rectangular doble haz GU10 IP54 modelo<br \/>\nEste aplique de exterior es perfecto para resaltar una fachada, un aplique de exterior discreto y est\u00e9tico.<br \/>\nEsta luz exterior resaltar\u00e1 su terraza, balc\u00f3n, jard\u00edn.<br \/>\nEs m\u00e1s duradero porque es de aluminio fundido, las bombillas son reemplazables. (no incluido)<\/p>\n<p>Cuerpo: Fundici\u00f3n de aluminio<\/p>\n","protected":false},"excerpt":{"rendered":"<p>Aplique de exterior rectangular biidireccional 2xGU10 IP54 negro Muy bonito aplique de exterior negro Rectangular doble haz GU10 IP54 modelo Este aplique de exterior es perfecto para resaltar una fachada, un aplique de exterior discreto y est\u00e9tico. Esta luz exterior resaltar\u00e1 su terraza, balc\u00f3n, jard\u00edn. Es m\u00e1s duradero porque es de aluminio fundido, las bombillas [&#8230;]\n","protected":false},"featured_media":78734,"comment_status":"open","ping_status":"closed","template":"","meta":{"_joinchat":[]},"product_brand":[],"product_cat":[103,106,108],"product_tag":[131,285,364,263],"class_list":{"0":"post-78733","1":"product","2":"type-product","3":"status-publish","4":"has-post-thumbnail","6":"product_cat-lamparas-y-apliques","7":"product_cat-apliques","8":"product_cat-lamparas-de-muro","9":"product_tag-aplique","10":"product_tag-aplique-de-pared","11":"product_tag-aplique-exterior","12":"product_tag-aplique-gu10","14":"first","15":"instock","16":"shipping-taxable","17":"purchasable","18":"product-type-simple"},"_links":{"self":[{"href":"https:\/\/www.tiendaled.cl\/index.php?rest_route=\/wp\/v2\/product\/78733","targetHints":{"allow":["GET"]}}],"collection":[{"href":"https:\/\/www.tiendaled.cl\/index.php?rest_route=\/wp\/v2\/product"}],"about":[{"href":"https:\/\/www.tiendaled.cl\/index.php?rest_route=\/wp\/v2\/types\/product"}],"replies":[{"embeddable":true,"href":"https:\/\/www.tiendaled.cl\/index.php?rest_route=%2Fwp%2Fv2%2Fcomments&post=78733"}],"wp:featuredmedia":[{"embeddable":true,"href":"https:\/\/www.tiendaled.cl\/index.php?rest_route=\/wp\/v2\/media\/78734"}],"wp:attachment":[{"href":"https:\/\/www.tiendaled.cl\/index.php?rest_route=%2Fwp%2Fv2%2Fmedia&parent=78733"}],"wp:term":[{"taxonomy":"product_brand","embeddable":true,"href":"https:\/\/www.tiendaled.cl\/index.php?rest_route=%2Fwp%2Fv2%2Fproduct_brand&post=78733"},{"taxonomy":"product_cat","embeddable":true,"href":"https:\/\/www.tiendaled.cl\/index.php?rest_route=%2Fwp%2Fv2%2Fproduct_cat&post=78733"},{"taxonomy":"product_tag","embeddable":true,"href":"https:\/\/www.tiendaled.cl\/index.php?rest_route=%2Fwp%2Fv2%2Fproduct_tag&post=78733"}],"curies":[{"name":"wp","href":"https:\/\/api.w.org\/{rel}","templated":true}]}}