{"id":78727,"date":"2023-12-19T21:16:17","date_gmt":"2023-12-19T23:16:17","guid":{"rendered":"https:\/\/www.tiendaled.cl\/?post_type=product&#038;p=78727"},"modified":"2024-11-03T16:48:04","modified_gmt":"2024-11-03T18:48:04","slug":"lampara-aplique-led-de-pared-bidireccional-8w-luz-calida-3000k","status":"publish","type":"product","link":"https:\/\/www.tiendaled.cl\/?product=lampara-aplique-led-de-pared-bidireccional-8w-luz-calida-3000k","title":{"rendered":"Lampara Aplique Led De Pared Bidireccional 8w Luz Calida 3000K\u00b0"},"content":{"rendered":"<p>Lampara de Pared Aplique led de 8w Luz calida 3000K\u00b0<br \/>\nSe puede utilizar tanto en exteriores como en interiores con fines decorativos<br \/>\nLampara que entrega una luz elegante y moderna.<br \/>\nF\u00e1cil de instalar, brillo duradero, incluye los tornillos y sus fijaciones<br \/>\nAmpliamente utilizado para decoraci\u00f3n exterior e interior, como en casa, hotel, clubes, centro comercial.<br \/>\nPopular aplicado en expositores, marcos de fotos, escaleras, puerta principal, paredes, entrada.<br \/>\nColor del cuerpo: Negro<br \/>\nColor de la luz: blanco c\u00e1lido<br \/>\nMaterial: Aluminio;<br \/>\nTama\u00f1o: 14x8x6cm<\/p>\n<p>Atractivo y elegante: el dise\u00f1o simple y moderno hace que la l\u00e1mpara de pared exterior sea muy fresca, elegante y brillante.<br \/>\nSe puede utilizar tanto en interiores como en exteriores.<br \/>\nCon su luz hacia arriba o hacia abajo tambi\u00e9n es perfecta para dormitorio, sala de estar, balc\u00f3n, pasillo, porche, garaje, jard\u00edn, etc.<\/p>\n","protected":false},"excerpt":{"rendered":"<p>Lampara de Pared Aplique led de 8w Luz calida 3000K\u00b0 Se puede utilizar tanto en exteriores como en interiores con fines decorativos Lampara que entrega una luz elegante y moderna. F\u00e1cil de instalar, brillo duradero, incluye los tornillos y sus fijaciones Ampliamente utilizado para decoraci\u00f3n exterior e interior, como en casa, hotel, clubes, centro comercial. [&#8230;]\n","protected":false},"featured_media":78729,"comment_status":"open","ping_status":"closed","template":"","meta":{"_joinchat":[]},"product_brand":[],"product_cat":[92,101,103,106,108],"product_tag":[374,131,269,372,275,335,373],"class_list":{"0":"post-78727","1":"product","2":"type-product","3":"status-publish","4":"has-post-thumbnail","6":"product_cat-productos-led","7":"product_cat-luminaria-led","8":"product_cat-lamparas-y-apliques","9":"product_cat-apliques","10":"product_cat-lamparas-de-muro","11":"product_tag-apique-exterior","12":"product_tag-aplique","13":"product_tag-aplique-led","14":"product_tag-lampara-de","15":"product_tag-lampara-de-pared","16":"product_tag-lampara-led","17":"product_tag-uro","19":"first","20":"instock","21":"shipping-taxable","22":"purchasable","23":"product-type-simple"},"_links":{"self":[{"href":"https:\/\/www.tiendaled.cl\/index.php?rest_route=\/wp\/v2\/product\/78727","targetHints":{"allow":["GET"]}}],"collection":[{"href":"https:\/\/www.tiendaled.cl\/index.php?rest_route=\/wp\/v2\/product"}],"about":[{"href":"https:\/\/www.tiendaled.cl\/index.php?rest_route=\/wp\/v2\/types\/product"}],"replies":[{"embeddable":true,"href":"https:\/\/www.tiendaled.cl\/index.php?rest_route=%2Fwp%2Fv2%2Fcomments&post=78727"}],"wp:featuredmedia":[{"embeddable":true,"href":"https:\/\/www.tiendaled.cl\/index.php?rest_route=\/wp\/v2\/media\/78729"}],"wp:attachment":[{"href":"https:\/\/www.tiendaled.cl\/index.php?rest_route=%2Fwp%2Fv2%2Fmedia&parent=78727"}],"wp:term":[{"taxonomy":"product_brand","embeddable":true,"href":"https:\/\/www.tiendaled.cl\/index.php?rest_route=%2Fwp%2Fv2%2Fproduct_brand&post=78727"},{"taxonomy":"product_cat","embeddable":true,"href":"https:\/\/www.tiendaled.cl\/index.php?rest_route=%2Fwp%2Fv2%2Fproduct_cat&post=78727"},{"taxonomy":"product_tag","embeddable":true,"href":"https:\/\/www.tiendaled.cl\/index.php?rest_route=%2Fwp%2Fv2%2Fproduct_tag&post=78727"}],"curies":[{"name":"wp","href":"https:\/\/api.w.org\/{rel}","templated":true}]}}