{"id":78681,"date":"2023-12-04T15:37:32","date_gmt":"2023-12-04T17:37:32","guid":{"rendered":"https:\/\/www.tiendaled.cl\/?post_type=product&#038;p=78681"},"modified":"2025-09-02T22:30:58","modified_gmt":"2025-09-03T00:30:58","slug":"78681","status":"publish","type":"product","link":"https:\/\/www.tiendaled.cl\/?product=78681","title":{"rendered":"Lampara Led Infantil Estrellas Y Planetas 3 Formas De Luz"},"content":{"rendered":"<p>L\u00e1mpara led de techo Infantil<\/p>\n<p>Haz del dormitorio de tu hijo un lugar \u00fanico con esta hermosa lampara led de dise\u00f1o de planetas y estrellas<\/p>\n<p>Una hermosa decoraci\u00f3n infantil que entrega 3 tipos de iluminaci\u00f3n<br \/>\nIncorpora las luces led de alta calidad, permitiendo usarla en 3 modos de iluminaci\u00f3n<\/p>\n<p>Una l\u00e1mpara \u00fanica en su dise\u00f1o y en la iluminaci\u00f3n que otorga<br \/>\nF\u00e1cil de instalar, incorpora la luces led por lo cual no necesita de ampolletas adicionales<\/p>\n<p>Fabricada en madera y de color azul<\/p>\n<p>Dimensi\u00f3nes<\/p>\n<p>55cm de di\u00e1metro<br \/>\n15cm de alto<br \/>\n3kg de peso<\/p>\n","protected":false},"excerpt":{"rendered":"<p>L\u00e1mpara led de techo Infantil Haz del dormitorio de tu hijo un lugar \u00fanico con esta hermosa lampara led de dise\u00f1o de planetas y estrellas Una hermosa decoraci\u00f3n infantil que entrega 3 tipos de iluminaci\u00f3n Incorpora las luces led de alta calidad, permitiendo usarla en 3 modos de iluminaci\u00f3n Una l\u00e1mpara \u00fanica en su dise\u00f1o [&#8230;]\n","protected":false},"featured_media":78684,"comment_status":"open","ping_status":"closed","template":"","meta":{"_joinchat":[]},"product_brand":[],"product_cat":[192,103,111],"product_tag":[122,369,159,370],"class_list":{"0":"post-78681","1":"product","2":"type-product","3":"status-publish","4":"has-post-thumbnail","6":"product_cat-lamparas-techo","7":"product_cat-lamparas-y-apliques","8":"product_cat-lamparas-colgantes","9":"product_tag-lampara-colgante","10":"product_tag-lampara-estrellas","11":"product_tag-lampara-infantil","12":"product_tag-lampara-planetas","14":"first","15":"instock","16":"shipping-taxable","17":"purchasable","18":"product-type-simple"},"_links":{"self":[{"href":"https:\/\/www.tiendaled.cl\/index.php?rest_route=\/wp\/v2\/product\/78681","targetHints":{"allow":["GET"]}}],"collection":[{"href":"https:\/\/www.tiendaled.cl\/index.php?rest_route=\/wp\/v2\/product"}],"about":[{"href":"https:\/\/www.tiendaled.cl\/index.php?rest_route=\/wp\/v2\/types\/product"}],"replies":[{"embeddable":true,"href":"https:\/\/www.tiendaled.cl\/index.php?rest_route=%2Fwp%2Fv2%2Fcomments&post=78681"}],"wp:featuredmedia":[{"embeddable":true,"href":"https:\/\/www.tiendaled.cl\/index.php?rest_route=\/wp\/v2\/media\/78684"}],"wp:attachment":[{"href":"https:\/\/www.tiendaled.cl\/index.php?rest_route=%2Fwp%2Fv2%2Fmedia&parent=78681"}],"wp:term":[{"taxonomy":"product_brand","embeddable":true,"href":"https:\/\/www.tiendaled.cl\/index.php?rest_route=%2Fwp%2Fv2%2Fproduct_brand&post=78681"},{"taxonomy":"product_cat","embeddable":true,"href":"https:\/\/www.tiendaled.cl\/index.php?rest_route=%2Fwp%2Fv2%2Fproduct_cat&post=78681"},{"taxonomy":"product_tag","embeddable":true,"href":"https:\/\/www.tiendaled.cl\/index.php?rest_route=%2Fwp%2Fv2%2Fproduct_tag&post=78681"}],"curies":[{"name":"wp","href":"https:\/\/api.w.org\/{rel}","templated":true}]}}