{"id":78672,"date":"2023-12-03T00:54:50","date_gmt":"2023-12-03T02:54:50","guid":{"rendered":"https:\/\/www.tiendaled.cl\/?post_type=product&#038;p=78672"},"modified":"2025-11-18T22:05:09","modified_gmt":"2025-11-19T00:05:09","slug":"lampara-techo-industrial-jaula-de-hierro-incluye-ampolleta","status":"publish","type":"product","link":"https:\/\/www.tiendaled.cl\/?product=lampara-techo-industrial-jaula-de-hierro-incluye-ampolleta","title":{"rendered":"Lampara Techo Industrial Jaula De Hierro Incluye Ampolleta"},"content":{"rendered":"<p>L\u00e1mpara Vintage colgante de hierro con ampolleta de filamentos de 4W<br \/>\nForma de jaula<br \/>\nCon cable negro y pantalla de hierro con acabado en negro<br \/>\nL\u00e1mpara de estilo Industrial Vintage con un dise\u00f1o muy actual.<br \/>\nL\u00e1mpara ideal para cualquier lugar de la casa y a su vez conseguiremos un toque elegante y actual.<br \/>\nUtiliza Ampolleta E27, 60w m\u00e1x.<br \/>\nMedidas estructura 15x 25 Cm<\/p>\n<p>Incluye ampolleta vintage de filamento led de 4w<\/p>\n<p>Cable 1,2 Mt<br \/>\nColor soquete Negro<br \/>\nColor estructura Negro<br \/>\nFuente de luz Entrada E27<\/p>\n","protected":false},"excerpt":{"rendered":"<p>L\u00e1mpara Vintage colgante de hierro con ampolleta de filamentos de 4W Forma de jaula Con cable negro y pantalla de hierro con acabado en negro L\u00e1mpara de estilo Industrial Vintage con un dise\u00f1o muy actual. L\u00e1mpara ideal para cualquier lugar de la casa y a su vez conseguiremos un toque elegante y actual. Utiliza Ampolleta [&#8230;]\n","protected":false},"featured_media":78680,"comment_status":"open","ping_status":"closed","template":"","meta":{"_joinchat":[]},"product_brand":[],"product_cat":[233,192,425,92,103,111,105],"product_tag":[120,122,207,196,209],"class_list":{"0":"post-78672","1":"product","2":"type-product","3":"status-publish","4":"has-post-thumbnail","6":"product_cat-ampolletas-vintage","7":"product_cat-lamparas-techo","8":"product_cat-ofertas","9":"product_cat-productos-led","10":"product_cat-lamparas-y-apliques","11":"product_cat-lamparas-colgantes","12":"product_cat-lamparas-vintage","13":"product_tag-lampara","14":"product_tag-lampara-colgante","15":"product_tag-lampara-industrial","16":"product_tag-lampara-jaula","17":"product_tag-lampara-retro","19":"first","20":"instock","21":"sale","22":"shipping-taxable","23":"purchasable","24":"product-type-simple"},"_links":{"self":[{"href":"https:\/\/www.tiendaled.cl\/index.php?rest_route=\/wp\/v2\/product\/78672","targetHints":{"allow":["GET"]}}],"collection":[{"href":"https:\/\/www.tiendaled.cl\/index.php?rest_route=\/wp\/v2\/product"}],"about":[{"href":"https:\/\/www.tiendaled.cl\/index.php?rest_route=\/wp\/v2\/types\/product"}],"replies":[{"embeddable":true,"href":"https:\/\/www.tiendaled.cl\/index.php?rest_route=%2Fwp%2Fv2%2Fcomments&post=78672"}],"wp:featuredmedia":[{"embeddable":true,"href":"https:\/\/www.tiendaled.cl\/index.php?rest_route=\/wp\/v2\/media\/78680"}],"wp:attachment":[{"href":"https:\/\/www.tiendaled.cl\/index.php?rest_route=%2Fwp%2Fv2%2Fmedia&parent=78672"}],"wp:term":[{"taxonomy":"product_brand","embeddable":true,"href":"https:\/\/www.tiendaled.cl\/index.php?rest_route=%2Fwp%2Fv2%2Fproduct_brand&post=78672"},{"taxonomy":"product_cat","embeddable":true,"href":"https:\/\/www.tiendaled.cl\/index.php?rest_route=%2Fwp%2Fv2%2Fproduct_cat&post=78672"},{"taxonomy":"product_tag","embeddable":true,"href":"https:\/\/www.tiendaled.cl\/index.php?rest_route=%2Fwp%2Fv2%2Fproduct_tag&post=78672"}],"curies":[{"name":"wp","href":"https:\/\/api.w.org\/{rel}","templated":true}]}}