{"id":78604,"date":"2023-11-30T22:05:22","date_gmt":"2023-12-01T00:05:22","guid":{"rendered":"https:\/\/www.tiendaled.cl\/?post_type=product&#038;p=78604"},"modified":"2024-11-03T20:13:40","modified_gmt":"2024-11-03T22:13:40","slug":"lampara-colgante-led-5w-diseno-mariposa-dorada-de-acrilico","status":"publish","type":"product","link":"https:\/\/www.tiendaled.cl\/?product=lampara-colgante-led-5w-diseno-mariposa-dorada-de-acrilico","title":{"rendered":"Lampara Colgante Led 5w Dise\u00f1o Mariposa Dorada De Acrilico"},"content":{"rendered":"<p>L\u00e1mpara led de acr\u00edlico<br \/>\nDise\u00f1o de mariposa, cuerpo dorado y hermosas ala transparentes que se iluminan<br \/>\nHermosa l\u00e1mpara decorativa para esos espacios donde necesite un toque de iluminaci\u00f3n y decoraci\u00f3n \u00fanico<\/p>\n<p>Material: Aleaci\u00f3n de zinc + Hierro + Acr\u00edlico.<br \/>\nPotencia\/potencia: 5W * 1 luz neutra.<br \/>\nEspecificaciones y dimensiones: D17cm * H24cm, la longitud del cable colgante es de 180cm, que se puede ajustar.<br \/>\n\u00c1rea aplicable: 3-5 metros cuadrados.<\/p>\n","protected":false},"excerpt":{"rendered":"<p>L\u00e1mpara led de acr\u00edlico Dise\u00f1o de mariposa, cuerpo dorado y hermosas ala transparentes que se iluminan Hermosa l\u00e1mpara decorativa para esos espacios donde necesite un toque de iluminaci\u00f3n y decoraci\u00f3n \u00fanico Material: Aleaci\u00f3n de zinc + Hierro + Acr\u00edlico. Potencia\/potencia: 5W * 1 luz neutra. Especificaciones y dimensiones: D17cm * H24cm, la longitud del cable [&#8230;]\n","protected":false},"featured_media":78613,"comment_status":"open","ping_status":"closed","template":"","meta":{"_joinchat":[]},"product_brand":[],"product_cat":[192,92,103,111],"product_tag":[366,122,335,365],"class_list":{"0":"post-78604","1":"product","2":"type-product","3":"status-publish","4":"has-post-thumbnail","6":"product_cat-lamparas-techo","7":"product_cat-productos-led","8":"product_cat-lamparas-y-apliques","9":"product_cat-lamparas-colgantes","10":"product_tag-lampara-acrilico","11":"product_tag-lampara-colgante","12":"product_tag-lampara-led","13":"product_tag-lampara-mariposa","15":"first","16":"instock","17":"shipping-taxable","18":"purchasable","19":"product-type-simple"},"_links":{"self":[{"href":"https:\/\/www.tiendaled.cl\/index.php?rest_route=\/wp\/v2\/product\/78604","targetHints":{"allow":["GET"]}}],"collection":[{"href":"https:\/\/www.tiendaled.cl\/index.php?rest_route=\/wp\/v2\/product"}],"about":[{"href":"https:\/\/www.tiendaled.cl\/index.php?rest_route=\/wp\/v2\/types\/product"}],"replies":[{"embeddable":true,"href":"https:\/\/www.tiendaled.cl\/index.php?rest_route=%2Fwp%2Fv2%2Fcomments&post=78604"}],"wp:featuredmedia":[{"embeddable":true,"href":"https:\/\/www.tiendaled.cl\/index.php?rest_route=\/wp\/v2\/media\/78613"}],"wp:attachment":[{"href":"https:\/\/www.tiendaled.cl\/index.php?rest_route=%2Fwp%2Fv2%2Fmedia&parent=78604"}],"wp:term":[{"taxonomy":"product_brand","embeddable":true,"href":"https:\/\/www.tiendaled.cl\/index.php?rest_route=%2Fwp%2Fv2%2Fproduct_brand&post=78604"},{"taxonomy":"product_cat","embeddable":true,"href":"https:\/\/www.tiendaled.cl\/index.php?rest_route=%2Fwp%2Fv2%2Fproduct_cat&post=78604"},{"taxonomy":"product_tag","embeddable":true,"href":"https:\/\/www.tiendaled.cl\/index.php?rest_route=%2Fwp%2Fv2%2Fproduct_tag&post=78604"}],"curies":[{"name":"wp","href":"https:\/\/api.w.org\/{rel}","templated":true}]}}