{"id":7365,"date":"2019-08-22T08:50:48","date_gmt":"2019-08-22T10:50:48","guid":{"rendered":"https:\/\/www.tiendaled.cl\/?post_type=product&#038;p=7365"},"modified":"2026-01-22T20:27:59","modified_gmt":"2026-01-22T22:27:59","slug":"lampara-colgante-retro-cuerda-40cm-incluye-ampolleta","status":"publish","type":"product","link":"https:\/\/www.tiendaled.cl\/?product=lampara-colgante-retro-cuerda-40cm-incluye-ampolleta","title":{"rendered":"Lampara Colgante Retro Cuerda 40cm Incluye Ampolleta"},"content":{"rendered":"<p>Lampara Colgante Retro Metalica, forrada en ca\u00f1amo<br \/>\n40cm de diametro<\/p>\n<p>Dise\u00f1o Artesanal<br \/>\nSoquete Tradicional E27<br \/>\nIncluye ampolleta filamento led vintage de 4w de regalo<br \/>\nDimensiones: 40 X 15cm; Cable ajustable: 110cm; Voltaje: CA 110-240V; Peso: 550g;<br \/>\nMaterial Hierro de color negro recubierto de Ca\u00f1amo<\/p>\n<p>Dise\u00f1o simple retro pero \u00fanico<br \/>\nForma perfectamente sim\u00e9trica,<br \/>\nAdecuada para diferentes estilos: Moderno \/ Retro \/ Loft \/ la antig\u00fcedad.<br \/>\nPerfecto para la terraza, living comedor, dormitorio, caf\u00e9, bar, etc<br \/>\nF\u00e1cil de instalar.<\/p>\n","protected":false},"excerpt":{"rendered":"<p>Lampara Colgante Retro Metalica, forrada en ca\u00f1amo 40cm de diametro Dise\u00f1o Artesanal Soquete Tradicional E27 Incluye ampolleta filamento led vintage de 4w de regalo Dimensiones: 40 X 15cm; Cable ajustable: 110cm; Voltaje: CA 110-240V; Peso: 550g; Material Hierro de color negro recubierto de Ca\u00f1amo Dise\u00f1o simple retro pero \u00fanico Forma perfectamente sim\u00e9trica, Adecuada para diferentes [&#8230;]\n","protected":false},"featured_media":11718,"comment_status":"open","ping_status":"closed","template":"","meta":{"_joinchat":[]},"product_brand":[],"product_cat":[181,92,93,103,111],"product_tag":[],"class_list":{"0":"post-7365","1":"product","2":"type-product","3":"status-publish","4":"has-post-thumbnail","6":"product_cat-lamparas-canamo","7":"product_cat-productos-led","8":"product_cat-ampolletas-led","9":"product_cat-lamparas-y-apliques","10":"product_cat-lamparas-colgantes","12":"first","13":"instock","14":"shipping-taxable","15":"purchasable","16":"product-type-simple"},"_links":{"self":[{"href":"https:\/\/www.tiendaled.cl\/index.php?rest_route=\/wp\/v2\/product\/7365","targetHints":{"allow":["GET"]}}],"collection":[{"href":"https:\/\/www.tiendaled.cl\/index.php?rest_route=\/wp\/v2\/product"}],"about":[{"href":"https:\/\/www.tiendaled.cl\/index.php?rest_route=\/wp\/v2\/types\/product"}],"replies":[{"embeddable":true,"href":"https:\/\/www.tiendaled.cl\/index.php?rest_route=%2Fwp%2Fv2%2Fcomments&post=7365"}],"wp:featuredmedia":[{"embeddable":true,"href":"https:\/\/www.tiendaled.cl\/index.php?rest_route=\/wp\/v2\/media\/11718"}],"wp:attachment":[{"href":"https:\/\/www.tiendaled.cl\/index.php?rest_route=%2Fwp%2Fv2%2Fmedia&parent=7365"}],"wp:term":[{"taxonomy":"product_brand","embeddable":true,"href":"https:\/\/www.tiendaled.cl\/index.php?rest_route=%2Fwp%2Fv2%2Fproduct_brand&post=7365"},{"taxonomy":"product_cat","embeddable":true,"href":"https:\/\/www.tiendaled.cl\/index.php?rest_route=%2Fwp%2Fv2%2Fproduct_cat&post=7365"},{"taxonomy":"product_tag","embeddable":true,"href":"https:\/\/www.tiendaled.cl\/index.php?rest_route=%2Fwp%2Fv2%2Fproduct_tag&post=7365"}],"curies":[{"name":"wp","href":"https:\/\/api.w.org\/{rel}","templated":true}]}}