{"id":6494,"date":"2019-08-05T01:15:31","date_gmt":"2019-08-05T03:15:31","guid":{"rendered":"https:\/\/www.tiendaled.cl\/?post_type=product&#038;p=6494"},"modified":"2023-10-26T02:44:19","modified_gmt":"2023-10-26T04:44:19","slug":"foco-50w-portatil-solar-recargable","status":"publish","type":"product","link":"https:\/\/www.tiendaled.cl\/?product=foco-50w-portatil-solar-recargable","title":{"rendered":"Foco 50w Portatil Solar Recargable"},"content":{"rendered":"<p>Foco solar portatil recargable con una Bater\u00eda de larga duraci\u00f3n<br \/>\nOpcion de carga solar y tambien con opcion de carga a traves del encendedor del vehiculo<br \/>\nPratcico foco que le permitira Iluminar cuando y donde desee.<br \/>\nCuenta con una bater\u00eda de gran capacidad de (12000 mAh \/ 50W) lo cual le da al proyector un m\u00ednimo de 8-20 horas de funcionamiento<\/p>\n<p>Cuenta con 3 modos de iluminaci\u00f3n:<br \/>\nLuz baja<br \/>\nLuz Alta<br \/>\nY parpadea la luz alternando rojo y azul ( emergencias )<br \/>\nPuede configurar los efectos de iluminaci\u00f3n a trav\u00e9s del bot\u00f3n del interruptor<br \/>\nSistema de iluminacion de flash rojo y azul juega un papel de advertencia, para mantenimiento, rescate de emergencia,<\/p>\n<p>Marco pr\u00e1ctico, giratorio e inclinable 90 \u00b0 ajustable, lo que hace que se un producto muy \u00fatil y realmente f\u00e1cil de transportar,<\/p>\n<p>Varias aplicaciones<br \/>\nFunciona tanto como luz de emergencia o trabajo y para actividades artesanales (por ejemplo, reparaci\u00f3n de autom\u00f3viles, pintura, mejoras para el hogar) tambien puedes er utilizado al aire libre y cuando salga de campamento<\/p>\n<p>Resistente al agua IP65, normalmente utilizado bajo la lluvia,<br \/>\nCuenta con 119\/190 LED de luz<\/p>\n<p>Especificaciones<\/p>\n<p>Color: negro + amarillo<br \/>\nPotencia: 50 W<br \/>\nColor: blanco fr\u00edo (6000 K)<br \/>\nFlujo luminoso: 4750 lm<br \/>\nBater\u00eda: 12000 mAh<br \/>\nPanel solar: 9 W \/ 12 W<br \/>\n\u00c1ngulo de haz: aprox.180 \u00b0<br \/>\nResistente al agua: IP66<br \/>\nMaterial de la carcasa: aluminio de alta resistencia + vidrio templado + PC<br \/>\nPeso: 2 kg.<\/p>\n<p>Paquete Incluye<br \/>\n1 x Foco reflector con panel<br \/>\n1 x cargador de CC<br \/>\n1 X manual de usuario<\/p>\n","protected":false},"excerpt":{"rendered":"<p>Foco solar portatil recargable con una Bater\u00eda de larga duraci\u00f3n Opcion de carga solar y tambien con opcion de carga a traves del encendedor del vehiculo Pratcico foco que le permitira Iluminar cuando y donde desee. Cuenta con una bater\u00eda de gran capacidad de (12000 mAh \/ 50W) lo cual le da al proyector un [&#8230;]\n","protected":false},"featured_media":6495,"comment_status":"open","ping_status":"closed","template":"","meta":{"_joinchat":[]},"product_brand":[],"product_cat":[146,92,98,112,116],"product_tag":[157,152,156,155,151],"class_list":{"0":"post-6494","1":"product","2":"type-product","3":"status-publish","4":"has-post-thumbnail","6":"product_cat-luces-de-emergencia","7":"product_cat-productos-led","8":"product_cat-proyectores-led","9":"product_cat-iluminacion-solar","10":"product_cat-focos-proyectores","11":"product_tag-focorecargable","12":"product_tag-focos-proyectores","13":"product_tag-focosolar","14":"product_tag-iluminacionsolar","15":"product_tag-proyectores-led","17":"first","18":"outofstock","19":"shipping-taxable","20":"purchasable","21":"product-type-simple"},"_links":{"self":[{"href":"https:\/\/www.tiendaled.cl\/index.php?rest_route=\/wp\/v2\/product\/6494","targetHints":{"allow":["GET"]}}],"collection":[{"href":"https:\/\/www.tiendaled.cl\/index.php?rest_route=\/wp\/v2\/product"}],"about":[{"href":"https:\/\/www.tiendaled.cl\/index.php?rest_route=\/wp\/v2\/types\/product"}],"replies":[{"embeddable":true,"href":"https:\/\/www.tiendaled.cl\/index.php?rest_route=%2Fwp%2Fv2%2Fcomments&post=6494"}],"wp:featuredmedia":[{"embeddable":true,"href":"https:\/\/www.tiendaled.cl\/index.php?rest_route=\/wp\/v2\/media\/6495"}],"wp:attachment":[{"href":"https:\/\/www.tiendaled.cl\/index.php?rest_route=%2Fwp%2Fv2%2Fmedia&parent=6494"}],"wp:term":[{"taxonomy":"product_brand","embeddable":true,"href":"https:\/\/www.tiendaled.cl\/index.php?rest_route=%2Fwp%2Fv2%2Fproduct_brand&post=6494"},{"taxonomy":"product_cat","embeddable":true,"href":"https:\/\/www.tiendaled.cl\/index.php?rest_route=%2Fwp%2Fv2%2Fproduct_cat&post=6494"},{"taxonomy":"product_tag","embeddable":true,"href":"https:\/\/www.tiendaled.cl\/index.php?rest_route=%2Fwp%2Fv2%2Fproduct_tag&post=6494"}],"curies":[{"name":"wp","href":"https:\/\/api.w.org\/{rel}","templated":true}]}}