{"id":5987,"date":"2019-07-26T09:45:58","date_gmt":"2019-07-26T11:45:58","guid":{"rendered":"https:\/\/www.tiendaled.cl\/?post_type=product&#038;p=5987"},"modified":"2026-04-06T19:24:39","modified_gmt":"2026-04-06T21:24:39","slug":"interruptor-dimmer-para-luces-led","status":"publish","type":"product","link":"https:\/\/www.tiendaled.cl\/?product=interruptor-dimmer-para-luces-led","title":{"rendered":"Interruptor Dimmer Para Luces Led"},"content":{"rendered":"<p>Dimensiones (L x W): 8,5 x 8,5 cm\/3.35&#8243;x3.35&#8243; (aprox.)<br \/>\nLED regulador de intensidad (est\u00e1ndar internacional 86 mm) tensi\u00f3n nominal: AC 220 V,<br \/>\nPotencia de carga completa: menos de 300 W<br \/>\nPerilla de modulaci\u00f3n: \u00e1ngulo de rotaci\u00f3n: 320 grados<br \/>\nTipo de interruptor: OFF-ON<br \/>\nIntensidad regulable Rango: 1% a 100% Shell<br \/>\nColor: Blanco elegante<br \/>\nHumedad relativa: 85% RH<br \/>\nTemperatura de funcionamiento: -10 a 50 grados cent\u00edgrados de temperatura de almacenamiento: -25 a 65 grados Celsius<br \/>\nAgujero de instalaci\u00f3n: 60 \u2013 65 mm<\/p>\n","protected":false},"excerpt":{"rendered":"<p>Dimensiones (L x W): 8,5 x 8,5 cm\/3.35&#8243;x3.35&#8243; (aprox.) LED regulador de intensidad (est\u00e1ndar internacional 86 mm) tensi\u00f3n nominal: AC 220 V, Potencia de carga completa: menos de 300 W Perilla de modulaci\u00f3n: \u00e1ngulo de rotaci\u00f3n: 320 grados Tipo de interruptor: OFF-ON Intensidad regulable Rango: 1% a 100% Shell Color: Blanco elegante Humedad relativa: 85% [&#8230;]\n","protected":false},"featured_media":5988,"comment_status":"open","ping_status":"closed","template":"","meta":{"_joinchat":[]},"product_brand":[],"product_cat":[92,117],"product_tag":[135,168,169,151],"class_list":{"0":"post-5987","1":"product","2":"type-product","3":"status-publish","4":"has-post-thumbnail","6":"product_cat-productos-led","7":"product_cat-accesorios","8":"product_tag-ampolleta-led","9":"product_tag-dimmer","10":"product_tag-dimmer-led","11":"product_tag-proyectores-led","13":"first","14":"instock","15":"shipping-taxable","16":"purchasable","17":"product-type-simple"},"_links":{"self":[{"href":"https:\/\/www.tiendaled.cl\/index.php?rest_route=\/wp\/v2\/product\/5987","targetHints":{"allow":["GET"]}}],"collection":[{"href":"https:\/\/www.tiendaled.cl\/index.php?rest_route=\/wp\/v2\/product"}],"about":[{"href":"https:\/\/www.tiendaled.cl\/index.php?rest_route=\/wp\/v2\/types\/product"}],"replies":[{"embeddable":true,"href":"https:\/\/www.tiendaled.cl\/index.php?rest_route=%2Fwp%2Fv2%2Fcomments&post=5987"}],"wp:featuredmedia":[{"embeddable":true,"href":"https:\/\/www.tiendaled.cl\/index.php?rest_route=\/wp\/v2\/media\/5988"}],"wp:attachment":[{"href":"https:\/\/www.tiendaled.cl\/index.php?rest_route=%2Fwp%2Fv2%2Fmedia&parent=5987"}],"wp:term":[{"taxonomy":"product_brand","embeddable":true,"href":"https:\/\/www.tiendaled.cl\/index.php?rest_route=%2Fwp%2Fv2%2Fproduct_brand&post=5987"},{"taxonomy":"product_cat","embeddable":true,"href":"https:\/\/www.tiendaled.cl\/index.php?rest_route=%2Fwp%2Fv2%2Fproduct_cat&post=5987"},{"taxonomy":"product_tag","embeddable":true,"href":"https:\/\/www.tiendaled.cl\/index.php?rest_route=%2Fwp%2Fv2%2Fproduct_tag&post=5987"}],"curies":[{"name":"wp","href":"https:\/\/api.w.org\/{rel}","templated":true}]}}