{"id":59234,"date":"2023-09-02T00:14:58","date_gmt":"2023-09-02T02:14:58","guid":{"rendered":"https:\/\/www.tiendaled.cl\/?post_type=product&#038;p=59234"},"modified":"2026-02-19T12:30:41","modified_gmt":"2026-02-19T14:30:41","slug":"foco-panel-embutido-redondo-18w-plateado-luz-neutra-4000k","status":"publish","type":"product","link":"https:\/\/www.tiendaled.cl\/?product=foco-panel-embutido-redondo-18w-plateado-luz-neutra-4000k","title":{"rendered":"Foco Panel Embutido Redondo 18w Plateado Luz Neutra 4000k"},"content":{"rendered":"<p>Foco Panel led ultrafino de techo embutido 18w<\/p>\n<p>El foco panel embutido gris crea la iluminaci\u00f3n general c\u00e1lida y acogedora perfecta sin ning\u00fan deslumbramiento o zumbido molesto<\/p>\n<p>Amplias aplicaciones, perfecto para pasillos, sala de estar, cocinas, dormitorio, comedor, oficina y muchas m\u00e1s aplicaciones comerciales o residenciales<\/p>\n<p>Fabricado con aleaci\u00f3n de aluminio fundido, elegante downlight europeo empotrado \/ l\u00e1mparas de techo LED \/ focos, con nuevo dise\u00f1o de radiador, para alargar su vida \u00fatil.<\/p>\n<p>L\u00e1mpara de techo empotrada para reemplazar la amlletas hal\u00f3gena de hastas 120w proporcionando mucha m\u00e1s salida de l\u00famenes, sin mercurio y sin radiaci\u00f3n UV e IR, distribuci\u00f3n de luz de \u00e1ngulo amplio de haz de 180 grados, luz superbrillante, ahorra energ\u00eda y reduce los costos el\u00e9ctricos.<\/p>\n<p>Su dise\u00f1o compacto de perfil bajo es discreto y atractivo, utiliza cables de conexi\u00f3n de par macho y hembra, muy f\u00e1cil de instalar, no disminuye la altura del suelo, proporcionando m\u00e1s espacio y no da\u00f1a el techo.<\/p>\n<p>Potencia: 18W<br \/>\nlumenes: 2050<br \/>\nAlimentaci\u00f3n: 220V<br \/>\n\u00c1ngulo de Apertura: 180\u00b0<br \/>\nColor: 4000K\u00b0 Luz Neutra<\/p>\n<p>Tama\u00f1o del foco: 19cm de corte y 22cm<br \/>\nVida \u00fatil: 30.000 horas<br \/>\nProtecci\u00f3n: IP45<br \/>\nMaterial: Aluminio<\/p>\n","protected":false},"excerpt":{"rendered":"<p>Foco Panel led ultrafino de techo embutido 18w El foco panel embutido gris crea la iluminaci\u00f3n general c\u00e1lida y acogedora perfecta sin ning\u00fan deslumbramiento o zumbido molesto Amplias aplicaciones, perfecto para pasillos, sala de estar, cocinas, dormitorio, comedor, oficina y muchas m\u00e1s aplicaciones comerciales o residenciales Fabricado con aleaci\u00f3n de aluminio fundido, elegante downlight europeo [&#8230;]\n","protected":false},"featured_media":59196,"comment_status":"open","ping_status":"closed","template":"","meta":{"_joinchat":[]},"product_brand":[],"product_cat":[92,94,96,101],"product_tag":[345,342,265,343,339,344,193],"class_list":{"0":"post-59234","1":"product","2":"type-product","3":"status-publish","4":"has-post-thumbnail","6":"product_cat-productos-led","7":"product_cat-plafones-led","8":"product_cat-paneles-led","9":"product_cat-luminaria-led","10":"product_tag-4000k","11":"product_tag-foco-embutido","12":"product_tag-foco-led","13":"product_tag-foco-led-18w","14":"product_tag-foco-led-redondo","15":"product_tag-luz-neutra","16":"product_tag-plafon","18":"first","19":"instock","20":"shipping-taxable","21":"purchasable","22":"product-type-simple"},"_links":{"self":[{"href":"https:\/\/www.tiendaled.cl\/index.php?rest_route=\/wp\/v2\/product\/59234","targetHints":{"allow":["GET"]}}],"collection":[{"href":"https:\/\/www.tiendaled.cl\/index.php?rest_route=\/wp\/v2\/product"}],"about":[{"href":"https:\/\/www.tiendaled.cl\/index.php?rest_route=\/wp\/v2\/types\/product"}],"replies":[{"embeddable":true,"href":"https:\/\/www.tiendaled.cl\/index.php?rest_route=%2Fwp%2Fv2%2Fcomments&post=59234"}],"wp:featuredmedia":[{"embeddable":true,"href":"https:\/\/www.tiendaled.cl\/index.php?rest_route=\/wp\/v2\/media\/59196"}],"wp:attachment":[{"href":"https:\/\/www.tiendaled.cl\/index.php?rest_route=%2Fwp%2Fv2%2Fmedia&parent=59234"}],"wp:term":[{"taxonomy":"product_brand","embeddable":true,"href":"https:\/\/www.tiendaled.cl\/index.php?rest_route=%2Fwp%2Fv2%2Fproduct_brand&post=59234"},{"taxonomy":"product_cat","embeddable":true,"href":"https:\/\/www.tiendaled.cl\/index.php?rest_route=%2Fwp%2Fv2%2Fproduct_cat&post=59234"},{"taxonomy":"product_tag","embeddable":true,"href":"https:\/\/www.tiendaled.cl\/index.php?rest_route=%2Fwp%2Fv2%2Fproduct_tag&post=59234"}],"curies":[{"name":"wp","href":"https:\/\/api.w.org\/{rel}","templated":true}]}}