{"id":5401,"date":"2019-07-17T11:08:25","date_gmt":"2019-07-17T13:08:25","guid":{"rendered":"https:\/\/www.tiendaled.cl\/?post_type=product&#038;p=5401"},"modified":"2024-04-23T20:48:11","modified_gmt":"2024-04-23T22:48:11","slug":"lampara-de-sobremesa-diseno-banquero","status":"publish","type":"product","link":"https:\/\/www.tiendaled.cl\/?product=lampara-de-sobremesa-diseno-banquero","title":{"rendered":"Lampara De Sobremesa, Dise\u00f1o Banquero"},"content":{"rendered":"<p>L\u00e1mpara de sobremesa de estilo escritorio de banquero con acabado de efecto lat\u00f3n antiguo &#8211; con una pantalla verde que filtra la luz<br \/>\nIdeal para el estudio, la lectura, escribir o realizar manualidades &#8211; en la sala de estar, dormitorio, recibidor o en la oficina<br \/>\nSus medidas: 370mm de altura x 270mm de ancho x 180mm de grosor<br \/>\nRequiere una ampolleta max de 40w ES E27 (no se incluye).<br \/>\nRecomendamos el uso de ampolletas LED de bajo consumo<br \/>\nEsta l\u00e1mpara de escritorio de banquero incorpora un c\u00f3modo interruptor en el propio cable<\/p>\n<p>Disponible en color verde y blanco<\/p>\n","protected":false},"excerpt":{"rendered":"<p>L\u00e1mpara de sobremesa de estilo escritorio de banquero con acabado de efecto lat\u00f3n antiguo &#8211; con una pantalla verde que filtra la luz Ideal para el estudio, la lectura, escribir o realizar manualidades &#8211; en la sala de estar, dormitorio, recibidor o en la oficina Sus medidas: 370mm de altura x 270mm de ancho x [&#8230;]\n","protected":false},"featured_media":5402,"comment_status":"open","ping_status":"closed","template":"","meta":{"_joinchat":[]},"product_brand":[],"product_cat":[103,109,110],"product_tag":[120,128,129,124],"class_list":{"0":"post-5401","1":"product","2":"type-product","3":"status-publish","4":"has-post-thumbnail","6":"product_cat-lamparas-y-apliques","7":"product_cat-lamparas-de-mesa","8":"product_cat-lamparas-de-pie","9":"product_tag-lampara","10":"product_tag-lampara-mesa","11":"product_tag-lampara-velador","12":"product_tag-lampara-vintage","14":"first","15":"instock","16":"shipping-taxable","17":"purchasable","18":"product-type-simple"},"_links":{"self":[{"href":"https:\/\/www.tiendaled.cl\/index.php?rest_route=\/wp\/v2\/product\/5401","targetHints":{"allow":["GET"]}}],"collection":[{"href":"https:\/\/www.tiendaled.cl\/index.php?rest_route=\/wp\/v2\/product"}],"about":[{"href":"https:\/\/www.tiendaled.cl\/index.php?rest_route=\/wp\/v2\/types\/product"}],"replies":[{"embeddable":true,"href":"https:\/\/www.tiendaled.cl\/index.php?rest_route=%2Fwp%2Fv2%2Fcomments&post=5401"}],"wp:featuredmedia":[{"embeddable":true,"href":"https:\/\/www.tiendaled.cl\/index.php?rest_route=\/wp\/v2\/media\/5402"}],"wp:attachment":[{"href":"https:\/\/www.tiendaled.cl\/index.php?rest_route=%2Fwp%2Fv2%2Fmedia&parent=5401"}],"wp:term":[{"taxonomy":"product_brand","embeddable":true,"href":"https:\/\/www.tiendaled.cl\/index.php?rest_route=%2Fwp%2Fv2%2Fproduct_brand&post=5401"},{"taxonomy":"product_cat","embeddable":true,"href":"https:\/\/www.tiendaled.cl\/index.php?rest_route=%2Fwp%2Fv2%2Fproduct_cat&post=5401"},{"taxonomy":"product_tag","embeddable":true,"href":"https:\/\/www.tiendaled.cl\/index.php?rest_route=%2Fwp%2Fv2%2Fproduct_tag&post=5401"}],"curies":[{"name":"wp","href":"https:\/\/api.w.org\/{rel}","templated":true}]}}