{"id":51340,"date":"2023-07-31T23:56:46","date_gmt":"2023-08-01T01:56:46","guid":{"rendered":"https:\/\/www.tiendaled.cl\/?post_type=product&#038;p=51340"},"modified":"2025-08-24T20:12:33","modified_gmt":"2025-08-24T22:12:33","slug":"aplique-led-barra-lineal-9w-ip44-dorado","status":"publish","type":"product","link":"https:\/\/www.tiendaled.cl\/?product=aplique-led-barra-lineal-9w-ip44-dorado","title":{"rendered":"Aplique Led Barra Lineal 9w Ip44 Dorado"},"content":{"rendered":"<p>Aplique Barra Led lineal cromo de 9W para zonas de ba\u00f1o, grado de protecci\u00f3n IP44<br \/>\nCon 3 posibilidades de instalaci\u00f3n; sobre espejo, en la pared \u00f3 sobre armario.<\/p>\n<p>El Aplique de Espejo Led 9W Ba\u00f1o IP44 300mm, tiene un dise\u00f1o lineal moderno<\/p>\n<p>3 Posibilidades de montaje: Anclaje sobre espejo, Montaje atornillado sobre armario. &#8211; Montaje sobre pared.<br \/>\nPuede instalarse mediante su anclaje posterior directamente a un espejo de ba\u00f1o<br \/>\nTrae un accesorio adicional que se inserta en su base, para el montaje tanto en pared con tacos \u00f3 sobre un armario de ba\u00f1o con tornillos<br \/>\nFabricado en cuerpo de aluminio y difusor de policarbonato, de buena calidad, posee chip Led SMD2835, de larga vida \u00fatil, y excelente luminosidad con 810 l\u00famenes de flujo luminoso.<\/p>\n<p>El difusor opalizado emite una luz lineal agradable en un tono natural de 4000\u00baK.<br \/>\nVentajas y Caracter\u00edsticas:<\/p>\n<p>De f\u00e1cil instalaci\u00f3n<br \/>\nDise\u00f1o moderno<br \/>\nAhorro energ\u00e9tico Led<br \/>\nPreparado zonas h\u00famedas<br \/>\nMaterial: Aluminio y PC<br \/>\nDimensiones: 106x42x350mm<br \/>\nTemperatura de color 4000\u00baK<br \/>\nGrado de Protecci\u00f3n: IP 44<br \/>\nPotencia: 9W<\/p>\n","protected":false},"excerpt":{"rendered":"<p>Aplique Barra Led lineal cromo de 9W para zonas de ba\u00f1o, grado de protecci\u00f3n IP44 Con 3 posibilidades de instalaci\u00f3n; sobre espejo, en la pared \u00f3 sobre armario. El Aplique de Espejo Led 9W Ba\u00f1o IP44 300mm, tiene un dise\u00f1o lineal moderno 3 Posibilidades de montaje: Anclaje sobre espejo, Montaje atornillado sobre armario. &#8211; Montaje [&#8230;]\n","protected":false},"featured_media":51345,"comment_status":"open","ping_status":"closed","template":"","meta":{"_joinchat":[]},"product_brand":[],"product_cat":[103,106,108],"product_tag":[132,120,335,336,287],"class_list":{"0":"post-51340","1":"product","2":"type-product","3":"status-publish","4":"has-post-thumbnail","6":"product_cat-lamparas-y-apliques","7":"product_cat-apliques","8":"product_cat-lamparas-de-muro","9":"product_tag-aplique-muro","10":"product_tag-lampara","11":"product_tag-lampara-led","12":"product_tag-lampara-linea","13":"product_tag-lampara-tocador","15":"first","16":"instock","17":"shipping-taxable","18":"purchasable","19":"product-type-simple"},"_links":{"self":[{"href":"https:\/\/www.tiendaled.cl\/index.php?rest_route=\/wp\/v2\/product\/51340","targetHints":{"allow":["GET"]}}],"collection":[{"href":"https:\/\/www.tiendaled.cl\/index.php?rest_route=\/wp\/v2\/product"}],"about":[{"href":"https:\/\/www.tiendaled.cl\/index.php?rest_route=\/wp\/v2\/types\/product"}],"replies":[{"embeddable":true,"href":"https:\/\/www.tiendaled.cl\/index.php?rest_route=%2Fwp%2Fv2%2Fcomments&post=51340"}],"wp:featuredmedia":[{"embeddable":true,"href":"https:\/\/www.tiendaled.cl\/index.php?rest_route=\/wp\/v2\/media\/51345"}],"wp:attachment":[{"href":"https:\/\/www.tiendaled.cl\/index.php?rest_route=%2Fwp%2Fv2%2Fmedia&parent=51340"}],"wp:term":[{"taxonomy":"product_brand","embeddable":true,"href":"https:\/\/www.tiendaled.cl\/index.php?rest_route=%2Fwp%2Fv2%2Fproduct_brand&post=51340"},{"taxonomy":"product_cat","embeddable":true,"href":"https:\/\/www.tiendaled.cl\/index.php?rest_route=%2Fwp%2Fv2%2Fproduct_cat&post=51340"},{"taxonomy":"product_tag","embeddable":true,"href":"https:\/\/www.tiendaled.cl\/index.php?rest_route=%2Fwp%2Fv2%2Fproduct_tag&post=51340"}],"curies":[{"name":"wp","href":"https:\/\/api.w.org\/{rel}","templated":true}]}}