{"id":49189,"date":"2023-07-24T00:15:35","date_gmt":"2023-07-24T02:15:35","guid":{"rendered":"https:\/\/www.tiendaled.cl\/?post_type=product&#038;p=49189"},"modified":"2024-04-01T21:53:18","modified_gmt":"2024-04-01T23:53:18","slug":"lampara-techo-moderna-dorada-10-brazos-modelo-sputnik-e27","status":"publish","type":"product","link":"https:\/\/www.tiendaled.cl\/?product=lampara-techo-moderna-dorada-10-brazos-modelo-sputnik-e27","title":{"rendered":"Lampara Techo Moderna Dorada 10 Brazos Modelo Sputnik E27"},"content":{"rendered":"<p>Cree una atm\u00f3sfera rom\u00e1ntica y elegante<br \/>\nIluminaci\u00f3n c\u00e1lida y confortable<\/p>\n<p>Ideal para se instalada en la sala de estar, Living Comedor, el estudio, la oficina, o cualquier lugar de la casa que necesite un dise\u00f1o moderno<br \/>\nEsta fascinante lampara es adecuada para muchas decoraciones, especialmente para aquello espacios que necesitan mucha iluminacion.<\/p>\n<p>F\u00e1cil de instalar<br \/>\nFabricada en material resistente<\/p>\n<p>Material del cuerpo ligero: hierro<br \/>\nMaterial de sombra: vidrio<br \/>\nProceso: lijado por pulverizaci\u00f3n.<br \/>\nTipo de soquete : E27 para ampolletas tradicionales<br \/>\nCantidad de fuentes de luz: 10<br \/>\n\u00c1rea de irradiaci\u00f3n: 30m2-40m2.<br \/>\nVoltaje: 111V ~ 240V (inclusive).<\/p>\n<p>25cm de alto<br \/>\n90cm de ancho<\/p>\n<p>Peso 4,5kg<\/p>\n","protected":false},"excerpt":{"rendered":"<p>Cree una atm\u00f3sfera rom\u00e1ntica y elegante Iluminaci\u00f3n c\u00e1lida y confortable Ideal para se instalada en la sala de estar, Living Comedor, el estudio, la oficina, o cualquier lugar de la casa que necesite un dise\u00f1o moderno Esta fascinante lampara es adecuada para muchas decoraciones, especialmente para aquello espacios que necesitan mucha iluminacion. F\u00e1cil de instalar [&#8230;]\n","protected":false},"featured_media":49190,"comment_status":"open","ping_status":"closed","template":"","meta":{"_joinchat":[]},"product_brand":[],"product_cat":[192,103,105],"product_tag":[120,334,333,126,177,252],"class_list":{"0":"post-49189","1":"product","2":"type-product","3":"status-publish","4":"has-post-thumbnail","6":"product_cat-lamparas-techo","7":"product_cat-lamparas-y-apliques","8":"product_cat-lamparas-vintage","9":"product_tag-lampara","10":"product_tag-lampara-10-ampolletas","11":"product_tag-lampara-10-brazos","12":"product_tag-lampara-dorada","13":"product_tag-lampara-moderna","14":"product_tag-lampara-sputnik","16":"first","17":"instock","18":"shipping-taxable","19":"purchasable","20":"product-type-simple"},"_links":{"self":[{"href":"https:\/\/www.tiendaled.cl\/index.php?rest_route=\/wp\/v2\/product\/49189","targetHints":{"allow":["GET"]}}],"collection":[{"href":"https:\/\/www.tiendaled.cl\/index.php?rest_route=\/wp\/v2\/product"}],"about":[{"href":"https:\/\/www.tiendaled.cl\/index.php?rest_route=\/wp\/v2\/types\/product"}],"replies":[{"embeddable":true,"href":"https:\/\/www.tiendaled.cl\/index.php?rest_route=%2Fwp%2Fv2%2Fcomments&post=49189"}],"wp:featuredmedia":[{"embeddable":true,"href":"https:\/\/www.tiendaled.cl\/index.php?rest_route=\/wp\/v2\/media\/49190"}],"wp:attachment":[{"href":"https:\/\/www.tiendaled.cl\/index.php?rest_route=%2Fwp%2Fv2%2Fmedia&parent=49189"}],"wp:term":[{"taxonomy":"product_brand","embeddable":true,"href":"https:\/\/www.tiendaled.cl\/index.php?rest_route=%2Fwp%2Fv2%2Fproduct_brand&post=49189"},{"taxonomy":"product_cat","embeddable":true,"href":"https:\/\/www.tiendaled.cl\/index.php?rest_route=%2Fwp%2Fv2%2Fproduct_cat&post=49189"},{"taxonomy":"product_tag","embeddable":true,"href":"https:\/\/www.tiendaled.cl\/index.php?rest_route=%2Fwp%2Fv2%2Fproduct_tag&post=49189"}],"curies":[{"name":"wp","href":"https:\/\/api.w.org\/{rel}","templated":true}]}}