{"id":4886,"date":"2019-07-07T18:46:48","date_gmt":"2019-07-07T20:46:48","guid":{"rendered":"http:\/\/www.tiendaled.cl\/?post_type=product&#038;p=4886"},"modified":"2025-06-02T22:35:42","modified_gmt":"2025-06-03T00:35:42","slug":"lampara-techo-hierro-geometrica","status":"publish","type":"product","link":"https:\/\/www.tiendaled.cl\/?product=lampara-techo-hierro-geometrica","title":{"rendered":"Lampara Techo Hierro Geometrica"},"content":{"rendered":"<p>Lampara de techo dise\u00f1o geometrico<\/p>\n<p>Dise\u00f1o moderno con estilo \u00fanico<br \/>\nIncluye una ampolleta led vintage de filamento de 4W<br \/>\nSoquete tradicional E27<br \/>\nLampara fabricada en hierro de color negro y forma geometrica.<br \/>\nIdeal para ser usada en la cocina, el comedor, dormitorios o cualquier lugar de la casa que requiera un toque de estilo unico<br \/>\nF\u00e1cil de Instalar, textura cl\u00e1sica, dise\u00f1o a ras, atm\u00f3sfera de decoraci\u00f3n perfecta<br \/>\nVoltaje: 220 V<br \/>\nDimensiones: 150 mm * H 170 mm;<br \/>\nLargo del cable 1m<br \/>\nColor Negro<\/p>\n","protected":false},"excerpt":{"rendered":"<p>Lampara de techo dise\u00f1o geometrico Dise\u00f1o moderno con estilo \u00fanico Incluye una ampolleta led vintage de filamento de 4W Soquete tradicional E27 Lampara fabricada en hierro de color negro y forma geometrica. Ideal para ser usada en la cocina, el comedor, dormitorios o cualquier lugar de la casa que requiera un toque de estilo unico [&#8230;]\n","protected":false},"featured_media":4887,"comment_status":"open","ping_status":"closed","template":"","meta":{"_joinchat":[]},"product_brand":[],"product_cat":[425,103,111,105],"product_tag":[120,122,147,148,124],"class_list":{"0":"post-4886","1":"product","2":"type-product","3":"status-publish","4":"has-post-thumbnail","6":"product_cat-ofertas","7":"product_cat-lamparas-y-apliques","8":"product_cat-lamparas-colgantes","9":"product_cat-lamparas-vintage","10":"product_tag-lampara","11":"product_tag-lampara-colgante","12":"product_tag-lampara-rustica","13":"product_tag-lampara-techo","14":"product_tag-lampara-vintage","16":"first","17":"instock","18":"sale","19":"shipping-taxable","20":"purchasable","21":"product-type-simple"},"_links":{"self":[{"href":"https:\/\/www.tiendaled.cl\/index.php?rest_route=\/wp\/v2\/product\/4886","targetHints":{"allow":["GET"]}}],"collection":[{"href":"https:\/\/www.tiendaled.cl\/index.php?rest_route=\/wp\/v2\/product"}],"about":[{"href":"https:\/\/www.tiendaled.cl\/index.php?rest_route=\/wp\/v2\/types\/product"}],"replies":[{"embeddable":true,"href":"https:\/\/www.tiendaled.cl\/index.php?rest_route=%2Fwp%2Fv2%2Fcomments&post=4886"}],"wp:featuredmedia":[{"embeddable":true,"href":"https:\/\/www.tiendaled.cl\/index.php?rest_route=\/wp\/v2\/media\/4887"}],"wp:attachment":[{"href":"https:\/\/www.tiendaled.cl\/index.php?rest_route=%2Fwp%2Fv2%2Fmedia&parent=4886"}],"wp:term":[{"taxonomy":"product_brand","embeddable":true,"href":"https:\/\/www.tiendaled.cl\/index.php?rest_route=%2Fwp%2Fv2%2Fproduct_brand&post=4886"},{"taxonomy":"product_cat","embeddable":true,"href":"https:\/\/www.tiendaled.cl\/index.php?rest_route=%2Fwp%2Fv2%2Fproduct_cat&post=4886"},{"taxonomy":"product_tag","embeddable":true,"href":"https:\/\/www.tiendaled.cl\/index.php?rest_route=%2Fwp%2Fv2%2Fproduct_tag&post=4886"}],"curies":[{"name":"wp","href":"https:\/\/api.w.org\/{rel}","templated":true}]}}