{"id":46303,"date":"2023-06-30T16:29:50","date_gmt":"2023-06-30T18:29:50","guid":{"rendered":"https:\/\/www.tiendaled.cl\/?post_type=product&#038;p=46303"},"modified":"2024-09-08T23:28:52","modified_gmt":"2024-09-09T01:28:52","slug":"foco-campana-led-ufo-200w-6000k-grafito-y-policarbonato","status":"publish","type":"product","link":"https:\/\/www.tiendaled.cl\/?product=foco-campana-led-ufo-200w-6000k-grafito-y-policarbonato","title":{"rendered":"Foco Campana Led Ufo 200w 6000k Grafito Y Policarbonato"},"content":{"rendered":"<p>Nueva campana led Industrial UFO de 200W<br \/>\nFabricada en Grafito y Policarbonato, mejorando su vida util<\/p>\n<p>La campana Industrial Serie UFO para reemplazar las antiguas campanas industriales. Destaca por su larga vida \u00fatil y su gran<br \/>\npotencia lum\u00ednica de amplia cobertura por lo que es ideal para espacios amplios y de gran altura.<br \/>\nLuminaria compacta de luz blanca, con 24000 lumens.<br \/>\nDise\u00f1ada para f\u00e1bricas, almacenes, talleres, naves industriales, parkings, supermercados, gasolineras, salas de exposiciones, gimnasios, peajes, etc&#8230;<\/p>\n<p>Altamente eficiente y de bajo consumo, puede reemplazar las l\u00e1mparas tradicionales como las l\u00e1mparas de halogenuros<br \/>\nmet\u00e1licos y las l\u00e1mparas de sodio<br \/>\nUnidad de corriente constante aislada, sin demora en el arranque.<br \/>\nFuente de alimentaci\u00f3n incorporada con protecci\u00f3n contra cortocircuitos, protecci\u00f3n contra sobrecarga, protecci\u00f3n contra sobretensi\u00f3n, rango de voltaje amplio (AC180V-240V)<br \/>\nF\u00e1cil de instalar y ampliamente utilizado<br \/>\nVerde, ecol\u00f3gico, libre de plomo, mercurio y otros contaminantes<br \/>\nReflector de alta calidad y disipador de calor, con superficie inoxidable, y anticorrosiva;<\/p>\n<p>Con chips SMD Sanan3030 que garantiza una larga vida a la luminaria. Los LED en alumbrado industrial proporciona un gran ahorro de<br \/>\nenerg\u00eda y larga vida.<\/p>\n","protected":false},"excerpt":{"rendered":"<p>Nueva campana led Industrial UFO de 200W Fabricada en Grafito y Policarbonato, mejorando su vida util La campana Industrial Serie UFO para reemplazar las antiguas campanas industriales. Destaca por su larga vida \u00fatil y su gran potencia lum\u00ednica de amplia cobertura por lo que es ideal para espacios amplios y de gran altura. Luminaria compacta [&#8230;]\n","protected":false},"featured_media":46313,"comment_status":"open","ping_status":"closed","template":"","meta":{"_joinchat":[]},"product_brand":[],"product_cat":[92,94,96,98,99,101,118],"product_tag":[324,323,265,321,322],"class_list":{"0":"post-46303","1":"product","2":"type-product","3":"status-publish","4":"has-post-thumbnail","6":"product_cat-productos-led","7":"product_cat-plafones-led","8":"product_cat-paneles-led","9":"product_cat-proyectores-led","10":"product_cat-campanas-led","11":"product_cat-luminaria-led","12":"product_cat-proyecto-de-iluminacion","13":"product_tag-foco-200w","14":"product_tag-foco-industrial","15":"product_tag-foco-led","16":"product_tag-foco-ufo","17":"product_tag-ufo","19":"first","20":"instock","21":"shipping-taxable","22":"purchasable","23":"product-type-simple"},"_links":{"self":[{"href":"https:\/\/www.tiendaled.cl\/index.php?rest_route=\/wp\/v2\/product\/46303","targetHints":{"allow":["GET"]}}],"collection":[{"href":"https:\/\/www.tiendaled.cl\/index.php?rest_route=\/wp\/v2\/product"}],"about":[{"href":"https:\/\/www.tiendaled.cl\/index.php?rest_route=\/wp\/v2\/types\/product"}],"replies":[{"embeddable":true,"href":"https:\/\/www.tiendaled.cl\/index.php?rest_route=%2Fwp%2Fv2%2Fcomments&post=46303"}],"wp:featuredmedia":[{"embeddable":true,"href":"https:\/\/www.tiendaled.cl\/index.php?rest_route=\/wp\/v2\/media\/46313"}],"wp:attachment":[{"href":"https:\/\/www.tiendaled.cl\/index.php?rest_route=%2Fwp%2Fv2%2Fmedia&parent=46303"}],"wp:term":[{"taxonomy":"product_brand","embeddable":true,"href":"https:\/\/www.tiendaled.cl\/index.php?rest_route=%2Fwp%2Fv2%2Fproduct_brand&post=46303"},{"taxonomy":"product_cat","embeddable":true,"href":"https:\/\/www.tiendaled.cl\/index.php?rest_route=%2Fwp%2Fv2%2Fproduct_cat&post=46303"},{"taxonomy":"product_tag","embeddable":true,"href":"https:\/\/www.tiendaled.cl\/index.php?rest_route=%2Fwp%2Fv2%2Fproduct_tag&post=46303"}],"curies":[{"name":"wp","href":"https:\/\/api.w.org\/{rel}","templated":true}]}}